{"id":194972,"date":"2022-04-20T12:55:09","date_gmt":"2022-04-20T10:55:09","guid":{"rendered":"https:\/\/www.qxworld.eu\/woo_spgw_iframe-4"},"modified":"2022-04-20T12:55:09","modified_gmt":"2022-04-20T10:55:09","slug":"woo_spgw_iframe-4","status":"publish","type":"page","link":"https:\/\/www.qxworld.eu\/hu\/woo_spgw_iframe-4\/","title":{"rendered":"Saferpay P\u00e9nzt\u00e1r"},"content":{"rendered":"Sajn\u00e1lom \u00c9rv\u00e9nytelen adat","protected":false},"excerpt":{"rendered":"","protected":false},"author":0,"featured_media":0,"parent":0,"menu_order":0,"comment_status":"closed","ping_status":"closed","template":"","meta":{"_acf_changed":false,"_seopress_robots_primary_cat":"","_seopress_titles_title":"","_seopress_titles_desc":"","_seopress_robots_index":"","footnotes":""},"class_list":["post-194972","page","type-page","status-publish","hentry"],"acf":[],"_links":{"self":[{"href":"https:\/\/www.qxworld.eu\/hu\/wp-json\/wp\/v2\/pages\/194972","targetHints":{"allow":["GET"]}}],"collection":[{"href":"https:\/\/www.qxworld.eu\/hu\/wp-json\/wp\/v2\/pages"}],"about":[{"href":"https:\/\/www.qxworld.eu\/hu\/wp-json\/wp\/v2\/types\/page"}],"replies":[{"embeddable":true,"href":"https:\/\/www.qxworld.eu\/hu\/wp-json\/wp\/v2\/comments?post=194972"}],"version-history":[{"count":0,"href":"https:\/\/www.qxworld.eu\/hu\/wp-json\/wp\/v2\/pages\/194972\/revisions"}],"wp:attachment":[{"href":"https:\/\/www.qxworld.eu\/hu\/wp-json\/wp\/v2\/media?parent=194972"}],"curies":[{"name":"wp","href":"https:\/\/api.w.org\/{rel}","templated":true}]}}