{"id":207553,"date":"2023-05-20T00:56:04","date_gmt":"2023-05-19T22:56:04","guid":{"rendered":"https:\/\/www.qxworld.eu\/?page_id=207553"},"modified":"2024-09-13T01:28:58","modified_gmt":"2024-09-12T23:28:58","slug":"the-biofeedback-book-koszonjuk-a-letoltest","status":"publish","type":"page","link":"https:\/\/www.qxworld.eu\/hu\/the-biofeedback-book-thank-you-for-downloading\/","title":{"rendered":"The Biofeedback Book - K\u00f6sz\u00f6nj\u00fck a let\u00f6lt\u00e9st!"},"content":{"rendered":"<div data-elementor-type=\"wp-page\" data-elementor-id=\"207553\" class=\"elementor elementor-207553\" data-elementor-post-type=\"page\">\n\t\t\t\t\t\t<section class=\"elementor-section elementor-top-section elementor-element elementor-element-29667a66 elementor-section-boxed elementor-section-height-default elementor-section-height-default\" data-id=\"29667a66\" data-element_type=\"section\" data-e-type=\"section\" data-settings=\"{&quot;jet_parallax_layout_list&quot;:[],&quot;background_background&quot;:&quot;classic&quot;}\">\n\t\t\t\t\t\t<div class=\"elementor-container elementor-column-gap-default\">\n\t\t\t\t\t<div class=\"elementor-column elementor-col-33 elementor-top-column elementor-element elementor-element-108fb36\" data-id=\"108fb36\" data-element_type=\"column\" data-e-type=\"column\">\n\t\t\t<div class=\"elementor-widget-wrap\">\n\t\t\t\t\t\t\t<\/div>\n\t\t<\/div>\n\t\t\t\t<div class=\"elementor-column elementor-col-33 elementor-top-column elementor-element elementor-element-5094af8a\" data-id=\"5094af8a\" data-element_type=\"column\" data-e-type=\"column\" data-settings=\"{&quot;background_background&quot;:&quot;classic&quot;}\">\n\t\t\t<div class=\"elementor-widget-wrap elementor-element-populated\">\n\t\t\t\t\t\t<div class=\"elementor-element elementor-element-895e5c7 elementor-widget elementor-widget-text-editor\" data-id=\"895e5c7\" data-element_type=\"widget\" data-e-type=\"widget\" data-widget_type=\"text-editor.default\">\n\t\t\t\t<div class=\"elementor-widget-container\">\n\t\t\t\t\t\t\t\t\t<p>K\u00f6sz\u00f6n\u00f6m.<br \/>let\u00f6lt\u00e9shez<br \/>A Biofeedback k\u00f6nyv.<\/p>\t\t\t\t\t\t\t\t<\/div>\n\t\t\t\t<\/div>\n\t\t\t\t<div class=\"elementor-element elementor-element-7e6ea12c elementor-widget elementor-widget-heading\" data-id=\"7e6ea12c\" data-element_type=\"widget\" data-e-type=\"widget\" data-widget_type=\"heading.default\">\n\t\t\t\t<div class=\"elementor-widget-container\">\n\t\t\t\t\t<div class=\"elementor-heading-title elementor-size-default\">Elk\u00fcldt\u00fck a p\u00e9ld\u00e1nyt az \u00d6n \u00e1ltal megadott e-mail c\u00edmre.<\/div>\t\t\t\t<\/div>\n\t\t\t\t<\/div>\n\t\t\t\t<div class=\"elementor-element elementor-element-fc88408 elementor-widget elementor-widget-heading\" data-id=\"fc88408\" data-element_type=\"widget\" data-e-type=\"widget\" data-widget_type=\"heading.default\">\n\t\t\t\t<div class=\"elementor-widget-container\">\n\t\t\t\t\t<div class=\"elementor-heading-title elementor-size-default\">vagy<\/div>\t\t\t\t<\/div>\n\t\t\t\t<\/div>\n\t\t\t\t<div class=\"elementor-element elementor-element-f737f96 elementor-widget elementor-widget-text-editor\" data-id=\"f737f96\" data-element_type=\"widget\" data-e-type=\"widget\" data-widget_type=\"text-editor.default\">\n\t\t\t\t<div class=\"elementor-widget-container\">\n\t\t\t\t\t\t\t\t\t<p><span class=\"ui-provider boj bok c d e f g h i j k l m n o p q r s t bol bom w x y z ab ac ae af ag ah ai aj ak\" dir=\"ltr\">az al\u00e1bbiakban let\u00f6ltheti az \u00d6n p\u00e9ld\u00e1ny\u00e1t\u00a0<\/span><\/p>\t\t\t\t\t\t\t\t<\/div>\n\t\t\t\t<\/div>\n\t\t\t\t<div class=\"elementor-element elementor-element-2e9c5b1 elementor-align-center elementor-widget elementor-widget-button\" data-id=\"2e9c5b1\" data-element_type=\"widget\" data-e-type=\"widget\" data-widget_type=\"button.default\">\n\t\t\t\t<div class=\"elementor-widget-container\">\n\t\t\t\t\t\t\t\t\t<div class=\"elementor-button-wrapper\">\n\t\t\t\t\t<a class=\"elementor-button elementor-button-link elementor-size-sm\" href=\"https:\/\/www.qxworld.eu\/download\/207830\/?tmstv=1685096822\">\n\t\t\t\t\t\t<span class=\"elementor-button-content-wrapper\">\n\t\t\t\t\t\t\t\t\t<span class=\"elementor-button-text\">Let\u00f6lt\u00e9s<\/span>\n\t\t\t\t\t<\/span>\n\t\t\t\t\t<\/a>\n\t\t\t\t<\/div>\n\t\t\t\t\t\t\t\t<\/div>\n\t\t\t\t<\/div>\n\t\t\t\t\t<\/div>\n\t\t<\/div>\n\t\t\t\t<div class=\"elementor-column elementor-col-33 elementor-top-column elementor-element elementor-element-0dd2f8d\" data-id=\"0dd2f8d\" data-element_type=\"column\" data-e-type=\"column\">\n\t\t\t<div class=\"elementor-widget-wrap\">\n\t\t\t\t\t\t\t<\/div>\n\t\t<\/div>\n\t\t\t\t\t<\/div>\n\t\t<\/section>\n\t\t\t\t<\/div>","protected":false},"excerpt":{"rendered":"<p>K\u00f6sz\u00f6nj\u00fck aThe Biofeedback Book let\u00f6lt\u00e9s\u00e9t. Elk\u00fcldt\u00fck a p\u00e9ld\u00e1nyt az \u00d6n \u00e1ltal megadott e-mail c\u00edmre, vagy let\u00f6ltheti az al\u00e1bbi let\u00f6lt\u00e9si lehet\u0151s\u00e9ggel Let\u00f6lt\u00e9s<\/p>","protected":false},"author":18,"featured_media":0,"parent":0,"menu_order":0,"comment_status":"closed","ping_status":"closed","template":"elementor_header_footer","meta":{"_acf_changed":false,"_seopress_robots_primary_cat":"","_seopress_titles_title":"","_seopress_titles_desc":"","_seopress_robots_index":"","footnotes":""},"class_list":["post-207553","page","type-page","status-publish","hentry"],"acf":[],"_links":{"self":[{"href":"https:\/\/www.qxworld.eu\/hu\/wp-json\/wp\/v2\/pages\/207553","targetHints":{"allow":["GET"]}}],"collection":[{"href":"https:\/\/www.qxworld.eu\/hu\/wp-json\/wp\/v2\/pages"}],"about":[{"href":"https:\/\/www.qxworld.eu\/hu\/wp-json\/wp\/v2\/types\/page"}],"author":[{"embeddable":true,"href":"https:\/\/www.qxworld.eu\/hu\/wp-json\/wp\/v2\/users\/18"}],"replies":[{"embeddable":true,"href":"https:\/\/www.qxworld.eu\/hu\/wp-json\/wp\/v2\/comments?post=207553"}],"version-history":[{"count":37,"href":"https:\/\/www.qxworld.eu\/hu\/wp-json\/wp\/v2\/pages\/207553\/revisions"}],"predecessor-version":[{"id":226817,"href":"https:\/\/www.qxworld.eu\/hu\/wp-json\/wp\/v2\/pages\/207553\/revisions\/226817"}],"wp:attachment":[{"href":"https:\/\/www.qxworld.eu\/hu\/wp-json\/wp\/v2\/media?parent=207553"}],"curies":[{"name":"wp","href":"https:\/\/api.w.org\/{rel}","templated":true}]}}