{"id":217268,"date":"2024-08-16T16:52:16","date_gmt":"2024-08-16T14:52:16","guid":{"rendered":"https:\/\/www.qxworld.eu\/?page_id=217268"},"modified":"2025-06-16T16:16:27","modified_gmt":"2025-06-16T14:16:27","slug":"ima-alkalmazas","status":"publish","type":"page","link":"https:\/\/www.qxworld.eu\/hu\/products\/prayer-app\/","title":{"rendered":"Im\u00e1ds\u00e1g alkalmaz\u00e1s"},"content":{"rendered":"<div data-elementor-type=\"wp-page\" data-elementor-id=\"217268\" class=\"elementor elementor-217268\" data-elementor-post-type=\"page\">\n\t\t\t\t<div class=\"elementor-element elementor-element-d49e75c e-flex e-con-boxed e-con e-parent\" data-id=\"d49e75c\" data-element_type=\"container\" data-e-type=\"container\" data-settings=\"{&quot;background_background&quot;:&quot;classic&quot;,&quot;jet_parallax_layout_list&quot;:[]}\">\n\t\t\t\t\t<div class=\"e-con-inner\">\n\t\t<div class=\"elementor-element elementor-element-0005cf0 e-con-full e-flex e-con e-child\" data-id=\"0005cf0\" data-element_type=\"container\" data-e-type=\"container\" data-settings=\"{&quot;jet_parallax_layout_list&quot;:[]}\">\n\t\t\t\t<div class=\"elementor-element elementor-element-c001b64 elementor-widget elementor-widget-image\" data-id=\"c001b64\" data-element_type=\"widget\" data-e-type=\"widget\" data-widget_type=\"image.default\">\n\t\t\t\t<div class=\"elementor-widget-container\">\n\t\t\t\t\t\t\t\t\t\t\t\t\t\t\t<img fetchpriority=\"high\" decoding=\"async\" width=\"477\" height=\"170\" src=\"https:\/\/www.qxworld.eu\/wp-content\/uploads\/2024\/08\/prayer-top-logo.png\" class=\"attachment-large size-large wp-image-217279\" alt=\"Sz\u00f6veges log\u00f3 Energy Air\" srcset=\"https:\/\/www.qxworld.eu\/wp-content\/uploads\/2024\/08\/prayer-top-logo.png 477w, https:\/\/www.qxworld.eu\/wp-content\/uploads\/2024\/08\/prayer-top-logo-300x107.png 300w, https:\/\/www.qxworld.eu\/wp-content\/uploads\/2024\/08\/prayer-top-logo-18x6.png 18w\" sizes=\"(max-width: 477px) 100vw, 477px\" \/>\t\t\t\t\t\t\t\t\t\t\t\t\t\t\t<\/div>\n\t\t\t\t<\/div>\n\t\t\t\t<\/div>\n\t\t<div class=\"elementor-element elementor-element-1f73045 e-con-full e-flex e-con e-child\" data-id=\"1f73045\" data-element_type=\"container\" data-e-type=\"container\" data-settings=\"{&quot;jet_parallax_layout_list&quot;:[]}\">\n\t\t\t\t<div class=\"elementor-element elementor-element-b95f4a6 elementor-widget elementor-widget-heading\" data-id=\"b95f4a6\" data-element_type=\"widget\" data-e-type=\"widget\" data-widget_type=\"heading.default\">\n\t\t\t\t<div class=\"elementor-widget-container\">\n\t\t\t\t\t<h1 class=\"elementor-heading-title elementor-size-default\">Im\u00e1ds\u00e1g 24\/7 Spiritu\u00e1lis<br \/> T\u00e1mogat\u00f3 szoftver<\/h1>\t\t\t\t<\/div>\n\t\t\t\t<\/div>\n\t\t\t\t<\/div>\n\t\t\t\t\t<\/div>\n\t\t\t\t<\/div>\n\t\t<div class=\"elementor-element elementor-element-f37a514 e-con-full e-flex e-con e-parent\" data-id=\"f37a514\" data-element_type=\"container\" data-e-type=\"container\" data-settings=\"{&quot;jet_parallax_layout_list&quot;:[]}\">\n\t\t\t\t<div class=\"elementor-element elementor-element-09e4aad elementor-widget elementor-widget-heading\" data-id=\"09e4aad\" data-element_type=\"widget\" data-e-type=\"widget\" data-widget_type=\"heading.default\">\n\t\t\t\t<div class=\"elementor-widget-container\">\n\t\t\t\t\t<h2 class=\"elementor-heading-title elementor-size-default\">Tapasztalja meg a spiritu\u00e1lis \u00e9s \u00e9rzelmi harm\u00f3ni\u00e1t, mint m\u00e9g soha azel\u0151tt az Im\u00e1val, amely a kulcs a m\u00e9ly relax\u00e1ci\u00f3hoz, a stressz cs\u00f6kkent\u00e9s\u00e9hez \u00e9s a kiegyens\u00falyozott \u00e9lethez.<\/h2>\t\t\t\t<\/div>\n\t\t\t\t<\/div>\n\t\t\t\t<\/div>\n\t\t<div class=\"elementor-element elementor-element-fbc9c4c e-flex e-con-boxed e-con e-parent\" data-id=\"fbc9c4c\" data-element_type=\"container\" data-e-type=\"container\" data-settings=\"{&quot;jet_parallax_layout_list&quot;:[]}\">\n\t\t\t\t\t<div class=\"e-con-inner\">\n\t\t<div class=\"elementor-element elementor-element-837963d e-con-full e-flex e-con e-child\" data-id=\"837963d\" data-element_type=\"container\" data-e-type=\"container\" data-settings=\"{&quot;jet_parallax_layout_list&quot;:[]}\">\n\t\t\t\t<div class=\"elementor-element elementor-element-ee4afa8 elementor-widget elementor-widget-heading\" data-id=\"ee4afa8\" data-element_type=\"widget\" data-e-type=\"widget\" data-widget_type=\"heading.default\">\n\t\t\t\t<div class=\"elementor-widget-container\">\n\t\t\t\t\t<h2 class=\"elementor-heading-title elementor-size-default\">\u00cdgy m\u0171k\u00f6dik<\/h2>\t\t\t\t<\/div>\n\t\t\t\t<\/div>\n\t\t\t\t<div class=\"elementor-element elementor-element-ebd2eeb elementor-widget elementor-widget-text-editor\" data-id=\"ebd2eeb\" data-element_type=\"widget\" data-e-type=\"widget\" data-widget_type=\"text-editor.default\">\n\t\t\t\t<div class=\"elementor-widget-container\">\n\t\t\t\t\t\t\t\t\t<p>A Prayer egy forradalmi szoftver, amelyet \u00fagy terveztek, hogy a Biofeedback k\u00e9sz\u00fcl\u00e9kt\u0151l f\u00fcggetlen\u00fcl, a h\u00e1tt\u00e9rben z\u00f6kken\u0151mentesen m\u0171k\u00f6dj\u00f6n a nap 24 \u00f3r\u00e1j\u00e1ban. Az egyes embereket k\u00f6r\u00fclvev\u0151 finom energiamez\u0151k koncepci\u00f3j\u00e1t kihaszn\u00e1lva ez az eszk\u00f6z a CPU \u00e1ltal gener\u00e1lt er\u0151teljes hololingvisztikai frekvenci\u00e1kat integr\u00e1lja, az \u00d6n \u00e9s \u00fcgyfelei egyedi bemeneteihez igaz\u00edtva.<\/p>\t\t\t\t\t\t\t\t<\/div>\n\t\t\t\t<\/div>\n\t\t\t\t<\/div>\n\t\t<div class=\"elementor-element elementor-element-c93c1d9 e-con-full e-flex e-con e-child\" data-id=\"c93c1d9\" data-element_type=\"container\" data-e-type=\"container\" data-settings=\"{&quot;background_background&quot;:&quot;classic&quot;,&quot;jet_parallax_layout_list&quot;:[]}\">\n\t\t\t\t<\/div>\n\t\t\t\t\t<\/div>\n\t\t\t\t<\/div>\n\t\t<div class=\"elementor-element elementor-element-17f64c9 e-flex e-con-boxed e-con e-parent\" data-id=\"17f64c9\" data-element_type=\"container\" data-e-type=\"container\" data-settings=\"{&quot;jet_parallax_layout_list&quot;:[]}\">\n\t\t\t\t\t<div class=\"e-con-inner\">\n\t\t<div class=\"elementor-element elementor-element-0661532 e-con-full e-flex e-con e-child\" data-id=\"0661532\" data-element_type=\"container\" data-e-type=\"container\" data-settings=\"{&quot;jet_parallax_layout_list&quot;:[]}\">\n\t\t\t\t<div class=\"elementor-element elementor-element-0f8a663 elementor-widget elementor-widget-heading\" data-id=\"0f8a663\" data-element_type=\"widget\" data-e-type=\"widget\" data-widget_type=\"heading.default\">\n\t\t\t\t<div class=\"elementor-widget-container\">\n\t\t\t\t\t<h2 class=\"elementor-heading-title elementor-size-default\">Fogadd el az \u0151si b\u00f6lcsess\u00e9get<\/h2>\t\t\t\t<\/div>\n\t\t\t\t<\/div>\n\t\t\t\t<div class=\"elementor-element elementor-element-d06c91b elementor-widget elementor-widget-text-editor\" data-id=\"d06c91b\" data-element_type=\"widget\" data-e-type=\"widget\" data-widget_type=\"text-editor.default\">\n\t\t\t\t<div class=\"elementor-widget-container\">\n\t\t\t\t\t\t\t\t\t<p>Fogadja be az \u0151si tibeti filoz\u00f3fi\u00e1t modern m\u00f3don az Im\u00e1val. Ez a szoftver lehet\u0151v\u00e9 teszi, hogy saj\u00e1t im\u00e1kat, mantr\u00e1kat \u00e9s meger\u0151s\u00edt\u00e9seket adjon hozz\u00e1, csoportos foglalkoz\u00e1sokat hozzon l\u00e9tre, \u00e9s szem\u00e9lyre szabja az \u00e9lm\u00e9nyt az ig\u00e9nyeinek megfelel\u0151en. Az inform\u00e1ci\u00f3k \u00e9s energetikai hull\u00e1mok kombin\u00e1ci\u00f3j\u00e1nak terjeszt\u00e9s\u00e9vel az Im\u00e1ds\u00e1g folyamatos pozit\u00edv energia\u00e1raml\u00e1st hoz az \u00e9let\u00e9be.<\/p>\t\t\t\t\t\t\t\t<\/div>\n\t\t\t\t<\/div>\n\t\t\t\t<\/div>\n\t\t<div class=\"elementor-element elementor-element-637c497 e-con-full e-flex e-con e-child\" data-id=\"637c497\" data-element_type=\"container\" data-e-type=\"container\" data-settings=\"{&quot;background_background&quot;:&quot;classic&quot;,&quot;jet_parallax_layout_list&quot;:[]}\">\n\t\t\t\t<\/div>\n\t\t\t\t\t<\/div>\n\t\t\t\t<\/div>\n\t\t<div class=\"elementor-element elementor-element-79ae133 e-con-full e-flex e-con e-parent\" data-id=\"79ae133\" data-element_type=\"container\" data-e-type=\"container\" data-settings=\"{&quot;jet_parallax_layout_list&quot;:[],&quot;background_background&quot;:&quot;classic&quot;}\">\n\t\t<div class=\"elementor-element elementor-element-e3e5833 e-flex e-con-boxed e-con e-child\" data-id=\"e3e5833\" data-element_type=\"container\" data-e-type=\"container\" data-settings=\"{&quot;jet_parallax_layout_list&quot;:[]}\">\n\t\t\t\t\t<div class=\"e-con-inner\">\n\t\t\t\t<div class=\"elementor-element elementor-element-fe0fbf8 elementor-widget elementor-widget-image\" data-id=\"fe0fbf8\" data-element_type=\"widget\" data-e-type=\"widget\" data-widget_type=\"image.default\">\n\t\t\t\t<div class=\"elementor-widget-container\">\n\t\t\t\t\t\t\t\t\t\t\t\t\t\t\t<img decoding=\"async\" width=\"300\" height=\"107\" src=\"https:\/\/www.qxworld.eu\/wp-content\/uploads\/2024\/08\/prayer-top-logo-300x107.png\" class=\"attachment-medium size-medium wp-image-217279\" alt=\"Sz\u00f6veges log\u00f3 Energy Air\" srcset=\"https:\/\/www.qxworld.eu\/wp-content\/uploads\/2024\/08\/prayer-top-logo-300x107.png 300w, https:\/\/www.qxworld.eu\/wp-content\/uploads\/2024\/08\/prayer-top-logo-18x6.png 18w, https:\/\/www.qxworld.eu\/wp-content\/uploads\/2024\/08\/prayer-top-logo.png 477w\" sizes=\"(max-width: 300px) 100vw, 300px\" \/>\t\t\t\t\t\t\t\t\t\t\t\t\t\t\t<\/div>\n\t\t\t\t<\/div>\n\t\t\t\t<div class=\"elementor-element elementor-element-5592119 elementor-widget elementor-widget-heading\" data-id=\"5592119\" data-element_type=\"widget\" data-e-type=\"widget\" data-widget_type=\"heading.default\">\n\t\t\t\t<div class=\"elementor-widget-container\">\n\t\t\t\t\t<h2 class=\"elementor-heading-title elementor-size-default\">Alak\u00edtsd \u00e1t spiritu\u00e1lis gyakorlataidat \u00e9s tal\u00e1ld meg az egyens\u00falyt mindennapi \u00e9letedben az Ima seg\u00edts\u00e9g\u00e9vel.<sup>\u00ae<\/sup><\/h2>\t\t\t\t<\/div>\n\t\t\t\t<\/div>\n\t\t\t\t<div class=\"elementor-element elementor-element-23a382d elementor-widget elementor-widget-text-editor\" data-id=\"23a382d\" data-element_type=\"widget\" data-e-type=\"widget\" data-widget_type=\"text-editor.default\">\n\t\t\t\t<div class=\"elementor-widget-container\">\n\t\t\t\t\t\t\t\t\t<p>Indulj el a bels\u0151 b\u00e9k\u00e9hez vezet\u0151 \u00faton m\u00e9g ma.<\/p>\t\t\t\t\t\t\t\t<\/div>\n\t\t\t\t<\/div>\n\t\t\t\t<div class=\"elementor-element elementor-element-3314a50 elementor-align-center elementor-widget elementor-widget-button\" data-id=\"3314a50\" data-element_type=\"widget\" data-e-type=\"widget\" data-widget_type=\"button.default\">\n\t\t\t\t<div class=\"elementor-widget-container\">\n\t\t\t\t\t\t\t\t\t<div class=\"elementor-button-wrapper\">\n\t\t\t\t\t<a class=\"elementor-button elementor-button-link elementor-size-sm elementor-animation-grow\" href=\"\/representative\/\">\n\t\t\t\t\t\t<span class=\"elementor-button-content-wrapper\">\n\t\t\t\t\t\t\t\t\t<span class=\"elementor-button-text\">Kapcsolatfelv\u00e9tel<\/span>\n\t\t\t\t\t<\/span>\n\t\t\t\t\t<\/a>\n\t\t\t\t<\/div>\n\t\t\t\t\t\t\t\t<\/div>\n\t\t\t\t<\/div>\n\t\t\t\t\t<\/div>\n\t\t\t\t<\/div>\n\t\t\t\t<\/div>\n\t\t<div class=\"elementor-element elementor-element-d9d5a4b e-flex e-con-boxed e-con e-parent\" data-id=\"d9d5a4b\" data-element_type=\"container\" data-e-type=\"container\" data-settings=\"{&quot;jet_parallax_layout_list&quot;:[]}\">\n\t\t\t\t\t<div class=\"e-con-inner\">\n\t\t<div class=\"elementor-element elementor-element-d9a8726 e-con-full e-flex e-con e-child\" data-id=\"d9a8726\" data-element_type=\"container\" data-e-type=\"container\" data-settings=\"{&quot;jet_parallax_layout_list&quot;:[]}\">\n\t\t\t\t<div class=\"elementor-element elementor-element-fea3b5d elementor-widget elementor-widget-heading\" data-id=\"fea3b5d\" data-element_type=\"widget\" data-e-type=\"widget\" data-widget_type=\"heading.default\">\n\t\t\t\t<div class=\"elementor-widget-container\">\n\t\t\t\t\t<h2 class=\"elementor-heading-title elementor-size-default\">Mi\u00e9rt v\u00e1lassza az im\u00e1t?<\/h2>\t\t\t\t<\/div>\n\t\t\t\t<\/div>\n\t\t\t\t<\/div>\n\t\t<div class=\"elementor-element elementor-element-b2a7458 e-con-full e-flex e-con e-child\" data-id=\"b2a7458\" data-element_type=\"container\" data-e-type=\"container\" data-settings=\"{&quot;jet_parallax_layout_list&quot;:[]}\">\n\t\t<div class=\"elementor-element elementor-element-c9491b1 e-con-full e-flex e-con e-child\" data-id=\"c9491b1\" data-element_type=\"container\" data-e-type=\"container\" data-settings=\"{&quot;jet_parallax_layout_list&quot;:[]}\">\n\t\t<div class=\"elementor-element elementor-element-f793893 e-con-full e-flex e-con e-child\" data-id=\"f793893\" data-element_type=\"container\" data-e-type=\"container\" data-settings=\"{&quot;background_background&quot;:&quot;classic&quot;,&quot;jet_parallax_layout_list&quot;:[]}\">\n\t\t\t\t<\/div>\n\t\t<div class=\"elementor-element elementor-element-ba6ddb2 e-con-full e-flex e-con e-child\" data-id=\"ba6ddb2\" data-element_type=\"container\" data-e-type=\"container\" data-settings=\"{&quot;jet_parallax_layout_list&quot;:[]}\">\n\t\t\t\t<div class=\"elementor-element elementor-element-6bff5ea elementor-widget elementor-widget-heading\" data-id=\"6bff5ea\" data-element_type=\"widget\" data-e-type=\"widget\" data-widget_type=\"heading.default\">\n\t\t\t\t<div class=\"elementor-widget-container\">\n\t\t\t\t\t<h3 class=\"elementor-heading-title elementor-size-default\">Kvantum ima<br \/> Ker\u00e9k<\/h3>\t\t\t\t<\/div>\n\t\t\t\t<\/div>\n\t\t\t\t<\/div>\n\t\t<div class=\"elementor-element elementor-element-ead736c e-con-full e-flex e-con e-child\" data-id=\"ead736c\" data-element_type=\"container\" data-e-type=\"container\" data-settings=\"{&quot;jet_parallax_layout_list&quot;:[]}\">\n\t\t\t\t<div class=\"elementor-element elementor-element-38ee13e elementor-widget__width-initial elementor-widget elementor-widget-text-editor\" data-id=\"38ee13e\" data-element_type=\"widget\" data-e-type=\"widget\" data-widget_type=\"text-editor.default\">\n\t\t\t\t<div class=\"elementor-widget-container\">\n\t\t\t\t\t\t\t\t\t<p>Egy dinamikus ima vizualiz\u00e1ci\u00f3s eszk\u00f6z, amely folyamatosan keringeti az energi\u00e1t, meger\u0151s\u00edtve a sz\u00e1nd\u00e9kokat \u00e9s a spiritu\u00e1lis \u00f6sszehangol\u00e1st. A tibeti imakerekek \u00e1ltal inspir\u00e1lt funkci\u00f3 lehet\u0151v\u00e9 teszi az im\u00e1k, mantr\u00e1k \u00e9s meger\u0151s\u00edt\u00e9sek energetikai sug\u00e1rz\u00e1s\u00e1t.<\/p>\t\t\t\t\t\t\t\t<\/div>\n\t\t\t\t<\/div>\n\t\t\t\t<\/div>\n\t\t\t\t<\/div>\n\t\t<div class=\"elementor-element elementor-element-f632a18 e-con-full e-flex e-con e-child\" data-id=\"f632a18\" data-element_type=\"container\" data-e-type=\"container\" data-settings=\"{&quot;jet_parallax_layout_list&quot;:[]}\">\n\t\t<div class=\"elementor-element elementor-element-a5a0e9b e-con-full e-flex e-con e-child\" data-id=\"a5a0e9b\" data-element_type=\"container\" data-e-type=\"container\" data-settings=\"{&quot;background_background&quot;:&quot;classic&quot;,&quot;jet_parallax_layout_list&quot;:[]}\">\n\t\t\t\t<\/div>\n\t\t<div class=\"elementor-element elementor-element-128f808 e-con-full e-flex e-con e-child\" data-id=\"128f808\" data-element_type=\"container\" data-e-type=\"container\" data-settings=\"{&quot;jet_parallax_layout_list&quot;:[]}\">\n\t\t\t\t<div class=\"elementor-element elementor-element-d90b2ad elementor-widget elementor-widget-heading\" data-id=\"d90b2ad\" data-element_type=\"widget\" data-e-type=\"widget\" data-widget_type=\"heading.default\">\n\t\t\t\t<div class=\"elementor-widget-container\">\n\t\t\t\t\t<h3 class=\"elementor-heading-title elementor-size-default\">Hangter\u00e1pia \u00e9s frekvencia kiegyens\u00falyoz\u00e1s<\/h3>\t\t\t\t<\/div>\n\t\t\t\t<\/div>\n\t\t\t\t<\/div>\n\t\t<div class=\"elementor-element elementor-element-6cdef94 e-con-full e-flex e-con e-child\" data-id=\"6cdef94\" data-element_type=\"container\" data-e-type=\"container\" data-settings=\"{&quot;jet_parallax_layout_list&quot;:[]}\">\n\t\t\t\t<div class=\"elementor-element elementor-element-b981a01 elementor-widget__width-initial elementor-widget elementor-widget-text-editor\" data-id=\"b981a01\" data-element_type=\"widget\" data-e-type=\"widget\" data-widget_type=\"text-editor.default\">\n\t\t\t\t<div class=\"elementor-widget-container\">\n\t\t\t\t\t\t\t\t\t<p>Be\u00e9p\u00edtett hangter\u00e1pi\u00e1s modul, amely sz\u00e1mos term\u00e9szetes frekvenci\u00e1t k\u00edn\u00e1l, mint p\u00e9ld\u00e1ul: A m\u00e9ly relax\u00e1ci\u00f3 \u00e9rdek\u00e9ben mad\u00e1rdalokat, es\u0151erdei hangokat, b\u00e1lnahangokat \u00e9s zivatarokat k\u00edn\u00e1l. Hull\u00e1mz\u00f3 zene \u00e9s harmonikus frekvenci\u00e1k az egyens\u00faly helyre\u00e1ll\u00edt\u00e1s\u00e1hoz. A medit\u00e1ci\u00f3 fokoz\u00e1s\u00e1ra, a stressz cs\u00f6kkent\u00e9s\u00e9re \u00e9s az energetikai \u00f6sszehangol\u00e1s t\u00e1mogat\u00e1s\u00e1ra tervezt\u00e9k.<\/p>\t\t\t\t\t\t\t\t<\/div>\n\t\t\t\t<\/div>\n\t\t\t\t<\/div>\n\t\t\t\t<\/div>\n\t\t\t\t<\/div>\n\t\t<div class=\"elementor-element elementor-element-b748751 e-con-full e-flex e-con e-child\" data-id=\"b748751\" data-element_type=\"container\" data-e-type=\"container\" data-settings=\"{&quot;jet_parallax_layout_list&quot;:[]}\">\n\t\t<div class=\"elementor-element elementor-element-f96e320 e-con-full e-flex e-con e-child\" data-id=\"f96e320\" data-element_type=\"container\" data-e-type=\"container\" data-settings=\"{&quot;jet_parallax_layout_list&quot;:[]}\">\n\t\t<div class=\"elementor-element elementor-element-7efc7f5 e-con-full e-flex e-con e-child\" data-id=\"7efc7f5\" data-element_type=\"container\" data-e-type=\"container\" data-settings=\"{&quot;background_background&quot;:&quot;classic&quot;,&quot;jet_parallax_layout_list&quot;:[]}\">\n\t\t\t\t<\/div>\n\t\t<div class=\"elementor-element elementor-element-b468706 e-con-full e-flex e-con e-child\" data-id=\"b468706\" data-element_type=\"container\" data-e-type=\"container\" data-settings=\"{&quot;jet_parallax_layout_list&quot;:[]}\">\n\t\t\t\t<div class=\"elementor-element elementor-element-beba6ae elementor-widget elementor-widget-heading\" data-id=\"beba6ae\" data-element_type=\"widget\" data-e-type=\"widget\" data-widget_type=\"heading.default\">\n\t\t\t\t<div class=\"elementor-widget-container\">\n\t\t\t\t\t<h3 class=\"elementor-heading-title elementor-size-default\">Integr\u00e1lt \u00fcgyf\u00e9l<\/br>Menedzsment<\/h3>\t\t\t\t<\/div>\n\t\t\t\t<\/div>\n\t\t\t\t<\/div>\n\t\t<div class=\"elementor-element elementor-element-4a215e8 e-con-full e-flex e-con e-child\" data-id=\"4a215e8\" data-element_type=\"container\" data-e-type=\"container\" data-settings=\"{&quot;jet_parallax_layout_list&quot;:[]}\">\n\t\t\t\t<div class=\"elementor-element elementor-element-2e70a9b elementor-widget__width-initial elementor-widget elementor-widget-text-editor\" data-id=\"2e70a9b\" data-element_type=\"widget\" data-e-type=\"widget\" data-widget_type=\"text-editor.default\">\n\t\t\t\t<div class=\"elementor-widget-container\">\n\t\t\t\t\t\t\t\t\t<p>T\u00e1rolja \u00e9s kezelje az \u00fcgyf\u00e9lprofilokat, bele\u00e9rtve a szem\u00e9lyes adatokat, az energiam\u00e9r\u0151 adatokat \u00e9s az imat\u00f6rt\u00e9netet.<\/p>\t\t\t\t\t\t\t\t<\/div>\n\t\t\t\t<\/div>\n\t\t\t\t<\/div>\n\t\t\t\t<\/div>\n\t\t<div class=\"elementor-element elementor-element-f880733 e-con-full e-flex e-con e-child\" data-id=\"f880733\" data-element_type=\"container\" data-e-type=\"container\" data-settings=\"{&quot;jet_parallax_layout_list&quot;:[]}\">\n\t\t<div class=\"elementor-element elementor-element-97309c8 e-con-full e-flex e-con e-child\" data-id=\"97309c8\" data-element_type=\"container\" data-e-type=\"container\" data-settings=\"{&quot;background_background&quot;:&quot;classic&quot;,&quot;jet_parallax_layout_list&quot;:[]}\">\n\t\t\t\t<\/div>\n\t\t<div class=\"elementor-element elementor-element-c79f415 e-con-full e-flex e-con e-child\" data-id=\"c79f415\" data-element_type=\"container\" data-e-type=\"container\" data-settings=\"{&quot;jet_parallax_layout_list&quot;:[]}\">\n\t\t\t\t<div class=\"elementor-element elementor-element-082f44b elementor-widget elementor-widget-heading\" data-id=\"082f44b\" data-element_type=\"widget\" data-e-type=\"widget\" data-widget_type=\"heading.default\">\n\t\t\t\t<div class=\"elementor-widget-container\">\n\t\t\t\t\t<h3 class=\"elementor-heading-title elementor-size-default\">Schumann-hull\u00e1m \u00e9s harmonikus rezonancia<\/h3>\t\t\t\t<\/div>\n\t\t\t\t<\/div>\n\t\t\t\t<\/div>\n\t\t<div class=\"elementor-element elementor-element-fc0e2c6 e-con-full e-flex e-con e-child\" data-id=\"fc0e2c6\" data-element_type=\"container\" data-e-type=\"container\" data-settings=\"{&quot;jet_parallax_layout_list&quot;:[]}\">\n\t\t\t\t<div class=\"elementor-element elementor-element-dc21d65 elementor-widget__width-initial elementor-widget elementor-widget-text-editor\" data-id=\"dc21d65\" data-element_type=\"widget\" data-e-type=\"widget\" data-widget_type=\"text-editor.default\">\n\t\t\t\t<div class=\"elementor-widget-container\">\n\t\t\t\t\t\t\t\t\t<p>A Schumann-rezonanci\u00e1kat (7,83 Hz \u00e9s vari\u00e1ci\u00f3i) haszn\u00e1lja a f\u00f6ldel\u00e9s \u00e9s a stabilit\u00e1s el\u0151seg\u00edt\u00e9s\u00e9re. UHF harmonik\u00e1kat, kibernetikai hurkokat, radionikai aktiv\u00e1l\u00e1st \u00e9s Orgonmez\u0151 integr\u00e1ci\u00f3t k\u00edn\u00e1l a fokozott energiamez\u0151 szinkroniz\u00e1l\u00e1shoz.<\/p>\t\t\t\t\t\t\t\t<\/div>\n\t\t\t\t<\/div>\n\t\t\t\t<\/div>\n\t\t\t\t<\/div>\n\t\t<div class=\"elementor-element elementor-element-89e4f80 e-con-full e-flex e-con e-child\" data-id=\"89e4f80\" data-element_type=\"container\" data-e-type=\"container\" data-settings=\"{&quot;jet_parallax_layout_list&quot;:[]}\">\n\t\t<div class=\"elementor-element elementor-element-be11942 e-con-full e-flex e-con e-child\" data-id=\"be11942\" data-element_type=\"container\" data-e-type=\"container\" data-settings=\"{&quot;background_background&quot;:&quot;classic&quot;,&quot;jet_parallax_layout_list&quot;:[]}\">\n\t\t\t\t<\/div>\n\t\t<div class=\"elementor-element elementor-element-a805dd3 e-con-full e-flex e-con e-child\" data-id=\"a805dd3\" data-element_type=\"container\" data-e-type=\"container\" data-settings=\"{&quot;jet_parallax_layout_list&quot;:[]}\">\n\t\t\t\t<div class=\"elementor-element elementor-element-6729f8e elementor-widget elementor-widget-heading\" data-id=\"6729f8e\" data-element_type=\"widget\" data-e-type=\"widget\" data-widget_type=\"heading.default\">\n\t\t\t\t<div class=\"elementor-widget-container\">\n\t\t\t\t\t<h3 class=\"elementor-heading-title elementor-size-default\">Szem\u00e9lyre szabott ima \u00e9s meger\u0151s\u00edt\u00e9s rendszer<\/h3>\t\t\t\t<\/div>\n\t\t\t\t<\/div>\n\t\t\t\t<\/div>\n\t\t<div class=\"elementor-element elementor-element-2a26b9c e-con-full e-flex e-con e-child\" data-id=\"2a26b9c\" data-element_type=\"container\" data-e-type=\"container\" data-settings=\"{&quot;jet_parallax_layout_list&quot;:[]}\">\n\t\t\t\t<div class=\"elementor-element elementor-element-0fd4988 elementor-widget__width-initial elementor-widget elementor-widget-text-editor\" data-id=\"0fd4988\" data-element_type=\"widget\" data-e-type=\"widget\" data-widget_type=\"text-editor.default\">\n\t\t\t\t<div class=\"elementor-widget-container\">\n\t\t\t\t\t\t\t\t\t<p>Hozzon l\u00e9tre \u00e9s szabja testre saj\u00e1t im\u00e1it, vagy v\u00e1lasszon az ir\u00e1ny\u00edtott meger\u0151s\u00edt\u00e9sek adatb\u00e1zis\u00e1b\u00f3l. Mentsd el az im\u00e1kat, \u00e9s szervezd \u0151ket szem\u00e9lyes vagy csoportos \u00fcl\u00e9sekbe. Haszn\u00e1lja ki a Quantum Prayer rendszert a sz\u00e1nd\u00e9kok feler\u0151s\u00edt\u00e9s\u00e9re.<\/p>\t\t\t\t\t\t\t\t<\/div>\n\t\t\t\t<\/div>\n\t\t\t\t<\/div>\n\t\t\t\t<\/div>\n\t\t\t\t<\/div>\n\t\t\t\t\t<\/div>\n\t\t\t\t<\/div>\n\t\t\t\t<\/div>","protected":false},"excerpt":{"rendered":"<p>Az Im\u00e1ds\u00e1g alkalmaz\u00e1s vezetett meditat\u00edv gyakorlatokat k\u00edn\u00e1l a holisztikus eg\u00e9szs\u00e9gi utaz\u00e1s t\u00e1mogat\u00e1s\u00e1ra, integr\u00e1lva a tudatoss\u00e1got a napi rutinba.<\/p>","protected":false},"author":1664,"featured_media":291809,"parent":1195,"menu_order":0,"comment_status":"closed","ping_status":"closed","template":"","meta":{"_acf_changed":false,"_seopress_robots_primary_cat":"","_seopress_titles_title":"Elevate Meditation with Prayer\u00ae: Inner Peace & Harmony","_seopress_titles_desc":"Unlock spiritual harmony with Prayer\u00ae, the software inspired by Tibetan philosophy. Deep relaxation and balanced living await!","_seopress_robots_index":"","footnotes":""},"class_list":["post-217268","page","type-page","status-publish","has-post-thumbnail","hentry"],"acf":[],"_links":{"self":[{"href":"https:\/\/www.qxworld.eu\/hu\/wp-json\/wp\/v2\/pages\/217268","targetHints":{"allow":["GET"]}}],"collection":[{"href":"https:\/\/www.qxworld.eu\/hu\/wp-json\/wp\/v2\/pages"}],"about":[{"href":"https:\/\/www.qxworld.eu\/hu\/wp-json\/wp\/v2\/types\/page"}],"author":[{"embeddable":true,"href":"https:\/\/www.qxworld.eu\/hu\/wp-json\/wp\/v2\/users\/1664"}],"replies":[{"embeddable":true,"href":"https:\/\/www.qxworld.eu\/hu\/wp-json\/wp\/v2\/comments?post=217268"}],"version-history":[{"count":126,"href":"https:\/\/www.qxworld.eu\/hu\/wp-json\/wp\/v2\/pages\/217268\/revisions"}],"predecessor-version":[{"id":323138,"href":"https:\/\/www.qxworld.eu\/hu\/wp-json\/wp\/v2\/pages\/217268\/revisions\/323138"}],"up":[{"embeddable":true,"href":"https:\/\/www.qxworld.eu\/hu\/wp-json\/wp\/v2\/pages\/1195"}],"wp:featuredmedia":[{"embeddable":true,"href":"https:\/\/www.qxworld.eu\/hu\/wp-json\/wp\/v2\/media\/291809"}],"wp:attachment":[{"href":"https:\/\/www.qxworld.eu\/hu\/wp-json\/wp\/v2\/media?parent=217268"}],"curies":[{"name":"wp","href":"https:\/\/api.w.org\/{rel}","templated":true}]}}