{"id":130172,"date":"2022-02-11T18:05:57","date_gmt":"2022-02-11T16:05:57","guid":{"rendered":"https:\/\/www.qxworld.eu\/product\/electroacupuncture-a-tool-at-your-disposal-learn-how-to-easily-access-it-and-use-it"},"modified":"2023-06-26T13:59:44","modified_gmt":"2023-06-26T11:59:44","slug":"elektroakupunktura-egy-eszkoz-az-on-rendelkezesere-all-megtanuljak-hogyan-lehet-konnyen-hozzaferni-es-hasznalja-azt-2","status":"publish","type":"product","link":"https:\/\/www.qxworld.eu\/hu\/product\/electroacupuncture-a-tool-at-your-disposal-learn-how-to-easily-access-it-and-use-it\/","title":{"rendered":"Electroacupuncture \u2013 a tool at your disposal! Learn how to easily access it and use it!"},"content":{"rendered":"<p><span style=\"font-weight: 400;\">Tudta, hogy az elektroakupunkt\u00fara az egyik pill\u00e9r, amelyre a technol\u00f3gi\u00e1nk t\u00e1maszkodik?<\/span><\/p>\n<p><span style=\"font-weight: 400;\">Ha szeretn\u00e9 megtudni, hogy pontosan mit is jelent, \u00e9s mik az elektroakupunkt\u00fara el\u0151nyei \u00e9s legfontosabb szempontjai, akkor itt a helye n\u00e1lunk!<\/span><\/p>\n<p><span style=\"font-weight: 400;\">\u00c9ljen a lehet\u0151s\u00e9ggel, \u00e9s csatlakozzon hozz\u00e1nk m\u00e1rcius 15-\u00e9n 17 \u00f3rakor CET!<\/span><\/p>","protected":false},"excerpt":{"rendered":"<p>Tudta, hogy az elektroakupunkt\u00fara az egyik pill\u00e9r, amelyre a technol\u00f3gi\u00e1nk t\u00e1maszkodik? Ha szeretn\u00e9 megtudni, hogy pontosan mit is jelent, \u00e9s mik az elektroakupunkt\u00fara el\u0151nyei \u00e9s legfontosabb szempontjai, akkor itt a helye n\u00e1lunk! \u00c9ljen a lehet\u0151s\u00e9ggel, \u00e9s csatlakozzon hozz\u00e1nk m\u00e1rcius 15-\u00e9n 17 \u00f3rakor CET!<\/p>","protected":false},"featured_media":130171,"template":"","meta":{"_acf_changed":false,"_seopress_robots_primary_cat":"","_seopress_titles_title":"","_seopress_titles_desc":"","_seopress_robots_index":"","_seopress_analysis_target_kw":""},"product_brand":[],"product_cat":[101],"product_tag":[],"class_list":{"0":"post-130172","1":"product","2":"type-product","3":"status-publish","4":"has-post-thumbnail","6":"product_cat-ticket","8":"first","9":"instock","10":"virtual","11":"sold-individually","12":"taxable","13":"purchasable","14":"product-type-simple"},"bundled_by":[],"bundle_stock_status":"instock","bundle_stock_quantity":null,"bundle_virtual":false,"bundle_layout":"","bundle_add_to_cart_form_location":"","bundle_editable_in_cart":false,"bundle_sold_individually_context":"","bundle_item_grouping":"","bundle_min_size":"","bundle_max_size":"","bundle_price":[],"bundled_items":[],"bundle_sell_ids":[],"acf":[],"_links":{"self":[{"href":"https:\/\/www.qxworld.eu\/hu\/wp-json\/wp\/v2\/product\/130172","targetHints":{"allow":["GET"]}}],"collection":[{"href":"https:\/\/www.qxworld.eu\/hu\/wp-json\/wp\/v2\/product"}],"about":[{"href":"https:\/\/www.qxworld.eu\/hu\/wp-json\/wp\/v2\/types\/product"}],"wp:featuredmedia":[{"embeddable":true,"href":"https:\/\/www.qxworld.eu\/hu\/wp-json\/wp\/v2\/media\/130171"}],"wp:attachment":[{"href":"https:\/\/www.qxworld.eu\/hu\/wp-json\/wp\/v2\/media?parent=130172"}],"wp:term":[{"taxonomy":"product_brand","embeddable":true,"href":"https:\/\/www.qxworld.eu\/hu\/wp-json\/wp\/v2\/product_brand?post=130172"},{"taxonomy":"product_cat","embeddable":true,"href":"https:\/\/www.qxworld.eu\/hu\/wp-json\/wp\/v2\/product_cat?post=130172"},{"taxonomy":"product_tag","embeddable":true,"href":"https:\/\/www.qxworld.eu\/hu\/wp-json\/wp\/v2\/product_tag?post=130172"}],"curies":[{"name":"wp","href":"https:\/\/api.w.org\/{rel}","templated":true}]}}