{"id":211496,"date":"2024-02-14T12:35:22","date_gmt":"2024-02-14T10:35:22","guid":{"rendered":"https:\/\/www.qxworld.eu\/?post_type=product&#038;p=211496"},"modified":"2024-08-26T12:08:24","modified_gmt":"2024-08-26T10:08:24","slug":"szezonalis-sorozat-udvozoljuk-a-nyari-rediance-webinariumunkon","status":"publish","type":"product","link":"https:\/\/www.qxworld.eu\/hu\/product\/seasonal-series-welcome-to-our-summer-rediance-webinar\/","title":{"rendered":"Szezon\u00e1lis sorozat - \u00dcdv\u00f6z\u00f6lj\u00fck a ny\u00e1ri Sug\u00e1rz\u00e1s webin\u00e1riumunkon!"},"content":{"rendered":"<p>Ahogy a nap el\u00e9ri a tet\u0151pontj\u00e1t, \u00e9s a term\u00e9szet kivir\u00e1gzik, a ny\u00e1r arra h\u00edv, hogy befogadjuk a minket k\u00f6r\u00fclvev\u0151 melegs\u00e9get \u00e9s \u00e9leter\u0151t. A mai webin\u00e1riumon a Hagyom\u00e1nyos K\u00ednai Orvosl\u00e1s (TCM) alapelveibe mer\u00fcl\u00fcnk, hogy felfedezz\u00fck, hogyan tudjuk k\u00f6z\u00e9rzet\u00fcnket harmoniz\u00e1lni a ny\u00e1ri szezon energi\u00e1j\u00e1val.<\/p>\n<p>&nbsp;<\/p>\n<p>A ny\u00e1r a TCM-ben a T\u0171z elemhez kapcsol\u00f3dik, amely a f\u00e9nyess\u00e9get, a meleget \u00e9s a kifel\u00e9 ir\u00e1nyul\u00f3 terjeszked\u00e9st testes\u00edti meg. A Sz\u00edv \u00e9s a v\u00e9konyb\u00e9l az ehhez az \u00e9vszakhoz kapcsol\u00f3d\u00f3 szervek, amelyek arra ir\u00e1ny\u00edtanak minket, hogy t\u00e1pl\u00e1ljuk a sz\u00edv\u00fcnket \u00e9s tartsuk fenn az egyens\u00falyt a ny\u00e1r \u00e1ltal hozott vibr\u00e1l\u00f3 energia k\u00f6zepette.<\/p>\n<p>&nbsp;<\/p>\n<p>A Yin \u00e9s Yang fogalm\u00e1ban a ny\u00e1r a Yang energia fel\u00e9 hajlik. Emiatt a h\u0171s\u00edt\u0151 \u00e9s hidrat\u00e1l\u00f3 \u00e9telekre kell \u00f6sszpontos\u00edtani, amelyek seg\u00edtenek egyens\u00falyban maradni a melegben. Az\u00e1ltal, hogy \u00e9letm\u00f3dunkat \u00e9s \u00e9tkez\u00e9si d\u00f6nt\u00e9seinket a TCM b\u00f6lcsess\u00e9g\u00e9hez igaz\u00edtjuk, fokozhatjuk ellen\u00e1ll\u00f3 k\u00e9pess\u00e9g\u00fcnket, \u00e9s az \u00e9vszak energi\u00e1j\u00e1val sug\u00e1rozhatunk a ny\u00e1r \u00e9s a test seg\u00edts\u00e9g\u00e9vel.<\/p>\n<p>&nbsp;<\/p>\n<p>Csatlakozzon hozz\u00e1nk, \u00e9s fedezz\u00fck fel a ny\u00e1ri \u00e9telek t\u00e1pl\u00e1l\u00f3 erej\u00e9t \u00e9s a TCM alapelveit, amelyek a b\u0151s\u00e9g \u00e9vszak\u00e1ban az optim\u00e1lis j\u00f3l\u00e9thez vezethetnek minket. Haszn\u00e1ljuk ki a ny\u00e1r ragyog\u00e1s\u00e1t, \u00e9s \u00e1poljuk a test, a l\u00e9lek \u00e9s a szellem vitalit\u00e1s\u00e1t.<\/p>\n<p>&nbsp;<\/p>\n<p>Ragyogjunk egy\u00fctt, \u00e9s \u00f6lelj\u00fck \u00e1t a ny\u00e1r teljess\u00e9g\u00e9t!<\/p>","protected":false},"excerpt":{"rendered":"<p>As the sun reaches its zenith and nature bursts into full bloom, summer invites us to embrace the warmth and vitality that surrounds us. In today&#8217;s webinar, we dive into the principles of Traditional Chinese Medicine (TCM) to discover how we can harmonize our well-being with the energy of the summer season. &nbsp; Summer is [&hellip;]<\/p>\n","protected":false},"featured_media":211492,"template":"","meta":{"_acf_changed":false,"_seopress_robots_primary_cat":"none","_seopress_titles_title":"","_seopress_titles_desc":"","_seopress_robots_index":"","_seopress_analysis_target_kw":""},"product_brand":[],"product_cat":[57],"product_tag":[],"class_list":{"0":"post-211496","1":"product","2":"type-product","3":"status-publish","4":"has-post-thumbnail","6":"product_cat-courses","8":"first","9":"instock","10":"taxable","11":"shipping-taxable","12":"purchasable","13":"product-type-simple"},"bundled_by":[],"bundle_stock_status":"instock","bundle_stock_quantity":null,"bundle_virtual":false,"bundle_layout":"","bundle_add_to_cart_form_location":"","bundle_editable_in_cart":false,"bundle_sold_individually_context":"","bundle_item_grouping":"","bundle_min_size":"","bundle_max_size":"","bundle_price":[],"bundled_items":[],"bundle_sell_ids":[],"acf":[],"_links":{"self":[{"href":"https:\/\/www.qxworld.eu\/hu\/wp-json\/wp\/v2\/product\/211496","targetHints":{"allow":["GET"]}}],"collection":[{"href":"https:\/\/www.qxworld.eu\/hu\/wp-json\/wp\/v2\/product"}],"about":[{"href":"https:\/\/www.qxworld.eu\/hu\/wp-json\/wp\/v2\/types\/product"}],"wp:featuredmedia":[{"embeddable":true,"href":"https:\/\/www.qxworld.eu\/hu\/wp-json\/wp\/v2\/media\/211492"}],"wp:attachment":[{"href":"https:\/\/www.qxworld.eu\/hu\/wp-json\/wp\/v2\/media?parent=211496"}],"wp:term":[{"taxonomy":"product_brand","embeddable":true,"href":"https:\/\/www.qxworld.eu\/hu\/wp-json\/wp\/v2\/product_brand?post=211496"},{"taxonomy":"product_cat","embeddable":true,"href":"https:\/\/www.qxworld.eu\/hu\/wp-json\/wp\/v2\/product_cat?post=211496"},{"taxonomy":"product_tag","embeddable":true,"href":"https:\/\/www.qxworld.eu\/hu\/wp-json\/wp\/v2\/product_tag?post=211496"}],"curies":[{"name":"wp","href":"https:\/\/api.w.org\/{rel}","templated":true}]}}