{"id":212337,"date":"2024-03-08T11:55:27","date_gmt":"2024-03-08T09:55:27","guid":{"rendered":"https:\/\/www.qxworld.eu\/?post_type=product&#038;p=212337"},"modified":"2025-05-26T00:00:03","modified_gmt":"2025-05-25T22:00:03","slug":"omnis-leleplezett-lepes-a-holisztikus-egeszsegtudomany-fuziojaba-kezdo-kezikonyv","status":"publish","type":"product","link":"https:\/\/www.qxworld.eu\/hu\/product\/omnis-unveiled-step-into-the-fusion-of-holistic-health-science-beginners-manual\/","title":{"rendered":"OMNIS leleplez\u00e9se: L\u00e9pj be a holisztikus eg\u00e9szs\u00e9g \u00e9s tudom\u00e1ny f\u00fazi\u00f3j\u00e1ba Kezd\u0151k k\u00e9zik\u00f6nyve"},"content":{"rendered":"<div class=\"elementor-element elementor-element-6b40c3a elementor-widget elementor-widget-text-editor\" data-id=\"6b40c3a\" data-element_type=\"widget\" data-widget_type=\"text-editor.default\">\n<div class=\"elementor-widget-container\">\n<div class=\"elementor-element elementor-element-6b40c3a elementor-widget elementor-widget-text-editor\" data-id=\"6b40c3a\" data-element_type=\"widget\" data-widget_type=\"text-editor.default\">\n<div class=\"elementor-widget-container\">\n<p>Mer\u00fclj\u00f6n el egy vadonat\u00faj tanfolyamban, amely soha nem l\u00e1tott tartalommal, alapvet\u0151 tippekkel, hatalmas terjedelm\u0171 olvasnival\u00f3val \u00e9s l\u00e9tfontoss\u00e1g\u00fa inform\u00e1ci\u00f3kkal gazdagodott, mindezt eleg\u00e1nsan, olvasm\u00e1nyos form\u00e1ban, gy\u00f6ny\u00f6r\u0171 diz\u00e1jnnal, a holisztikus wellness fel\u00e9 vezetve. A k\u00e9zik\u00f6nyvvel egy\u00fctt egy vide\u00f3s tanfolyam is el\u00e9rhet\u0151 a k\u00f6vetkez\u0151 oldalakon <a href=\"https:\/\/www.qxworld.eu\/product\/omnis-unveiled-step-into-the-fusion-of-holistic-health-science-beginners-guide\/\" target=\"_blank\" rel=\"noopener\">link<\/a>.<\/p>\n<p>&nbsp;<\/p>\n<\/div>\n<\/div>\n<div class=\"elementor-element elementor-element-2589c76 elementor-widget elementor-widget-text-editor\" data-id=\"2589c76\" data-element_type=\"widget\" data-widget_type=\"text-editor.default\">\n<div class=\"elementor-widget-container\">\n<p>C\u00e9lunk, hogy k\u00e9pess\u00e9 tegy\u00fck \u00d6nt a holisztikus eg\u00e9szs\u00e9g\u00fcgy, az \u00e9letm\u00f3d-tan\u00e1csad\u00e1s \u00e9s a t\u00e1pl\u00e1lkoz\u00e1si tan\u00e1csad\u00e1s ter\u00e9n val\u00f3 kiemelked\u0151 teljes\u00edtm\u00e9nyre. Az ezzel az \u00fatmutat\u00f3val megtett \u00fatja v\u00e9g\u00e9re j\u00f3l felk\u00e9sz\u00fclt lesz arra, hogy \u00e1tfog\u00f3 tan\u00e1csokat \u00e9s beavatkoz\u00e1sokat ny\u00fajtson azoknak, akiket szolg\u00e1l.<\/p>\n<p>&nbsp;<\/p>\n<\/div>\n<\/div>\n<div class=\"elementor-element elementor-element-22eff2c elementor-widget elementor-widget-text-editor\" data-id=\"22eff2c\" data-element_type=\"widget\" data-widget_type=\"text-editor.default\">\n<div class=\"elementor-widget-container\">\n<p>A tanfolyam az OMNIS szoftver seg\u00edts\u00e9g\u00e9vel v\u00e9gigvezeti \u00d6nt az emberi test kulcsfontoss\u00e1g\u00fa rendszerei k\u00f6z\u00f6tti bonyolult kapcsolatok meg\u00e9rt\u00e9s\u00e9n, \u00e9s betekint\u00e9st nyerhet ezekbe a k\u00f6lcs\u00f6nhat\u00e1sokba, seg\u00edtve \u00d6nt abban, hogy sokoldal\u00fa megk\u00f6zel\u00edt\u00e9st alkalmazzon a gyakorlat\u00e1ban felmer\u00fcl\u0151 kih\u00edv\u00e1sok kezel\u00e9s\u00e9re.<\/p>\n<\/div>\n<p>&nbsp;<\/p>\n<div class=\"elementor-element elementor-element-6b40c3a elementor-widget elementor-widget-text-editor\" data-id=\"6b40c3a\" data-element_type=\"widget\" data-widget_type=\"text-editor.default\">\n<div class=\"elementor-widget-container\">\n<h4><strong>3 gyors l\u00e9p\u00e9s, hogy megkapja a <\/strong><b>Digit\u00e1lis k\u00e9zik\u00f6nyv<\/b><\/h4>\n<p>&nbsp;<\/p>\n<h5><strong>1. L\u00c9P\u00c9S, Hozzon l\u00e9tre ingyenes Adobe-fi\u00f3kot<\/strong><\/h5>\n<p>Ez l\u00e9trehoz egy\u00a0<a href=\"https:\/\/account.adobe.com\/\" target=\"_blank\" rel=\"noopener\">ingyenes Adobe fi\u00f3k<\/a>\u00a0amivel hozz\u00e1f\u00e9rhet a k\u00f6nyveihez<\/p>\n<p>&nbsp;<\/p>\n<h5><strong>2. L\u00c9P\u00c9S, Telep\u00edtse az Adobe Digital Editions programot az eszk\u00f6z\u00e9re<\/strong><\/h5>\n<p>Haszn\u00e1lnia kell a\u00a0<a href=\"https:\/\/www.adobe.com\/solutions\/ebook\/digital-editions\/download.html\" target=\"_blank\" rel=\"noopener\">Adobe Digital Editions olvas\u00f3 alkalmaz\u00e1s<\/a>\u00a0a k\u00f6nyvei megtekint\u00e9s\u00e9hez.<\/p>\n<p><a href=\"https:\/\/adedownload.adobe.com\/pub\/adobe\/digitaleditions\/ADE_4.5_Installer.exe\" target=\"_blank\" rel=\"noopener\">Digit\u00e1lis kiad\u00e1s let\u00f6lt\u00e9se Windows<\/a><\/p>\n<p><a href=\"https:\/\/adedownload.adobe.com\/pub\/adobe\/digitaleditions\/ADE_4.5_Installer.dmg\" target=\"_blank\" rel=\"noopener\">Digit\u00e1lis kiad\u00e1s let\u00f6lt\u00e9se Macintosh<\/a><\/p>\n<p>Tov\u00e1bbi eszk\u00f6zv\u00e1laszt\u00e9k\u00e9rt k\u00e9rj\u00fck, l\u00e1togasson el a k\u00f6vetkez\u0151 weboldalra\u00a0<a href=\"https:\/\/www.adobe.com\/solutions\/ebook\/digital-editions\/download.html\" target=\"_blank\" rel=\"noopener\">Adobe Digital Editions let\u00f6lt\u00e9si oldal<\/a>.<\/p>\n<p>&nbsp;<\/p>\n<\/div>\n<\/div>\n<p>K\u00e9rj\u00fck, \u00fcgyeljen arra, hogy ne v\u00e1lassza a\u00a0<strong>MacAfee Antivirus telep\u00edt\u00e9se<\/strong>\u00a0a telep\u00edt\u00e9si folyamat sor\u00e1n ez a v\u00edrusirt\u00f3 program nem kompatibilis a szoftver\u00fcnkkel.<\/p>\n<p>Az Adobe Digital Editions telep\u00edt\u00e9se ut\u00e1n nyissa meg az Adobe Digital Editions programot, majd l\u00e9pjen a S\u00fag\u00f3 men\u00fcpontra, v\u00e1lassza a Sz\u00e1m\u00edt\u00f3g\u00e9p enged\u00e9lyez\u00e9se lehet\u0151s\u00e9get, majd jelentkezzen be az 1. L\u00c9P\u00c9SBEN l\u00e9trehozott Adobe-fi\u00f3kja bejelentkez\u00e9si adatlapj\u00e1val.<\/p>\n<p>&nbsp;<\/p>\n<div class=\"elementor-element elementor-element-6b40c3a elementor-widget elementor-widget-text-editor\" data-id=\"6b40c3a\" data-element_type=\"widget\" data-widget_type=\"text-editor.default\">\n<div class=\"elementor-widget-container\">\n<h5><strong>3. L\u00c9P\u00c9S, T\u00f6ltse le a k\u00f6nyv hozz\u00e1f\u00e9r\u00e9si f\u00e1jlj\u00e1t a let\u00f6lt\u00e9si men\u00fcb\u0151l.<\/strong><\/h5>\n<p>Szerezze be a k\u00f6nyv hozz\u00e1f\u00e9r\u00e9si f\u00e1jlj\u00e1t vagy a\u00a0<a href=\"https:\/\/www.qxworld.eu\/members\/downloads\/\" target=\"_blank\" rel=\"noopener\">let\u00f6lt\u00e9si men\u00fc<\/a>\u00a0vagy a fenti link seg\u00edts\u00e9g\u00e9vel. A let\u00f6lt\u00e9s ut\u00e1n nyissa meg a(z) ACSM f\u00e1jlt az Adobe Digital Editions alkalmaz\u00e1ssal, \u00e9s kezdje el \u00e9lvezni a k\u00f6nyvet.<\/p>\n<\/div>\n<\/div>\n<\/div>\n<\/div>\n<\/div>","protected":false},"excerpt":{"rendered":"<div class=\"elementor-element elementor-element-6b40c3a elementor-widget elementor-widget-text-editor\" data-id=\"6b40c3a\" data-element_type=\"widget\" data-widget_type=\"text-editor.default\">\n<div class=\"elementor-widget-container\">\n<p>Mer\u00fclj\u00f6n el egy vadonat\u00faj tanfolyamban, amely soha nem l\u00e1tott tartalommal, alapvet\u0151 tippekkel, hatalmas terjedelm\u0171 olvasnival\u00f3val \u00e9s l\u00e9tfontoss\u00e1g\u00fa inform\u00e1ci\u00f3kkal gazdagodott, mindezt eleg\u00e1nsan, olvasm\u00e1nyos form\u00e1ban, gy\u00f6ny\u00f6r\u0171 diz\u00e1jnnal, a holisztikus wellness fel\u00e9 vezetve. A k\u00e9zik\u00f6nyvvel egy\u00fctt egy vide\u00f3s tanfolyam is el\u00e9rhet\u0151 a k\u00f6vetkez\u0151 oldalakon <a href=\"https:\/\/www.qxworld.eu\/product\/omnis-unveiled-step-into-the-fusion-of-holistic-health-science-beginners-guide\/\" target=\"_blank\" rel=\"noopener\">link<\/a>.<\/p>\n<\/div>\n<\/div>","protected":false},"featured_media":212895,"template":"","meta":{"_acf_changed":false,"_seopress_robots_primary_cat":"none","_seopress_titles_title":"","_seopress_titles_desc":"Immerse yourself in a brand-new course, enriched with never seen before content, essential tips, a vast expanse of reading material, and vital information, all elegantly presented in both video and reading format with a beautiful design, guiding you towards holistic wellness.Our aim is to empower you to excel in holistic healthcare, lifestyle coaching, and nutritional guidance. By the end of your journey with this guide, you\u2019ll be well-equipped to provide comprehensive advice and interventions to those you serve.The course will guide you through understanding the intricate relationships between the pivotal systems within the human body, using our OMNIS software, and gaining insights into these interactions, helping you apply a multifaceted approach to address the challenges you encounter in your practice.","_seopress_robots_index":""},"product_brand":[],"product_cat":[35],"product_tag":[],"class_list":{"0":"post-212337","1":"product","2":"type-product","3":"status-publish","4":"has-post-thumbnail","6":"product_cat-uncategorized","8":"first","9":"instock","10":"downloadable","11":"sold-individually","12":"taxable","13":"shipping-taxable","14":"purchasable","15":"product-type-simple"},"bundled_by":[],"bundle_stock_status":"instock","bundle_stock_quantity":null,"bundle_virtual":false,"bundle_layout":"","bundle_add_to_cart_form_location":"","bundle_editable_in_cart":false,"bundle_sold_individually_context":"","bundle_item_grouping":"","bundle_min_size":"","bundle_max_size":"","bundle_price":[],"bundled_items":[],"bundle_sell_ids":[],"acf":[],"_links":{"self":[{"href":"https:\/\/www.qxworld.eu\/hu\/wp-json\/wp\/v2\/product\/212337","targetHints":{"allow":["GET"]}}],"collection":[{"href":"https:\/\/www.qxworld.eu\/hu\/wp-json\/wp\/v2\/product"}],"about":[{"href":"https:\/\/www.qxworld.eu\/hu\/wp-json\/wp\/v2\/types\/product"}],"wp:featuredmedia":[{"embeddable":true,"href":"https:\/\/www.qxworld.eu\/hu\/wp-json\/wp\/v2\/media\/212895"}],"wp:attachment":[{"href":"https:\/\/www.qxworld.eu\/hu\/wp-json\/wp\/v2\/media?parent=212337"}],"wp:term":[{"taxonomy":"product_brand","embeddable":true,"href":"https:\/\/www.qxworld.eu\/hu\/wp-json\/wp\/v2\/product_brand?post=212337"},{"taxonomy":"product_cat","embeddable":true,"href":"https:\/\/www.qxworld.eu\/hu\/wp-json\/wp\/v2\/product_cat?post=212337"},{"taxonomy":"product_tag","embeddable":true,"href":"https:\/\/www.qxworld.eu\/hu\/wp-json\/wp\/v2\/product_tag?post=212337"}],"curies":[{"name":"wp","href":"https:\/\/api.w.org\/{rel}","templated":true}]}}