{"id":214929,"date":"2024-05-16T11:31:53","date_gmt":"2024-05-16T09:31:53","guid":{"rendered":"https:\/\/www.qxworld.eu\/product\/metamind-9-dig-into-the-wonders-of-past-lives\/"},"modified":"2024-06-17T16:06:30","modified_gmt":"2024-06-17T14:06:30","slug":"metamind-9-asson-az-elozo-eletek-csodaiba-2","status":"publish","type":"product","link":"https:\/\/www.qxworld.eu\/hu\/product\/metamind-9-dig-into-the-wonders-of-past-lives\/","title":{"rendered":"METAMIND #9 - \u00c1ss bele a m\u00faltbeli \u00e9letek csod\u00e1iba"},"content":{"rendered":"<p>Fedezze fel a m\u00faltbeli \u00e9letekb\u0151l \u00e9s \u0151s\u00f6kb\u0151l sz\u00e1rmaz\u00f3, stagn\u00e1l\u00f3 r\u00e9gi energi\u00e1k felszabad\u00edt\u00e1sa k\u00f6z\u00f6tti \u00e9rdekes kapcsolatot, \u00e9s v\u00e1gja el a karmikus k\u00f6tel\u00e9keket, amelyek esetleg visszatartj\u00e1k \u00d6nt. Csatlakozz hozz\u00e1nk, hogy megfejts\u00fck lelked \u00fatj\u00e1nak r\u00e9tegeit, \u00e9s felt\u00e1rjuk a m\u00faltad meg\u00e9rt\u00e9s\u00e9ben rejl\u0151 \u00e1talak\u00edt\u00f3 potenci\u00e1lt. Ez a t\u00f6rekv\u00e9s m\u00e9lyrehat\u00f3 betekint\u00e9st \u00edg\u00e9r a karmikus ciklusokb\u00f3l val\u00f3 kiszabadul\u00e1sba, \u00e9s a n\u00f6veked\u00e9s \u00e9s gy\u00f3gyul\u00e1s \u00faj szintjeinek felv\u00e1llal\u00e1s\u00e1ba.<\/p>","protected":false},"excerpt":{"rendered":"<p>Discover the intriguing link between releasing stagnant old energy carried from past lives and ancestors, cutting cords to karmic ties that may be holding you back. Join us in deciphering the layers of your soul&#8217;s journey and unveiling the transformative potential of understanding your past. This pursuit promises profound insights into breaking free from karmic [&hellip;]<\/p>\n","protected":false},"featured_media":214931,"template":"","meta":{"_acf_changed":false,"_seopress_robots_primary_cat":"none","_seopress_titles_title":"","_seopress_titles_desc":"","_seopress_robots_index":""},"product_brand":[],"product_cat":[101],"product_tag":[],"class_list":{"0":"post-214929","1":"product","2":"type-product","3":"status-publish","4":"has-post-thumbnail","6":"product_cat-ticket","8":"first","9":"instock","10":"virtual","11":"taxable","12":"purchasable","13":"product-type-simple"},"bundled_by":[],"bundle_stock_status":"instock","bundle_stock_quantity":null,"bundle_virtual":false,"bundle_layout":"","bundle_add_to_cart_form_location":"","bundle_editable_in_cart":false,"bundle_sold_individually_context":"","bundle_item_grouping":"","bundle_min_size":"","bundle_max_size":"","bundle_price":[],"bundled_items":[],"bundle_sell_ids":[],"acf":[],"_links":{"self":[{"href":"https:\/\/www.qxworld.eu\/hu\/wp-json\/wp\/v2\/product\/214929","targetHints":{"allow":["GET"]}}],"collection":[{"href":"https:\/\/www.qxworld.eu\/hu\/wp-json\/wp\/v2\/product"}],"about":[{"href":"https:\/\/www.qxworld.eu\/hu\/wp-json\/wp\/v2\/types\/product"}],"wp:featuredmedia":[{"embeddable":true,"href":"https:\/\/www.qxworld.eu\/hu\/wp-json\/wp\/v2\/media\/214931"}],"wp:attachment":[{"href":"https:\/\/www.qxworld.eu\/hu\/wp-json\/wp\/v2\/media?parent=214929"}],"wp:term":[{"taxonomy":"product_brand","embeddable":true,"href":"https:\/\/www.qxworld.eu\/hu\/wp-json\/wp\/v2\/product_brand?post=214929"},{"taxonomy":"product_cat","embeddable":true,"href":"https:\/\/www.qxworld.eu\/hu\/wp-json\/wp\/v2\/product_cat?post=214929"},{"taxonomy":"product_tag","embeddable":true,"href":"https:\/\/www.qxworld.eu\/hu\/wp-json\/wp\/v2\/product_tag?post=214929"}],"curies":[{"name":"wp","href":"https:\/\/api.w.org\/{rel}","templated":true}]}}