{"id":216051,"date":"2024-06-21T16:44:37","date_gmt":"2024-06-21T14:44:37","guid":{"rendered":"https:\/\/www.qxworld.eu\/?post_type=product&#038;p=216051"},"modified":"2025-05-26T00:00:05","modified_gmt":"2025-05-25T22:00:05","slug":"omnis-explored-advancing-your-journey-in-holistic-health-technology-an-intermediate-manual","status":"publish","type":"product","link":"https:\/\/www.qxworld.eu\/hu\/product\/omnis-explored-advancing-your-journey-in-holistic-health-technology-an-intermediate-manual\/","title":{"rendered":"OMNIS Explored: A holisztikus eg\u00e9szs\u00e9g\u00fcgy \u00e9s technol\u00f3gia ter\u00fclet\u00e9n tett utaz\u00e1sod el\u0151mozd\u00edt\u00e1sa - egy k\u00f6z\u00e9pfok\u00fa k\u00e9zik\u00f6nyv"},"content":{"rendered":"<div class=\"elementor-element elementor-element-6b40c3a elementor-widget elementor-widget-text-editor\" data-id=\"6b40c3a\" data-element_type=\"widget\" data-widget_type=\"text-editor.default\">\n<div class=\"elementor-widget-container\">\n<div class=\"elementor-element elementor-element-6b40c3a elementor-widget elementor-widget-text-editor\" data-id=\"6b40c3a\" data-element_type=\"widget\" data-widget_type=\"text-editor.default\">\n<div class=\"elementor-widget-container\">\n<p>The intermediate training and guide is crafted to elevate your understanding and navigation skills to deeper levels. By combining the skills acquired in the Beginners training, you will discover new methods for conducting sessions and gain a more profound comprehension of the fundamentals in your Quantum Biofeedback journey. A video course is also available with the manual included on the following <a href=\"https:\/\/www.qxworld.eu\/product\/omnis-unveiled-step-into-the-fusion-of-holistic-health-science-beginners-guide\/\" target=\"_blank\" rel=\"noopener\">link<\/a>.<\/p>\n<\/div>\n<\/div>\n<div class=\"elementor-element elementor-element-22eff2c elementor-widget elementor-widget-text-editor\" data-id=\"22eff2c\" data-element_type=\"widget\" data-widget_type=\"text-editor.default\">\n<p>&nbsp;<\/p>\n<div class=\"elementor-element elementor-element-6b40c3a elementor-widget elementor-widget-text-editor\" data-id=\"6b40c3a\" data-element_type=\"widget\" data-widget_type=\"text-editor.default\">\n<div class=\"elementor-widget-container\">\n<h4><strong>3 gyors l\u00e9p\u00e9s, hogy megkapja a <\/strong><b>Digit\u00e1lis k\u00e9zik\u00f6nyv<\/b><\/h4>\n<p>&nbsp;<\/p>\n<h5><strong>1. L\u00c9P\u00c9S, Hozzon l\u00e9tre ingyenes Adobe-fi\u00f3kot<\/strong><\/h5>\n<p>Ez l\u00e9trehoz egy\u00a0<a href=\"https:\/\/account.adobe.com\/\" target=\"_blank\" rel=\"noopener\">ingyenes Adobe fi\u00f3k<\/a>\u00a0amivel hozz\u00e1f\u00e9rhet a k\u00f6nyveihez<\/p>\n<p>&nbsp;<\/p>\n<h5><strong>2. L\u00c9P\u00c9S, Telep\u00edtse az Adobe Digital Editions programot az eszk\u00f6z\u00e9re<\/strong><\/h5>\n<p>Haszn\u00e1lnia kell a\u00a0<a href=\"https:\/\/www.adobe.com\/solutions\/ebook\/digital-editions\/download.html\" target=\"_blank\" rel=\"noopener\">Adobe Digital Editions olvas\u00f3 alkalmaz\u00e1s<\/a>\u00a0a k\u00f6nyvei megtekint\u00e9s\u00e9hez.<\/p>\n<p><a href=\"https:\/\/adedownload.adobe.com\/pub\/adobe\/digitaleditions\/ADE_4.5_Installer.exe\" target=\"_blank\" rel=\"noopener\">Digit\u00e1lis kiad\u00e1s let\u00f6lt\u00e9se Windows<\/a><\/p>\n<p><a href=\"https:\/\/adedownload.adobe.com\/pub\/adobe\/digitaleditions\/ADE_4.5_Installer.dmg\" target=\"_blank\" rel=\"noopener\">Digit\u00e1lis kiad\u00e1s let\u00f6lt\u00e9se Macintosh<\/a><\/p>\n<p>Tov\u00e1bbi eszk\u00f6zv\u00e1laszt\u00e9k\u00e9rt k\u00e9rj\u00fck, l\u00e1togasson el a k\u00f6vetkez\u0151 weboldalra\u00a0<a href=\"https:\/\/www.adobe.com\/solutions\/ebook\/digital-editions\/download.html\" target=\"_blank\" rel=\"noopener\">Adobe Digital Editions let\u00f6lt\u00e9si oldal<\/a>.<\/p>\n<p>&nbsp;<\/p>\n<\/div>\n<\/div>\n<p>K\u00e9rj\u00fck, \u00fcgyeljen arra, hogy ne v\u00e1lassza a\u00a0<strong>MacAfee Antivirus telep\u00edt\u00e9se<\/strong>\u00a0a telep\u00edt\u00e9si folyamat sor\u00e1n ez a v\u00edrusirt\u00f3 program nem kompatibilis a szoftver\u00fcnkkel.<\/p>\n<p>Az Adobe Digital Editions telep\u00edt\u00e9se ut\u00e1n nyissa meg az Adobe Digital Editions programot, majd l\u00e9pjen a S\u00fag\u00f3 men\u00fcpontra, v\u00e1lassza a Sz\u00e1m\u00edt\u00f3g\u00e9p enged\u00e9lyez\u00e9se lehet\u0151s\u00e9get, majd jelentkezzen be az 1. L\u00c9P\u00c9SBEN l\u00e9trehozott Adobe-fi\u00f3kja bejelentkez\u00e9si adatlapj\u00e1val.<\/p>\n<p>&nbsp;<\/p>\n<div class=\"elementor-element elementor-element-6b40c3a elementor-widget elementor-widget-text-editor\" data-id=\"6b40c3a\" data-element_type=\"widget\" data-widget_type=\"text-editor.default\">\n<div class=\"elementor-widget-container\">\n<h5><strong>3. L\u00c9P\u00c9S, T\u00f6ltse le a k\u00f6nyv hozz\u00e1f\u00e9r\u00e9si f\u00e1jlj\u00e1t a let\u00f6lt\u00e9si men\u00fcb\u0151l.<\/strong><\/h5>\n<p>Szerezze be a k\u00f6nyv hozz\u00e1f\u00e9r\u00e9si f\u00e1jlj\u00e1t vagy a\u00a0<a href=\"https:\/\/www.qxworld.eu\/members\/downloads\/\" target=\"_blank\" rel=\"noopener\">let\u00f6lt\u00e9si men\u00fc<\/a>\u00a0vagy a fenti link seg\u00edts\u00e9g\u00e9vel. A let\u00f6lt\u00e9s ut\u00e1n nyissa meg a(z) ACSM f\u00e1jlt az Adobe Digital Editions alkalmaz\u00e1ssal, \u00e9s kezdje el \u00e9lvezni a k\u00f6nyvet.<\/p>\n<\/div>\n<\/div>\n<\/div>\n<\/div>\n<\/div>","protected":false},"excerpt":{"rendered":"<p>A k\u00f6z\u00e9phalad\u00f3 k\u00e9pz\u00e9s \u00e9s \u00fatmutat\u00f3 \u00fagy lett kialak\u00edtva, hogy m\u00e9lyebb szintre emelje a meg\u00e9rt\u00e9st \u00e9s a navig\u00e1ci\u00f3s k\u00e9szs\u00e9geket. A Kezd\u0151k k\u00e9pz\u00e9sben elsaj\u00e1t\u00edtott k\u00e9szs\u00e9gek kombin\u00e1l\u00e1s\u00e1val \u00faj m\u00f3dszereket fedezhet fel az \u00fcl\u00e9sek levezet\u00e9s\u00e9re, \u00e9s m\u00e9lyebb meg\u00e9rt\u00e9st nyerhet a Quantum Biofeedback alapjai k\u00f6z\u00f6tt.<\/p>","protected":false},"featured_media":216054,"template":"","meta":{"_acf_changed":false,"_seopress_robots_primary_cat":"none","_seopress_titles_title":"","_seopress_titles_desc":"","_seopress_robots_index":""},"product_brand":[],"product_cat":[35],"product_tag":[],"class_list":{"0":"post-216051","1":"product","2":"type-product","3":"status-publish","4":"has-post-thumbnail","6":"product_cat-uncategorized","8":"first","9":"instock","10":"downloadable","11":"sold-individually","12":"taxable","13":"shipping-taxable","14":"purchasable","15":"product-type-simple"},"bundled_by":[],"bundle_stock_status":"instock","bundle_stock_quantity":null,"bundle_virtual":false,"bundle_layout":"","bundle_add_to_cart_form_location":"","bundle_editable_in_cart":false,"bundle_sold_individually_context":"","bundle_item_grouping":"","bundle_min_size":"","bundle_max_size":"","bundle_price":[],"bundled_items":[],"bundle_sell_ids":[],"acf":[],"_links":{"self":[{"href":"https:\/\/www.qxworld.eu\/hu\/wp-json\/wp\/v2\/product\/216051","targetHints":{"allow":["GET"]}}],"collection":[{"href":"https:\/\/www.qxworld.eu\/hu\/wp-json\/wp\/v2\/product"}],"about":[{"href":"https:\/\/www.qxworld.eu\/hu\/wp-json\/wp\/v2\/types\/product"}],"wp:featuredmedia":[{"embeddable":true,"href":"https:\/\/www.qxworld.eu\/hu\/wp-json\/wp\/v2\/media\/216054"}],"wp:attachment":[{"href":"https:\/\/www.qxworld.eu\/hu\/wp-json\/wp\/v2\/media?parent=216051"}],"wp:term":[{"taxonomy":"product_brand","embeddable":true,"href":"https:\/\/www.qxworld.eu\/hu\/wp-json\/wp\/v2\/product_brand?post=216051"},{"taxonomy":"product_cat","embeddable":true,"href":"https:\/\/www.qxworld.eu\/hu\/wp-json\/wp\/v2\/product_cat?post=216051"},{"taxonomy":"product_tag","embeddable":true,"href":"https:\/\/www.qxworld.eu\/hu\/wp-json\/wp\/v2\/product_tag?post=216051"}],"curies":[{"name":"wp","href":"https:\/\/api.w.org\/{rel}","templated":true}]}}