{"id":222485,"date":"2024-08-26T13:22:48","date_gmt":"2024-08-26T11:22:48","guid":{"rendered":"https:\/\/www.qxworld.eu\/product\/metamind-5-expand-name-in-matrix-what-does-the-homotoxicology-connection-reveal-copy\/"},"modified":"2024-11-18T13:55:39","modified_gmt":"2024-11-18T12:55:39","slug":"metamind-expand-name-in-matrix-what-does-the-homotoxicology-connection-reveal-3","status":"publish","type":"product","link":"https:\/\/www.qxworld.eu\/hu\/product\/chronic-pain-breaking-the-cycle-and-finding-relief\/","title":{"rendered":"Kr\u00f3nikus f\u00e1jdalom: A k\u00f6r megt\u00f6r\u00e9se \u00e9s a megk\u00f6nnyebb\u00fcl\u00e9s megtal\u00e1l\u00e1sa"},"content":{"rendered":"<p>A kr\u00f3nikus f\u00e1jdalom\u00e1llapotok, p\u00e9ld\u00e1ul a fibromyalgia meg\u00e9rt\u00e9se, valamint rem\u00e9nyt \u00e9s megold\u00e1sokat k\u00edn\u00e1l az ilyen kih\u00edv\u00e1sokkal k\u00fczd\u0151k sz\u00e1m\u00e1ra. Fedezze fel a kr\u00f3nikus f\u00e1jdalom kezel\u00e9s\u00e9re, az \u00e9letmin\u0151s\u00e9g jav\u00edt\u00e1s\u00e1ra \u00e9s az \u00e1ltal\u00e1nos j\u00f3l\u00e9t jav\u00edt\u00e1s\u00e1ra szolg\u00e1l\u00f3 technik\u00e1kat a Quantum Biofeedback seg\u00edts\u00e9g\u00e9vel.<\/p>","protected":false},"excerpt":{"rendered":"<p>A kr\u00f3nikus f\u00e1jdalom\u00e1llapotok, p\u00e9ld\u00e1ul a fibromyalgia meg\u00e9rt\u00e9se, valamint rem\u00e9nyt \u00e9s megold\u00e1sokat k\u00edn\u00e1l az ilyen kih\u00edv\u00e1sokkal k\u00fczd\u0151k sz\u00e1m\u00e1ra. Fedezze fel a kr\u00f3nikus f\u00e1jdalom kezel\u00e9s\u00e9re, az \u00e9letmin\u0151s\u00e9g jav\u00edt\u00e1s\u00e1ra \u00e9s az \u00e1ltal\u00e1nos j\u00f3l\u00e9t jav\u00edt\u00e1s\u00e1ra szolg\u00e1l\u00f3 technik\u00e1kat a Quantum Biofeedback seg\u00edts\u00e9g\u00e9vel.<\/p>","protected":false},"featured_media":222497,"template":"","meta":{"_acf_changed":false,"_seopress_robots_primary_cat":"none","_seopress_titles_title":"","_seopress_titles_desc":"","_seopress_robots_index":""},"product_brand":[],"product_cat":[101],"product_tag":[],"class_list":{"0":"post-222485","1":"product","2":"type-product","3":"status-publish","4":"has-post-thumbnail","6":"product_cat-ticket","8":"first","9":"instock","10":"virtual","11":"taxable","12":"purchasable","13":"product-type-simple"},"bundled_by":[],"bundle_stock_status":"instock","bundle_stock_quantity":null,"bundle_virtual":false,"bundle_layout":"","bundle_add_to_cart_form_location":"","bundle_editable_in_cart":false,"bundle_sold_individually_context":"","bundle_item_grouping":"","bundle_min_size":"","bundle_max_size":"","bundle_price":[],"bundled_items":[],"bundle_sell_ids":[],"acf":[],"_links":{"self":[{"href":"https:\/\/www.qxworld.eu\/hu\/wp-json\/wp\/v2\/product\/222485","targetHints":{"allow":["GET"]}}],"collection":[{"href":"https:\/\/www.qxworld.eu\/hu\/wp-json\/wp\/v2\/product"}],"about":[{"href":"https:\/\/www.qxworld.eu\/hu\/wp-json\/wp\/v2\/types\/product"}],"wp:featuredmedia":[{"embeddable":true,"href":"https:\/\/www.qxworld.eu\/hu\/wp-json\/wp\/v2\/media\/222497"}],"wp:attachment":[{"href":"https:\/\/www.qxworld.eu\/hu\/wp-json\/wp\/v2\/media?parent=222485"}],"wp:term":[{"taxonomy":"product_brand","embeddable":true,"href":"https:\/\/www.qxworld.eu\/hu\/wp-json\/wp\/v2\/product_brand?post=222485"},{"taxonomy":"product_cat","embeddable":true,"href":"https:\/\/www.qxworld.eu\/hu\/wp-json\/wp\/v2\/product_cat?post=222485"},{"taxonomy":"product_tag","embeddable":true,"href":"https:\/\/www.qxworld.eu\/hu\/wp-json\/wp\/v2\/product_tag?post=222485"}],"curies":[{"name":"wp","href":"https:\/\/api.w.org\/{rel}","templated":true}]}}