{"id":227975,"date":"2024-09-16T12:39:41","date_gmt":"2024-09-16T10:39:41","guid":{"rendered":"https:\/\/www.qxworld.eu\/?post_type=product&#038;p=227975"},"modified":"2024-09-16T12:39:43","modified_gmt":"2024-09-16T10:39:43","slug":"seasonal-series-welcome-to-our-summer-radiance-webinar-4","status":"publish","type":"product","link":"https:\/\/www.qxworld.eu\/hu\/product\/seasonal-series-welcome-to-our-late-summer-vitality-webinar\/","title":{"rendered":"Szezon\u00e1lis sorozat - \u00dcdv\u00f6z\u00f6lj\u00fck k\u00e9s\u0151 ny\u00e1ri vitalit\u00e1s webin\u00e1riumunkon!"},"content":{"rendered":"<p>\u00dcdv\u00f6z\u00f6lj\u00fck k\u00e9s\u0151 ny\u00e1ri Vitalit\u00e1s webin\u00e1riumunkon!<\/p>\n<p>Ahogy az \u00e9vszakok v\u00e1ltoznak, \u00e9s a term\u00e9szet egyens\u00falyba ker\u00fcl, a k\u00e9s\u0151 ny\u00e1r egyed\u00fcl\u00e1ll\u00f3 szakasz\u00e1ban tal\u00e1ljuk magunkat. A mai webin\u00e1riumon a Hagyom\u00e1nyos K\u00ednai Orvosl\u00e1s (TCM) alapelveit t\u00e1rjuk fel, \u00e9s elm\u00e9lyed\u00fcnk a k\u00e9s\u0151 ny\u00e1ri \u00e9vszak jelent\u0151s\u00e9g\u00e9ben a j\u00f3l\u00e9t\u00fcnk szempontj\u00e1b\u00f3l.<\/p>\n<p>A k\u00e9s\u0151 ny\u00e1r a TCM-ben a F\u00f6ld elemhez kapcsol\u00f3dik, a b\u0151s\u00e9g, a t\u00e1pl\u00e1lkoz\u00e1s \u00e9s az egyens\u00faly id\u0151szak\u00e1t szimboliz\u00e1lja. Ez az az id\u0151szak, amikor a F\u00f6ld elem energi\u00e1ja domin\u00e1l, \u00e9s a l\u00e9p \u00e9s a gyomor szervei ker\u00fclnek a k\u00f6z\u00e9ppontba. Annak meg\u00e9rt\u00e9se, hogy hogyan t\u00e1mogassuk ezeket a szerveket ebben az \u00e9vszakban, kulcsfontoss\u00e1g\u00fa a vitalit\u00e1s \u00e9s a j\u00f3 k\u00f6z\u00e9rzet el\u0151seg\u00edt\u00e9s\u00e9hez.<\/p>\n<p>A TCM szerint a ny\u00e1r v\u00e9ge a f\u00f6ldel\u00e9s \u00e9s a k\u00f6zpontos\u00edt\u00e1s ideje. Ez egy \u00e1tmeneti szakasz a ny\u00e1r kit\u00e1gul\u00f3 energi\u00e1ja \u00e9s az \u0151sz \u00f6sszeh\u00faz\u00f3d\u00f3 energi\u00e1ja k\u00f6z\u00f6tt. Ha szok\u00e1sainkat \u00e9s \u00e9trend\u00fcnket a TCM elveihez igaz\u00edtjuk, jav\u00edthatjuk em\u00e9szt\u0151rendszer\u00fcnk eg\u00e9szs\u00e9g\u00e9t \u00e9s \u00e1ltal\u00e1nos j\u00f3l\u00e9t\u00fcnket ebben a fontos \u00e9vszakban.<\/p>\n<p>Csatlakozzon hozz\u00e1nk, \u00e9s fedezz\u00fck fel a k\u00e9s\u0151 ny\u00e1ri \u00e9telek t\u00e1pl\u00e1l\u00f3 erej\u00e9t \u00e9s a TCM gyakorlatokat, amelyek az optim\u00e1lis eg\u00e9szs\u00e9g fel\u00e9 vezethetnek minket. Haszn\u00e1ljuk ki ennek az \u00e9vszaknak a vitalit\u00e1s\u00e1t, \u00e9s \u00e1poljuk az egyens\u00faly \u00e9s a b\u0151s\u00e9g \u00e9rz\u00e9s\u00e9t az elm\u00e9ben, a testben \u00e9s a l\u00e9lekben.<\/p>\n<p>Fogadjuk el egy\u00fctt a k\u00e9s\u0151 ny\u00e1ri vitalit\u00e1st, \u00e9s t\u00e1pl\u00e1ljuk magunkat az el\u0151tt\u00fcnk \u00e1ll\u00f3 \u00e9vszakokra!<\/p>","protected":false},"excerpt":{"rendered":"<p>Welcome to our Late Summer Vitality Webinar! As the seasons transition and nature reaches a point of balance, we find ourselves in the unique phase of late summer. In today&#8217;s webinar, we explore the principles of Traditional Chinese Medicine (TCM) and delve into the significance of the late summer season for our well-being. Late summer [&hellip;]<\/p>\n","protected":false},"featured_media":222550,"template":"","meta":{"_acf_changed":false,"_seopress_robots_primary_cat":"none","_seopress_titles_title":"Welcome to our Late Summer Vitality Webinar!","_seopress_titles_desc":"As the seasons transition and nature reaches a point of balance, we find ourselves in the unique phase of late summer.","_seopress_robots_index":""},"product_brand":[],"product_cat":[57],"product_tag":[],"class_list":{"0":"post-227975","1":"product","2":"type-product","3":"status-publish","4":"has-post-thumbnail","6":"product_cat-courses","8":"first","9":"instock","10":"taxable","11":"shipping-taxable","12":"purchasable","13":"product-type-simple"},"bundled_by":[],"bundle_stock_status":"instock","bundle_stock_quantity":null,"bundle_virtual":false,"bundle_layout":"","bundle_add_to_cart_form_location":"","bundle_editable_in_cart":false,"bundle_sold_individually_context":"","bundle_item_grouping":"","bundle_min_size":"","bundle_max_size":"","bundle_price":[],"bundled_items":[],"bundle_sell_ids":[],"acf":[],"_links":{"self":[{"href":"https:\/\/www.qxworld.eu\/hu\/wp-json\/wp\/v2\/product\/227975","targetHints":{"allow":["GET"]}}],"collection":[{"href":"https:\/\/www.qxworld.eu\/hu\/wp-json\/wp\/v2\/product"}],"about":[{"href":"https:\/\/www.qxworld.eu\/hu\/wp-json\/wp\/v2\/types\/product"}],"wp:featuredmedia":[{"embeddable":true,"href":"https:\/\/www.qxworld.eu\/hu\/wp-json\/wp\/v2\/media\/222550"}],"wp:attachment":[{"href":"https:\/\/www.qxworld.eu\/hu\/wp-json\/wp\/v2\/media?parent=227975"}],"wp:term":[{"taxonomy":"product_brand","embeddable":true,"href":"https:\/\/www.qxworld.eu\/hu\/wp-json\/wp\/v2\/product_brand?post=227975"},{"taxonomy":"product_cat","embeddable":true,"href":"https:\/\/www.qxworld.eu\/hu\/wp-json\/wp\/v2\/product_cat?post=227975"},{"taxonomy":"product_tag","embeddable":true,"href":"https:\/\/www.qxworld.eu\/hu\/wp-json\/wp\/v2\/product_tag?post=227975"}],"curies":[{"name":"wp","href":"https:\/\/api.w.org\/{rel}","templated":true}]}}