{"id":251656,"date":"2024-11-28T14:52:26","date_gmt":"2024-11-28T13:52:26","guid":{"rendered":"https:\/\/www.qxworld.eu\/product\/tackling-obesity-and-diabetes-conquering-sugar-addiction-for-better-health-copy\/"},"modified":"2025-06-02T12:01:56","modified_gmt":"2025-06-02T10:01:56","slug":"metamind-9-asson-az-elozo-eletek-csodaiba-4","status":"publish","type":"product","link":"https:\/\/www.qxworld.eu\/hu\/product\/detoxification-and-organ-support\/","title":{"rendered":"M\u00e9regtelen\u00edt\u00e9s \u00e9s szervt\u00e1mogat\u00e1s: A szervezet term\u00e9szetes tisztul\u00e1si folyamatainak fokoz\u00e1sa"},"content":{"rendered":"<p>Ismerje meg, hogyan seg\u00edtheti a m\u00e9regtelen\u00edt\u00e9st \u00e9s er\u0151s\u00edtheti a szervek m\u0171k\u00f6d\u00e9s\u00e9t. Fokozza a szervezet term\u00e9szetes m\u00e9regtelen\u00edt\u00e9si folyamatait, t\u00e1mogassa az \u00f6sszes fontos szerv, p\u00e9ld\u00e1ul a m\u00e1j \u00e9s a vese eg\u00e9szs\u00e9g\u00e9t, \u00e9s jav\u00edtsa az \u00e1ltal\u00e1nos k\u00f6z\u00e9rzetet. \u00c9rtse meg a biofeedback szerep\u00e9t a szervi teljes\u00edtm\u00e9ny optimaliz\u00e1l\u00e1s\u00e1ban \u00e9s a kiegyens\u00falyozott bels\u0151 k\u00f6rnyezet fenntart\u00e1s\u00e1ban.<\/p>","protected":false},"excerpt":{"rendered":"<p>Ismerje meg, hogyan seg\u00edtheti a m\u00e9regtelen\u00edt\u00e9st \u00e9s er\u0151s\u00edtheti a szervek m\u0171k\u00f6d\u00e9s\u00e9t. Fokozza a szervezet term\u00e9szetes m\u00e9regtelen\u00edt\u00e9si folyamatait, t\u00e1mogassa az \u00f6sszes fontos szerv, p\u00e9ld\u00e1ul a m\u00e1j \u00e9s a vese eg\u00e9szs\u00e9g\u00e9t, \u00e9s jav\u00edtsa az \u00e1ltal\u00e1nos k\u00f6z\u00e9rzetet. \u00c9rtse meg a biofeedback szerep\u00e9t a szervi teljes\u00edtm\u00e9ny optimaliz\u00e1l\u00e1s\u00e1ban \u00e9s a kiegyens\u00falyozott bels\u0151 k\u00f6rnyezet fenntart\u00e1s\u00e1ban.<\/p>","protected":false},"featured_media":251659,"template":"","meta":{"_acf_changed":false,"_seopress_robots_primary_cat":"none","_seopress_titles_title":"","_seopress_titles_desc":"","_seopress_robots_index":""},"product_brand":[],"product_cat":[101],"product_tag":[],"class_list":{"0":"post-251656","1":"product","2":"type-product","3":"status-publish","4":"has-post-thumbnail","6":"product_cat-ticket","8":"first","9":"instock","10":"virtual","11":"taxable","12":"purchasable","13":"product-type-simple"},"bundled_by":[],"bundle_stock_status":"instock","bundle_stock_quantity":null,"bundle_virtual":false,"bundle_layout":"","bundle_add_to_cart_form_location":"","bundle_editable_in_cart":false,"bundle_sold_individually_context":"","bundle_item_grouping":"","bundle_min_size":"","bundle_max_size":"","bundle_price":[],"bundled_items":[],"bundle_sell_ids":[],"acf":[],"_links":{"self":[{"href":"https:\/\/www.qxworld.eu\/hu\/wp-json\/wp\/v2\/product\/251656","targetHints":{"allow":["GET"]}}],"collection":[{"href":"https:\/\/www.qxworld.eu\/hu\/wp-json\/wp\/v2\/product"}],"about":[{"href":"https:\/\/www.qxworld.eu\/hu\/wp-json\/wp\/v2\/types\/product"}],"wp:featuredmedia":[{"embeddable":true,"href":"https:\/\/www.qxworld.eu\/hu\/wp-json\/wp\/v2\/media\/251659"}],"wp:attachment":[{"href":"https:\/\/www.qxworld.eu\/hu\/wp-json\/wp\/v2\/media?parent=251656"}],"wp:term":[{"taxonomy":"product_brand","embeddable":true,"href":"https:\/\/www.qxworld.eu\/hu\/wp-json\/wp\/v2\/product_brand?post=251656"},{"taxonomy":"product_cat","embeddable":true,"href":"https:\/\/www.qxworld.eu\/hu\/wp-json\/wp\/v2\/product_cat?post=251656"},{"taxonomy":"product_tag","embeddable":true,"href":"https:\/\/www.qxworld.eu\/hu\/wp-json\/wp\/v2\/product_tag?post=251656"}],"curies":[{"name":"wp","href":"https:\/\/api.w.org\/{rel}","templated":true}]}}