{"id":251680,"date":"2024-11-28T15:24:23","date_gmt":"2024-11-28T14:24:23","guid":{"rendered":"https:\/\/www.qxworld.eu\/product\/menopause-and-andropause-understanding-the-role-of-hormones-copy\/"},"modified":"2025-04-28T13:54:45","modified_gmt":"2025-04-28T11:54:45","slug":"metamind-8-oregedo-szepseg-a-belso-egeszseg-es-bi-arc-a-sokoldalu-szimmetria-reven-13","status":"publish","type":"product","link":"https:\/\/www.qxworld.eu\/hu\/product\/degenerative-disorders\/","title":{"rendered":"Degenerat\u00edv betegs\u00e9gek: A kr\u00f3nikus \u00e1llapotok meg\u00e9rt\u00e9s\u00e9nek \u00e9s kezel\u00e9s\u00e9nek el\u0151rel\u00e9p\u00e9sei"},"content":{"rendered":"<p>Ismerje meg a degenerat\u00edv rendelleness\u00e9gek kezel\u00e9s\u00e9re, az \u00e9letmin\u0151s\u00e9g jav\u00edt\u00e1s\u00e1ra \u00e9s a gy\u00f3gyul\u00e1s el\u0151seg\u00edt\u00e9s\u00e9re vonatkoz\u00f3 t\u00e1mogat\u00f3 \u00f6tleteket. \u00c9rtse meg, hogyan lass\u00edthatja a Quantum Biofeedback az olyan \u00e1llapotok progresszi\u00f3j\u00e1t, mint az \u00edz\u00fcleti gyullad\u00e1s, a Parkinson-k\u00f3r \u00e9s az Alzheimer-k\u00f3r.<\/p>\n<p>&nbsp;<\/p>\n<p>Felh\u00edvjuk figyelm\u00e9t, hogy a webin\u00e1riumon val\u00f3 r\u00e9szv\u00e9telhez regisztr\u00e1lt Zoom fi\u00f3kkal kell rendelkeznie. Regisztr\u00e1lni itt lehet: https:\/\/zoom.us\/signup. A jegyv\u00e1s\u00e1rl\u00e1s el\u0151tt ne felejtsen el bejelentkezni QX fi\u00f3kj\u00e1ba, hogy a felt\u00f6lt\u00e9s ut\u00e1n hozz\u00e1f\u00e9rhessen a r\u00f6gz\u00edtett tal\u00e1lkoz\u00f3hoz. Tov\u00e1bb\u00e1 k\u00e9rj\u00fck, vegye figyelembe, hogy a jegyek \u00e9rt\u00e9kes\u00edt\u00e9se 30 perccel a tervezett kezd\u00e9s el\u0151tt le\u00e1ll.<\/p>","protected":false},"excerpt":{"rendered":"<p>Learn about supportive ideas on managing degenerative disorders, improving quality of life, and promoting healing. Understand how Quantum Biofeedback can slow the progression of conditions like arthritis, Parkinson&#8217;s, and Alzheimer&#8217;s. &nbsp; Please note that you will need to have a registered Zoom account in order to participate in this webinar. You may register here: https:\/\/zoom.us\/signup. [&hellip;]<\/p>\n","protected":false},"featured_media":251638,"template":"","meta":{"_acf_changed":false,"_seopress_robots_primary_cat":"none","_seopress_titles_title":"","_seopress_titles_desc":"","_seopress_robots_index":""},"product_brand":[],"product_cat":[57],"product_tag":[],"class_list":{"0":"post-251680","1":"product","2":"type-product","3":"status-publish","4":"has-post-thumbnail","6":"product_cat-courses","8":"first","9":"instock","10":"virtual","11":"taxable","12":"purchasable","13":"product-type-simple"},"bundled_by":[],"bundle_stock_status":"instock","bundle_stock_quantity":null,"bundle_virtual":false,"bundle_layout":"","bundle_add_to_cart_form_location":"","bundle_editable_in_cart":false,"bundle_sold_individually_context":"","bundle_item_grouping":"","bundle_min_size":"","bundle_max_size":"","bundle_price":[],"bundled_items":[],"bundle_sell_ids":[],"acf":[],"_links":{"self":[{"href":"https:\/\/www.qxworld.eu\/hu\/wp-json\/wp\/v2\/product\/251680","targetHints":{"allow":["GET"]}}],"collection":[{"href":"https:\/\/www.qxworld.eu\/hu\/wp-json\/wp\/v2\/product"}],"about":[{"href":"https:\/\/www.qxworld.eu\/hu\/wp-json\/wp\/v2\/types\/product"}],"wp:featuredmedia":[{"embeddable":true,"href":"https:\/\/www.qxworld.eu\/hu\/wp-json\/wp\/v2\/media\/251638"}],"wp:attachment":[{"href":"https:\/\/www.qxworld.eu\/hu\/wp-json\/wp\/v2\/media?parent=251680"}],"wp:term":[{"taxonomy":"product_brand","embeddable":true,"href":"https:\/\/www.qxworld.eu\/hu\/wp-json\/wp\/v2\/product_brand?post=251680"},{"taxonomy":"product_cat","embeddable":true,"href":"https:\/\/www.qxworld.eu\/hu\/wp-json\/wp\/v2\/product_cat?post=251680"},{"taxonomy":"product_tag","embeddable":true,"href":"https:\/\/www.qxworld.eu\/hu\/wp-json\/wp\/v2\/product_tag?post=251680"}],"curies":[{"name":"wp","href":"https:\/\/api.w.org\/{rel}","templated":true}]}}