{"id":252586,"date":"2024-12-03T09:35:00","date_gmt":"2024-12-03T08:35:00","guid":{"rendered":"https:\/\/www.qxworld.eu\/?post_type=product&#038;p=252586"},"modified":"2024-12-03T09:53:47","modified_gmt":"2024-12-03T08:53:47","slug":"seasonal-series-welcome-to-our-summer-radiance-webinar-3","status":"publish","type":"product","link":"https:\/\/www.qxworld.eu\/hu\/product\/seasonal-series-welcome-to-our-autumn-vitality-webinar\/","title":{"rendered":"Szezon\u00e1lis sorozat - \u00dcdv\u00f6z\u00f6lj\u00fck az \u0151szi Vitalit\u00e1s webin\u00e1riumunkon!"},"content":{"rendered":"<p>Ahogy a levelek hullani kezdenek, \u00e9s a term\u00e9szet az \u00f6nvizsg\u00e1lat id\u0151szak\u00e1ra k\u00e9sz\u00fcl, az \u0151sz arra h\u00edv minket, hogy fogadjuk el a v\u00e1ltoz\u00e1st, \u00e9s tal\u00e1ljuk meg az egyens\u00falyt az \u00e1talakul\u00e1s k\u00f6zepette. A mai webin\u00e1riumon a Hagyom\u00e1nyos K\u00ednai Orvosl\u00e1s (TCM) alapelveit vizsg\u00e1ljuk, hogy felfedezz\u00fck, hogyan hangolhatjuk j\u00f3l\u00e9t\u00fcnket az \u0151szi \u00e9vszak l\u00e9nyeg\u00e9hez.<\/p>\n<p>&nbsp;<\/p>\n<p>Az \u0151sz a TCM-ben a f\u00e9m elemhez kapcsol\u00f3dik, amely a kifinomults\u00e1got, az elenged\u00e9st \u00e9s az egyens\u00faly fenntart\u00e1s\u00e1nak fontoss\u00e1g\u00e1t szimboliz\u00e1lja. A T\u00fcd\u0151 \u00e9s a Vastagb\u00e9l az ehhez az \u00e9vszakhoz kapcsol\u00f3d\u00f3 szervek, amelyek arra ir\u00e1ny\u00edtanak minket, hogy a v\u00e1ltoz\u00e1sok term\u00e9szetes ciklusaiban val\u00f3 eligazod\u00e1sunk sor\u00e1n \u00e1poljuk a rugalmass\u00e1got \u00e9s a tiszt\u00e1nl\u00e1t\u00e1st.<\/p>\n<p>&nbsp;<\/p>\n<p>A Yin \u00e9s Yang rendszerben az \u0151sz a ny\u00e1r expanz\u00edv Yang energi\u00e1j\u00e1b\u00f3l az \u00f6sszeh\u00faz\u00f3d\u00f3 Yin energi\u00e1ba val\u00f3 \u00e1tmenetet jelenti. Ez az az id\u0151szak, amikor test\u00fcnket meleg\u00edt\u0151 \u00e9telekkel t\u00e1pl\u00e1ljuk, \u00e9s t\u00e1mogatjuk a t\u00fcd\u0151 l\u00e9tfontoss\u00e1g\u00fa szerep\u00e9t a vitalit\u00e1s \u00e9s ellen\u00e1ll\u00f3 k\u00e9pess\u00e9g el\u0151seg\u00edt\u00e9s\u00e9ben.<\/p>\n<p>&nbsp;<\/p>\n<p>Csatlakozzon hozz\u00e1nk, \u00e9s fedezz\u00fck fel az \u0151szi \u00e9telek t\u00e1pl\u00e1l\u00f3 erej\u00e9t \u00e9s a TCM alapelveit, amelyek az optim\u00e1lis j\u00f3l\u00e9thez vezethetnek minket ebben az \u00e1talakul\u00e1ssal teli id\u0151szakban. Fogadjuk el az \u0151sz term\u00e9szetes ritmus\u00e1t, \u00e9s tal\u00e1ljuk meg a harm\u00f3ni\u00e1t a testben, a l\u00e9lekben \u00e9s a szellemben.<\/p>\n<p>&nbsp;<\/p>\n<p>Fogadjuk egy\u00fctt az \u0151szi szeleket, \u00e9s \u00e1poljuk az egyens\u00faly \u00e9s a harm\u00f3nia \u00e9rz\u00e9s\u00e9t!<\/p>","protected":false},"excerpt":{"rendered":"<p>As the leaves begin to fall and nature prepares for a period of introspection, autumn invites us to embrace change and find balance in the midst of transformation. In today&#8217;s webinar, we explore the principles of Traditional Chinese Medicine (TCM) to discover how we can align our well-being with the essence of the autumn season. [&hellip;]<\/p>\n","protected":false},"featured_media":252589,"template":"","meta":{"_acf_changed":false,"_seopress_robots_primary_cat":"none","_seopress_titles_title":"","_seopress_titles_desc":"","_seopress_robots_index":""},"product_brand":[],"product_cat":[57],"product_tag":[],"class_list":{"0":"post-252586","1":"product","2":"type-product","3":"status-publish","4":"has-post-thumbnail","6":"product_cat-courses","8":"first","9":"instock","10":"taxable","11":"shipping-taxable","12":"purchasable","13":"product-type-simple"},"bundled_by":[],"bundle_stock_status":"instock","bundle_stock_quantity":null,"bundle_virtual":false,"bundle_layout":"","bundle_add_to_cart_form_location":"","bundle_editable_in_cart":false,"bundle_sold_individually_context":"","bundle_item_grouping":"","bundle_min_size":"","bundle_max_size":"","bundle_price":[],"bundled_items":[],"bundle_sell_ids":[],"acf":[],"_links":{"self":[{"href":"https:\/\/www.qxworld.eu\/hu\/wp-json\/wp\/v2\/product\/252586","targetHints":{"allow":["GET"]}}],"collection":[{"href":"https:\/\/www.qxworld.eu\/hu\/wp-json\/wp\/v2\/product"}],"about":[{"href":"https:\/\/www.qxworld.eu\/hu\/wp-json\/wp\/v2\/types\/product"}],"wp:featuredmedia":[{"embeddable":true,"href":"https:\/\/www.qxworld.eu\/hu\/wp-json\/wp\/v2\/media\/252589"}],"wp:attachment":[{"href":"https:\/\/www.qxworld.eu\/hu\/wp-json\/wp\/v2\/media?parent=252586"}],"wp:term":[{"taxonomy":"product_brand","embeddable":true,"href":"https:\/\/www.qxworld.eu\/hu\/wp-json\/wp\/v2\/product_brand?post=252586"},{"taxonomy":"product_cat","embeddable":true,"href":"https:\/\/www.qxworld.eu\/hu\/wp-json\/wp\/v2\/product_cat?post=252586"},{"taxonomy":"product_tag","embeddable":true,"href":"https:\/\/www.qxworld.eu\/hu\/wp-json\/wp\/v2\/product_tag?post=252586"}],"curies":[{"name":"wp","href":"https:\/\/api.w.org\/{rel}","templated":true}]}}