{"id":289691,"date":"2025-01-28T12:54:53","date_gmt":"2025-01-28T11:54:53","guid":{"rendered":"https:\/\/www.qxworld.eu\/?post_type=product&#038;p=289691"},"modified":"2025-06-09T00:00:03","modified_gmt":"2025-06-08T22:00:03","slug":"halado-kvantum-biofeedback-es-omnis-integracio-elsajatitasa-egy-halado-utmutato","status":"publish","type":"product","link":"https:\/\/www.qxworld.eu\/hu\/product\/mastering-advanced-quantum-biofeedback-and-omnis-integration-an-advanced-guide\/","title":{"rendered":"A halad\u00f3 kvantum biofeedback \u00e9s az OMNIS integr\u00e1ci\u00f3 elsaj\u00e1t\u00edt\u00e1sa - Egy halad\u00f3 \u00fatmutat\u00f3"},"content":{"rendered":"<div class=\"elementor-element elementor-element-6b40c3a elementor-widget elementor-widget-text-editor\" data-id=\"6b40c3a\" data-element_type=\"widget\" data-widget_type=\"text-editor.default\">\n<div class=\"elementor-widget-container\">\n<div class=\"elementor-element elementor-element-6b40c3a elementor-widget elementor-widget-text-editor\" data-id=\"6b40c3a\" data-element_type=\"widget\" data-widget_type=\"text-editor.default\">\n<div class=\"elementor-widget-container\">\n<div class=\"elementor-element elementor-element-22eff2c elementor-widget elementor-widget-text-editor\" data-id=\"22eff2c\" data-element_type=\"widget\" data-widget_type=\"text-editor.default\">\n<p>Emelje holisztikus eg\u00e9szs\u00e9g\u00fcgyi szak\u00e9rtelm\u00e9t a k\u00f6vetkez\u0151 szintre ezzel a tov\u00e1bbk\u00e9pz\u00e9ssel \u00e9s \u00fatmutat\u00f3val. Ez a tanfolyam t\u00f6k\u00e9letes azok sz\u00e1m\u00e1ra, akik k\u00e9szen \u00e1llnak arra, hogy felszabad\u00edts\u00e1k az OMNIS szoftver teljes potenci\u00e1lj\u00e1t, elmer\u00fclve annak legfejlettebb paneljeiben \u00e9s eszk\u00f6zeiben, hogy felt\u00e1rj\u00e1k a test, az elme, az \u00e9rzelmek \u00e9s a l\u00e9lek k\u00f6z\u00f6tti bonyolult kapcsolatokat.<\/p>\n<p>Megtanulja, hogyan kell r\u00e9szletesen vizsg\u00e1l\u00f3dni, \u00f6sszetett eg\u00e9szs\u00e9g\u00fcgyi rejtv\u00e9nyeket \u00f6sszerakni \u00e9s \u00e9lvonalbeli technik\u00e1kat alkalmazni, hogy m\u00e9lyrehat\u00f3 betekint\u00e9st nyerjen \u00e9s \u00e9rtelmes beavatkoz\u00e1sokat hozzon l\u00e9tre.<br \/>\nEz a program t\u00falmutat az alapokon, \u00e9s felv\u00e9rtezi \u00d6nt az OMNIS legfejlettebb funkci\u00f3inak haszn\u00e1lat\u00e1hoz sz\u00fcks\u00e9ges ismeretekkel. Ezen eszk\u00f6z\u00f6k elsaj\u00e1t\u00edt\u00e1s\u00e1val n\u00f6velheti a pontoss\u00e1got \u00e9s a hat\u00e9konys\u00e1got, lehet\u0151v\u00e9 t\u00e9ve, hogy szem\u00e9lyre szabott, hat\u00e1sos ell\u00e1t\u00e1st ny\u00fajtson \u00fcgyfeleinek.<\/p>\n<p>Ezzel a k\u00e9pz\u00e9ssel \u00f6nbizalmat szerezhet az OMNIS k\u00e9pess\u00e9geinek teljes k\u00f6r\u0171 kihaszn\u00e1l\u00e1s\u00e1hoz, \u00faj lehet\u0151s\u00e9geket nyitva meg a holisztikus eg\u00e9szs\u00e9g\u00fcgyben. Legyen sz\u00f3 bonyolult kih\u00edv\u00e1sok megold\u00e1s\u00e1r\u00f3l vagy m\u00e9lyebb betekint\u00e9sr\u0151l, ez a tanfolyam seg\u00edt \u00d6nnek abban, hogy gyakorlat\u00e1t egy teljesen \u00faj szintre emelje.<\/p>\n<\/div>\n<p>A tanfolyamot a <a href=\"https:\/\/www.qxworld.eu\/all-courses\/\" target=\"_blank\" rel=\"noopener\">minden tanfolyam<\/a> men\u00fcben vagy a k\u00f6vetkez\u0151 <a href=\"https:\/\/www.qxworld.eu\/courses\/omnis-deep-dive-expert-strategies-in-biofeedback-wellness-and-holistic-science\/\" target=\"_blank\" rel=\"noopener\">link<\/a><\/p>\n<p>&nbsp;<\/p>\n<h4><strong>3 gyors l\u00e9p\u00e9s, hogy megkapja a <\/strong><b>Digit\u00e1lis k\u00e9zik\u00f6nyv<\/b><\/h4>\n<p>&nbsp;<\/p>\n<h5><strong>1. L\u00c9P\u00c9S, Hozzon l\u00e9tre ingyenes Adobe-fi\u00f3kot<\/strong><\/h5>\n<p>Ez l\u00e9trehoz egy <a href=\"https:\/\/account.adobe.com\/\" target=\"_blank\" rel=\"noopener\">ingyenes Adobe fi\u00f3k<\/a> amivel hozz\u00e1f\u00e9rhet a k\u00f6nyveihez<\/p>\n<p>&nbsp;<\/p>\n<h5><strong>2. L\u00c9P\u00c9S, Telep\u00edtse az Adobe Digital Editions programot az eszk\u00f6z\u00e9re<\/strong><\/h5>\n<p>Haszn\u00e1lnia kell a <a href=\"https:\/\/www.adobe.com\/solutions\/ebook\/digital-editions\/download.html\" target=\"_blank\" rel=\"noopener\">Adobe Digital Editions olvas\u00f3 alkalmaz\u00e1s<\/a> a k\u00f6nyvei megtekint\u00e9s\u00e9hez.<\/p>\n<p><a href=\"https:\/\/adedownload.adobe.com\/pub\/adobe\/digitaleditions\/ADE_4.5_Installer.exe\" target=\"_blank\" rel=\"noopener\">Digit\u00e1lis kiad\u00e1s let\u00f6lt\u00e9se Windows<\/a><\/p>\n<p><a href=\"https:\/\/adedownload.adobe.com\/pub\/adobe\/digitaleditions\/ADE_4.5_Installer.dmg\" target=\"_blank\" rel=\"noopener\">Digit\u00e1lis kiad\u00e1s let\u00f6lt\u00e9se Macintosh<\/a><\/p>\n<p>Tov\u00e1bbi eszk\u00f6zv\u00e1laszt\u00e9k\u00e9rt k\u00e9rj\u00fck, l\u00e1togasson el a k\u00f6vetkez\u0151 weboldalra <a href=\"https:\/\/www.adobe.com\/solutions\/ebook\/digital-editions\/download.html\" target=\"_blank\" rel=\"noopener\">Adobe Digital Editions let\u00f6lt\u00e9si oldal<\/a>.<\/p>\n<p>&nbsp;<\/p>\n<\/div>\n<\/div>\n<p>K\u00e9rj\u00fck, \u00fcgyeljen arra, hogy ne v\u00e1lassza a <strong>MacAfee Antivirus telep\u00edt\u00e9se<\/strong> a telep\u00edt\u00e9si folyamat sor\u00e1n ez a v\u00edrusirt\u00f3 program nem kompatibilis a szoftver\u00fcnkkel.<\/p>\n<p>Az Adobe Digital Editions telep\u00edt\u00e9se ut\u00e1n nyissa meg az Adobe Digital Editions programot, majd l\u00e9pjen a S\u00fag\u00f3 men\u00fcpontra, v\u00e1lassza a Sz\u00e1m\u00edt\u00f3g\u00e9p enged\u00e9lyez\u00e9se lehet\u0151s\u00e9get, majd jelentkezzen be az 1. L\u00c9P\u00c9SBEN l\u00e9trehozott Adobe-fi\u00f3kja bejelentkez\u00e9si adatlapj\u00e1val.<\/p>\n<p>&nbsp;<\/p>\n<div class=\"elementor-element elementor-element-6b40c3a elementor-widget elementor-widget-text-editor\" data-id=\"6b40c3a\" data-element_type=\"widget\" data-widget_type=\"text-editor.default\">\n<div class=\"elementor-widget-container\">\n<h5><strong>3. L\u00c9P\u00c9S, T\u00f6ltse le a k\u00f6nyv hozz\u00e1f\u00e9r\u00e9si f\u00e1jlj\u00e1t a let\u00f6lt\u00e9si men\u00fcb\u0151l.<\/strong><\/h5>\n<p>Szerezze be a k\u00f6nyv hozz\u00e1f\u00e9r\u00e9si f\u00e1jlj\u00e1t vagy a <a href=\"https:\/\/www.qxworld.eu\/members\/downloads\/ \" target=\"_blank\" rel=\"noopener\">let\u00f6lt\u00e9si men\u00fc<\/a> vagy a fenti link seg\u00edts\u00e9g\u00e9vel. A let\u00f6lt\u00e9s ut\u00e1n nyissa meg a(z) ACSM f\u00e1jlt az Adobe Digital Editions alkalmaz\u00e1ssal, \u00e9s kezdje el \u00e9lvezni a k\u00f6nyvet.<\/p>\n<\/div>\n<\/div>\n<\/div>\n<\/div>","protected":false},"excerpt":{"rendered":"<p>Emelje holisztikus eg\u00e9szs\u00e9g\u00fcgyi szak\u00e9rtelm\u00e9t a k\u00f6vetkez\u0151 szintre ezzel a tov\u00e1bbk\u00e9pz\u00e9ssel \u00e9s \u00fatmutat\u00f3val. Ez a tanfolyam t\u00f6k\u00e9letes azok sz\u00e1m\u00e1ra, akik k\u00e9szen \u00e1llnak arra, hogy felszabad\u00edts\u00e1k az OMNIS szoftver teljes potenci\u00e1lj\u00e1t, elmer\u00fclve annak legfejlettebb paneljeiben \u00e9s eszk\u00f6zeiben, hogy felt\u00e1rj\u00e1k a test, az elme, az \u00e9rzelmek \u00e9s a l\u00e9lek k\u00f6z\u00f6tti bonyolult kapcsolatokat.<\/p>","protected":false},"featured_media":289707,"template":"","meta":{"_acf_changed":false,"_seopress_robots_primary_cat":"none","_seopress_titles_title":"","_seopress_titles_desc":"","_seopress_robots_index":""},"product_brand":[],"product_cat":[35],"product_tag":[],"class_list":{"0":"post-289691","1":"product","2":"type-product","3":"status-publish","4":"has-post-thumbnail","6":"product_cat-uncategorized","8":"first","9":"instock","10":"downloadable","11":"sold-individually","12":"taxable","13":"shipping-taxable","14":"purchasable","15":"product-type-simple"},"bundled_by":[],"bundle_stock_status":"instock","bundle_stock_quantity":null,"bundle_virtual":false,"bundle_layout":"","bundle_add_to_cart_form_location":"","bundle_editable_in_cart":false,"bundle_sold_individually_context":"","bundle_item_grouping":"","bundle_min_size":"","bundle_max_size":"","bundle_price":[],"bundled_items":[],"bundle_sell_ids":[],"acf":[],"_links":{"self":[{"href":"https:\/\/www.qxworld.eu\/hu\/wp-json\/wp\/v2\/product\/289691","targetHints":{"allow":["GET"]}}],"collection":[{"href":"https:\/\/www.qxworld.eu\/hu\/wp-json\/wp\/v2\/product"}],"about":[{"href":"https:\/\/www.qxworld.eu\/hu\/wp-json\/wp\/v2\/types\/product"}],"wp:featuredmedia":[{"embeddable":true,"href":"https:\/\/www.qxworld.eu\/hu\/wp-json\/wp\/v2\/media\/289707"}],"wp:attachment":[{"href":"https:\/\/www.qxworld.eu\/hu\/wp-json\/wp\/v2\/media?parent=289691"}],"wp:term":[{"taxonomy":"product_brand","embeddable":true,"href":"https:\/\/www.qxworld.eu\/hu\/wp-json\/wp\/v2\/product_brand?post=289691"},{"taxonomy":"product_cat","embeddable":true,"href":"https:\/\/www.qxworld.eu\/hu\/wp-json\/wp\/v2\/product_cat?post=289691"},{"taxonomy":"product_tag","embeddable":true,"href":"https:\/\/www.qxworld.eu\/hu\/wp-json\/wp\/v2\/product_tag?post=289691"}],"curies":[{"name":"wp","href":"https:\/\/api.w.org\/{rel}","templated":true}]}}