{"id":301621,"date":"2025-03-11T13:47:25","date_gmt":"2025-03-11T12:47:25","guid":{"rendered":"https:\/\/www.qxworld.eu\/?post_type=product&#038;p=301621"},"modified":"2025-03-11T13:54:49","modified_gmt":"2025-03-11T12:54:49","slug":"holisztikus-ut-az-ugyfel-kommunikacio-elsajatitasa","status":"publish","type":"product","link":"https:\/\/www.qxworld.eu\/hu\/product\/holistic-path-mastering-client-communication\/","title":{"rendered":"Holisztikus \u00fat - \u00dcgyf\u00e9lkommunik\u00e1ci\u00f3 elsaj\u00e1t\u00edt\u00e1sa"},"content":{"rendered":"<p><strong>\u00dcdv\u00f6z\u00f6lj\u00fck a holisztikus \u00faton: Kommunik\u00e1ci\u00f3s tr\u00e9ning: Az \u00fcgyf\u00e9lkommunik\u00e1ci\u00f3 elsaj\u00e1t\u00edt\u00e1sa<\/strong><\/p>\n<p>A sikeres biofeedback-gyakorlat k\u00f6z\u00e9ppontj\u00e1ban a hat\u00e9kony kommunik\u00e1ci\u00f3 \u00e1ll. Ez a tanfolyam felk\u00e9sz\u00edti \u00d6nt arra, hogy olyan vil\u00e1gos, hat\u00e1sos nyelvezetet haszn\u00e1ljon, amely n\u00f6veli az \u00fcgyf\u00e9l meg\u00e9rt\u00e9s\u00e9t, motiv\u00e1ci\u00f3j\u00e1t \u00e9s elk\u00f6telezetts\u00e9g\u00e9t. Az oktat\u00e1s l\u00e9tfontoss\u00e1g\u00fa szerep\u00e9t is felt\u00e1rja az \u00fcgyfelek meger\u0151s\u00edt\u00e9s\u00e9ben \u00e9s az eredm\u00e9nyek jav\u00edt\u00e1s\u00e1ban.<\/p>\n<p>A tanfolyam v\u00e9g\u00e9re rendelkezni fog azokkal az eszk\u00f6z\u00f6kkel, amelyekkel a hat\u00e9kony kommunik\u00e1ci\u00f3s strat\u00e9gi\u00e1kat \u00e9s oktat\u00e1si elveket be\u00e9p\u00edtheti a gyakorlat\u00e1ba, el\u0151seg\u00edtve az er\u0151sebb \u00fcgyf\u00e9lkapcsolatokat \u00e9s a jobb eredm\u00e9nyeket.  L\u00e9pj\u00fcnk egy\u00fctt erre az \u00e1talak\u00edt\u00f3 tanul\u00e1si \u00fatra!<\/p>","protected":false},"excerpt":{"rendered":"<p>Welcome to the Holistic Path: Mastering Client Communication Training Effective communication is at the heart of successful biofeedback practice. This course will equip you with the skills to use clear, impactful language that enhances client understanding, motivation, and engagement. You&#8217;ll also explore the vital role of education in empowering clients and improving outcomes. By the [&hellip;]<\/p>\n","protected":false},"featured_media":301615,"template":"","meta":{"_acf_changed":false,"_seopress_robots_primary_cat":"none","_seopress_titles_title":"","_seopress_titles_desc":"","_seopress_robots_index":""},"product_brand":[],"product_cat":[57],"product_tag":[],"class_list":{"0":"post-301621","1":"product","2":"type-product","3":"status-publish","4":"has-post-thumbnail","6":"product_cat-courses","8":"first","9":"instock","10":"taxable","11":"shipping-taxable","12":"purchasable","13":"product-type-simple"},"bundled_by":[],"bundle_stock_status":"instock","bundle_stock_quantity":null,"bundle_virtual":false,"bundle_layout":"","bundle_add_to_cart_form_location":"","bundle_editable_in_cart":false,"bundle_sold_individually_context":"","bundle_item_grouping":"","bundle_min_size":"","bundle_max_size":"","bundle_price":[],"bundled_items":[],"bundle_sell_ids":[],"acf":[],"_links":{"self":[{"href":"https:\/\/www.qxworld.eu\/hu\/wp-json\/wp\/v2\/product\/301621","targetHints":{"allow":["GET"]}}],"collection":[{"href":"https:\/\/www.qxworld.eu\/hu\/wp-json\/wp\/v2\/product"}],"about":[{"href":"https:\/\/www.qxworld.eu\/hu\/wp-json\/wp\/v2\/types\/product"}],"wp:featuredmedia":[{"embeddable":true,"href":"https:\/\/www.qxworld.eu\/hu\/wp-json\/wp\/v2\/media\/301615"}],"wp:attachment":[{"href":"https:\/\/www.qxworld.eu\/hu\/wp-json\/wp\/v2\/media?parent=301621"}],"wp:term":[{"taxonomy":"product_brand","embeddable":true,"href":"https:\/\/www.qxworld.eu\/hu\/wp-json\/wp\/v2\/product_brand?post=301621"},{"taxonomy":"product_cat","embeddable":true,"href":"https:\/\/www.qxworld.eu\/hu\/wp-json\/wp\/v2\/product_cat?post=301621"},{"taxonomy":"product_tag","embeddable":true,"href":"https:\/\/www.qxworld.eu\/hu\/wp-json\/wp\/v2\/product_tag?post=301621"}],"curies":[{"name":"wp","href":"https:\/\/api.w.org\/{rel}","templated":true}]}}