{"id":302051,"date":"2025-03-13T12:48:16","date_gmt":"2025-03-13T11:48:16","guid":{"rendered":"https:\/\/www.qxworld.eu\/?post_type=product&#038;p=302051"},"modified":"2025-05-29T11:33:05","modified_gmt":"2025-05-29T09:33:05","slug":"megertes-adhd-hd-hozzaadasa","status":"publish","type":"product","link":"https:\/\/www.qxworld.eu\/hu\/product\/understanding-add-adhd-hd\/","title":{"rendered":"Az ADD, ADHD \u00e9s HD meg\u00e9rt\u00e9se: Strat\u00e9gi\u00e1k a hat\u00e9kony kezel\u00e9shez \u00e9s t\u00e1mogat\u00e1shoz"},"content":{"rendered":"<p>Fedezze fel a figyelemhi\u00e1nyos zavarok kezel\u00e9s\u00e9nek \u00faj megk\u00f6zel\u00edt\u00e9seit a biofeedback m\u00f3dszerekkel, amelyek fokozz\u00e1k a f\u00f3kuszt \u00e9s cs\u00f6kkentik a t\u00fcneteket. Fedezze fel a koncentr\u00e1ci\u00f3 jav\u00edt\u00e1s\u00e1ra, a hiperaktivit\u00e1s cs\u00f6kkent\u00e9s\u00e9re \u00e9s a viselked\u00e9si kih\u00edv\u00e1sok kezel\u00e9s\u00e9re szolg\u00e1l\u00f3 technik\u00e1kat.<\/p>","protected":false},"excerpt":{"rendered":"<p>Fedezze fel a figyelemhi\u00e1nyos zavarok kezel\u00e9s\u00e9nek \u00faj megk\u00f6zel\u00edt\u00e9seit a biofeedback m\u00f3dszerekkel, amelyek fokozz\u00e1k a f\u00f3kuszt \u00e9s cs\u00f6kkentik a t\u00fcneteket. Fedezze fel a koncentr\u00e1ci\u00f3 jav\u00edt\u00e1s\u00e1ra, a hiperaktivit\u00e1s cs\u00f6kkent\u00e9s\u00e9re \u00e9s a viselked\u00e9si kih\u00edv\u00e1sok kezel\u00e9s\u00e9re szolg\u00e1l\u00f3 technik\u00e1kat.<\/p>","protected":false},"featured_media":302022,"template":"","meta":{"_acf_changed":false,"_seopress_robots_primary_cat":"none","_seopress_titles_title":"","_seopress_titles_desc":"","_seopress_robots_index":""},"product_brand":[],"product_cat":[101],"product_tag":[],"class_list":{"0":"post-302051","1":"product","2":"type-product","3":"status-publish","4":"has-post-thumbnail","6":"product_cat-ticket","8":"first","9":"instock","10":"virtual","11":"taxable","12":"purchasable","13":"product-type-simple"},"bundled_by":[],"bundle_stock_status":"instock","bundle_stock_quantity":null,"bundle_virtual":false,"bundle_layout":"","bundle_add_to_cart_form_location":"","bundle_editable_in_cart":false,"bundle_sold_individually_context":"","bundle_item_grouping":"","bundle_min_size":"","bundle_max_size":"","bundle_price":[],"bundled_items":[],"bundle_sell_ids":[],"acf":[],"_links":{"self":[{"href":"https:\/\/www.qxworld.eu\/hu\/wp-json\/wp\/v2\/product\/302051","targetHints":{"allow":["GET"]}}],"collection":[{"href":"https:\/\/www.qxworld.eu\/hu\/wp-json\/wp\/v2\/product"}],"about":[{"href":"https:\/\/www.qxworld.eu\/hu\/wp-json\/wp\/v2\/types\/product"}],"wp:featuredmedia":[{"embeddable":true,"href":"https:\/\/www.qxworld.eu\/hu\/wp-json\/wp\/v2\/media\/302022"}],"wp:attachment":[{"href":"https:\/\/www.qxworld.eu\/hu\/wp-json\/wp\/v2\/media?parent=302051"}],"wp:term":[{"taxonomy":"product_brand","embeddable":true,"href":"https:\/\/www.qxworld.eu\/hu\/wp-json\/wp\/v2\/product_brand?post=302051"},{"taxonomy":"product_cat","embeddable":true,"href":"https:\/\/www.qxworld.eu\/hu\/wp-json\/wp\/v2\/product_cat?post=302051"},{"taxonomy":"product_tag","embeddable":true,"href":"https:\/\/www.qxworld.eu\/hu\/wp-json\/wp\/v2\/product_tag?post=302051"}],"curies":[{"name":"wp","href":"https:\/\/api.w.org\/{rel}","templated":true}]}}