{"id":319541,"date":"2025-06-02T11:50:53","date_gmt":"2025-06-02T09:50:53","guid":{"rendered":"https:\/\/www.qxworld.eu\/?post_type=product&#038;p=319541"},"modified":"2025-07-18T16:03:09","modified_gmt":"2025-07-18T14:03:09","slug":"ver-es-biofeedback-sotet-mezo","status":"publish","type":"product","link":"https:\/\/www.qxworld.eu\/hu\/product\/blood-and-biofeedback-dark-field\/","title":{"rendered":"V\u00e9r \u00e9s biofeedback: S\u00f6t\u00e9t mez\u0151 betekint\u00e9sekkel az eg\u00e9szs\u00e9g felt\u00e1r\u00e1sa"},"content":{"rendered":"<div data-v-85776206=\"\">\n<div data-v-85776206=\"\">\n<div class=\"split-line topic4Detail-item detail-item\" data-v-102c4052=\"\" data-v-85776206=\"\">\n<div class=\"zm-form-item mgb-md is-no-asterisk\" data-v-102c4052=\"\">\n<div class=\"zm-form-item__content\">\n<p id=\"agenda\" class=\"pdt-xs pdb-xs w-sp\" data-v-102c4052=\"\">Vegyen r\u00e9szt webin\u00e1riumunkon, ahol gyakorlati bevezet\u00e9st kap a Dark Field program haszn\u00e1lat\u00e1r\u00f3l az OMNIS szoftveren bel\u00fcl. Megtanulja, hogyan \u00e9rt\u00e9kelheti vizu\u00e1lisan a test bels\u0151 terep\u00e9t a v\u00e9rreaktivit\u00e1si mutat\u00f3kon kereszt\u00fcl - hogyan kapcsol\u00f3dhat a gyullad\u00e1shoz, a toxicit\u00e1shoz, az immunstresszhez \u00e9s a vitalit\u00e1si mint\u00e1khoz. Ide\u00e1lis olyan gyakorl\u00f3k sz\u00e1m\u00e1ra, akik a betekint\u00e9s egy m\u00e9lyebb r\u00e9teg\u00e9t szeretn\u00e9k hozz\u00e1adni a foglalkoz\u00e1saikhoz.<\/p>\n<\/div>\n<\/div>\n<\/div>\n<\/div>\n<\/div>","protected":false},"excerpt":{"rendered":"<p>Join our webinar for a practical introduction to using the Dark Field program within your OMNIS Software. You\u2019ll learn how to visually assess the body\u2019s internal terrain through blood reactivity indicators\u2014 how to connect to inflammation, toxicity, immune stress, and vitality patterns. Ideal for practitioners wanting to add a deeper layer of insight to their [&hellip;]<\/p>\n","protected":false},"featured_media":319546,"template":"","meta":{"_acf_changed":false,"_seopress_robots_primary_cat":"none","_seopress_titles_title":"","_seopress_titles_desc":"","_seopress_robots_index":""},"product_brand":[],"product_cat":[101],"product_tag":[],"class_list":{"0":"post-319541","1":"product","2":"type-product","3":"status-publish","4":"has-post-thumbnail","6":"product_cat-ticket","8":"first","9":"instock","10":"virtual","11":"taxable","12":"purchasable","13":"product-type-simple"},"bundled_by":[],"bundle_stock_status":"instock","bundle_stock_quantity":null,"bundle_virtual":false,"bundle_layout":"","bundle_add_to_cart_form_location":"","bundle_editable_in_cart":false,"bundle_sold_individually_context":"","bundle_item_grouping":"","bundle_min_size":"","bundle_max_size":"","bundle_price":[],"bundled_items":[],"bundle_sell_ids":[],"acf":[],"_links":{"self":[{"href":"https:\/\/www.qxworld.eu\/hu\/wp-json\/wp\/v2\/product\/319541","targetHints":{"allow":["GET"]}}],"collection":[{"href":"https:\/\/www.qxworld.eu\/hu\/wp-json\/wp\/v2\/product"}],"about":[{"href":"https:\/\/www.qxworld.eu\/hu\/wp-json\/wp\/v2\/types\/product"}],"wp:featuredmedia":[{"embeddable":true,"href":"https:\/\/www.qxworld.eu\/hu\/wp-json\/wp\/v2\/media\/319546"}],"wp:attachment":[{"href":"https:\/\/www.qxworld.eu\/hu\/wp-json\/wp\/v2\/media?parent=319541"}],"wp:term":[{"taxonomy":"product_brand","embeddable":true,"href":"https:\/\/www.qxworld.eu\/hu\/wp-json\/wp\/v2\/product_brand?post=319541"},{"taxonomy":"product_cat","embeddable":true,"href":"https:\/\/www.qxworld.eu\/hu\/wp-json\/wp\/v2\/product_cat?post=319541"},{"taxonomy":"product_tag","embeddable":true,"href":"https:\/\/www.qxworld.eu\/hu\/wp-json\/wp\/v2\/product_tag?post=319541"}],"curies":[{"name":"wp","href":"https:\/\/api.w.org\/{rel}","templated":true}]}}