{"id":345819,"date":"2025-09-15T11:24:19","date_gmt":"2025-09-15T09:24:19","guid":{"rendered":"https:\/\/www.qxworld.eu\/?post_type=product&#038;p=345819"},"modified":"2025-09-15T11:24:52","modified_gmt":"2025-09-15T09:24:52","slug":"anatomia-fiziologia-patologia-2","status":"publish","type":"product","link":"https:\/\/www.qxworld.eu\/hu\/product\/anatomy-physiology-pathology\/","title":{"rendered":"Anat\u00f3mia, fiziol\u00f3gia, patol\u00f3gia"},"content":{"rendered":"<p>Ez az \u00e1tfog\u00f3 online tanfolyam Carol Wilcockkal az emberi anat\u00f3mi\u00e1r\u00f3l, fiziol\u00f3gi\u00e1r\u00f3l \u00e9s patol\u00f3gi\u00e1r\u00f3l az \u00f6sszes f\u0151bb testrendszert \u00e9s gyakori \u00e1llapotot fel\u00f6leli. Kifejezetten olyan biofeedback-gyakorl\u00f3k sz\u00e1m\u00e1ra k\u00e9sz\u00fclt, akik a fizikai dimenzi\u00f3 m\u00e9lyebb meg\u00e9rt\u00e9s\u00e9t keresik. Vil\u00e1gos magyar\u00e1zatokkal, gazdag vizu\u00e1lis forr\u00e1sokkal \u00e9s Carol szak\u00e9rt\u0151i megl\u00e1t\u00e1saival kieg\u00e9sz\u00edtve ez a tanfolyam b\u0151v\u00edti ismereteit \u00e9s n\u00f6veli \u00f6nbizalm\u00e1t a testtel val\u00f3 munka sor\u00e1n.<\/p>","protected":false},"excerpt":{"rendered":"<p>This comprehensive online course with Carol Wilcock in Human Anatomy, Physiology, and Pathology covers all major body systems and common conditions. It is specially designed for biofeedback practitioners seeking a deeper understanding of the physical dimension. With clear explanations, rich visual resources, and the added benefit of Carol\u2019s expert insight, this course will expand your [&hellip;]<\/p>\n","protected":false},"featured_media":340712,"template":"","meta":{"_acf_changed":false,"_seopress_robots_primary_cat":"none","_seopress_titles_title":"","_seopress_titles_desc":"","_seopress_robots_index":""},"product_brand":[],"product_cat":[57],"product_tag":[],"class_list":{"0":"post-345819","1":"product","2":"type-product","3":"status-publish","4":"has-post-thumbnail","6":"product_cat-courses","8":"first","9":"instock","10":"taxable","11":"shipping-taxable","12":"purchasable","13":"product-type-simple"},"bundled_by":[],"bundle_stock_status":"instock","bundle_stock_quantity":null,"bundle_virtual":false,"bundle_layout":"","bundle_add_to_cart_form_location":"","bundle_editable_in_cart":false,"bundle_sold_individually_context":"","bundle_item_grouping":"","bundle_min_size":"","bundle_max_size":"","bundle_price":[],"bundled_items":[],"bundle_sell_ids":[],"acf":[],"_links":{"self":[{"href":"https:\/\/www.qxworld.eu\/hu\/wp-json\/wp\/v2\/product\/345819","targetHints":{"allow":["GET"]}}],"collection":[{"href":"https:\/\/www.qxworld.eu\/hu\/wp-json\/wp\/v2\/product"}],"about":[{"href":"https:\/\/www.qxworld.eu\/hu\/wp-json\/wp\/v2\/types\/product"}],"wp:featuredmedia":[{"embeddable":true,"href":"https:\/\/www.qxworld.eu\/hu\/wp-json\/wp\/v2\/media\/340712"}],"wp:attachment":[{"href":"https:\/\/www.qxworld.eu\/hu\/wp-json\/wp\/v2\/media?parent=345819"}],"wp:term":[{"taxonomy":"product_brand","embeddable":true,"href":"https:\/\/www.qxworld.eu\/hu\/wp-json\/wp\/v2\/product_brand?post=345819"},{"taxonomy":"product_cat","embeddable":true,"href":"https:\/\/www.qxworld.eu\/hu\/wp-json\/wp\/v2\/product_cat?post=345819"},{"taxonomy":"product_tag","embeddable":true,"href":"https:\/\/www.qxworld.eu\/hu\/wp-json\/wp\/v2\/product_tag?post=345819"}],"curies":[{"name":"wp","href":"https:\/\/api.w.org\/{rel}","templated":true}]}}