{"id":361249,"date":"2026-01-15T12:50:41","date_gmt":"2026-01-15T11:50:41","guid":{"rendered":"https:\/\/www.qxworld.eu\/product\/animal-webinar-supporting-liver-and-detox\/"},"modified":"2026-04-22T12:06:47","modified_gmt":"2026-04-22T10:06:47","slug":"allati-webinarium-maj-es-meregtelenites-tamogatasara","status":"publish","type":"product","link":"https:\/\/www.qxworld.eu\/hu\/product\/animal-webinar-supporting-liver-and-detox\/","title":{"rendered":"\u00c1llati webin\u00e1rium - A m\u00e1j \u00e9s a m\u00e9regtelen\u00edt\u00e9s t\u00e1mogat\u00e1sa"},"content":{"rendered":"<p>Fedezze fel ezen a webin\u00e1riumon, hogyan t\u00e1mogathatja az \u00e1llatok m\u00e1jm\u0171k\u00f6d\u00e9s\u00e9t \u00e9s m\u00e9regtelen\u00edt\u00e9si folyamatait.<\/p>","protected":false},"excerpt":{"rendered":"<p>Fedezze fel ezen a webin\u00e1riumon, hogyan t\u00e1mogathatja az \u00e1llatok m\u00e1jm\u0171k\u00f6d\u00e9s\u00e9t \u00e9s m\u00e9regtelen\u00edt\u00e9si folyamatait.<\/p>","protected":false},"featured_media":361253,"template":"","meta":{"_acf_changed":false,"_seopress_robots_primary_cat":"none","_seopress_titles_title":"","_seopress_titles_desc":"","_seopress_robots_index":""},"product_brand":[],"product_cat":[101],"product_tag":[],"class_list":{"0":"post-361249","1":"product","2":"type-product","3":"status-publish","4":"has-post-thumbnail","6":"product_cat-ticket","8":"first","9":"instock","10":"virtual","11":"taxable","12":"purchasable","13":"product-type-simple"},"bundled_by":[],"bundle_stock_status":"instock","bundle_stock_quantity":null,"bundle_virtual":false,"bundle_layout":"","bundle_add_to_cart_form_location":"","bundle_editable_in_cart":false,"bundle_sold_individually_context":"","bundle_item_grouping":"","bundle_min_size":"","bundle_max_size":"","bundle_price":[],"bundled_items":[],"bundle_sell_ids":[],"acf":[],"_links":{"self":[{"href":"https:\/\/www.qxworld.eu\/hu\/wp-json\/wp\/v2\/product\/361249","targetHints":{"allow":["GET"]}}],"collection":[{"href":"https:\/\/www.qxworld.eu\/hu\/wp-json\/wp\/v2\/product"}],"about":[{"href":"https:\/\/www.qxworld.eu\/hu\/wp-json\/wp\/v2\/types\/product"}],"wp:featuredmedia":[{"embeddable":true,"href":"https:\/\/www.qxworld.eu\/hu\/wp-json\/wp\/v2\/media\/361253"}],"wp:attachment":[{"href":"https:\/\/www.qxworld.eu\/hu\/wp-json\/wp\/v2\/media?parent=361249"}],"wp:term":[{"taxonomy":"product_brand","embeddable":true,"href":"https:\/\/www.qxworld.eu\/hu\/wp-json\/wp\/v2\/product_brand?post=361249"},{"taxonomy":"product_cat","embeddable":true,"href":"https:\/\/www.qxworld.eu\/hu\/wp-json\/wp\/v2\/product_cat?post=361249"},{"taxonomy":"product_tag","embeddable":true,"href":"https:\/\/www.qxworld.eu\/hu\/wp-json\/wp\/v2\/product_tag?post=361249"}],"curies":[{"name":"wp","href":"https:\/\/api.w.org\/{rel}","templated":true}]}}