{"id":362228,"date":"2026-01-26T12:18:30","date_gmt":"2026-01-26T11:18:30","guid":{"rendered":"https:\/\/www.qxworld.eu\/?post_type=product&#038;p=362228"},"modified":"2026-05-15T13:45:41","modified_gmt":"2026-05-15T11:45:41","slug":"a-medencefenek-a-rejtett-alap","status":"publish","type":"product","link":"https:\/\/www.qxworld.eu\/hu\/product\/the-pelvic-floor-the-hidden-foundation\/","title":{"rendered":"A medencefen\u00e9k: A rejtett alap\u00edtv\u00e1ny"},"content":{"rendered":"<p>A medencefen\u00e9k funkci\u00f3j\u00e1r\u00f3l m\u00e9g mindig keveset besz\u00e9lnek, \u00edgy sokan nem rendelkeznek a megfelel\u0151 nyelvi \u00e9s eg\u00e9szs\u00e9g\u00fcgyi ismeretekkel ahhoz, hogy id\u0151ben felismerj\u00e9k a probl\u00e9m\u00e1kat. Ez a webin\u00e1rium a medencefen\u00e9k anat\u00f3mi\u00e1j\u00e1t \u00e9s m\u0171k\u00f6d\u00e9s\u00e9t, a m\u00edtoszokat \u00e9s a gyakori t\u00fcneteket, az \u00e9letkor\/genetika\/terhess\u00e9g hat\u00e1s\u00e1t - \u00e9s azt, hogy mi t\u00e1mogatja a medencefen\u00e9k eg\u00e9szs\u00e9g\u00e9t eg\u00e9sz \u00e9leten \u00e1t.<\/p>","protected":false},"excerpt":{"rendered":"<p>A medencefen\u00e9k funkci\u00f3j\u00e1r\u00f3l m\u00e9g mindig keveset besz\u00e9lnek, \u00edgy sokan nem rendelkeznek a megfelel\u0151 nyelvi \u00e9s eg\u00e9szs\u00e9g\u00fcgyi ismeretekkel ahhoz, hogy id\u0151ben felismerj\u00e9k a probl\u00e9m\u00e1kat. Ez a webin\u00e1rium a medencefen\u00e9k anat\u00f3mi\u00e1j\u00e1t \u00e9s m\u0171k\u00f6d\u00e9s\u00e9t, a m\u00edtoszokat \u00e9s a gyakori t\u00fcneteket, az \u00e9letkor\/genetika\/terhess\u00e9g hat\u00e1s\u00e1t - \u00e9s azt, hogy mi t\u00e1mogatja a medencefen\u00e9k eg\u00e9szs\u00e9g\u00e9t eg\u00e9sz \u00e9leten \u00e1t.<\/p>","protected":false},"featured_media":362232,"template":"","meta":{"_acf_changed":false,"_seopress_robots_primary_cat":"","_seopress_titles_title":"","_seopress_titles_desc":"","_seopress_robots_index":"","_seopress_analysis_target_kw":""},"product_brand":[],"product_cat":[101],"product_tag":[],"class_list":{"0":"post-362228","1":"product","2":"type-product","3":"status-publish","4":"has-post-thumbnail","6":"product_cat-ticket","8":"first","9":"instock","10":"virtual","11":"taxable","12":"purchasable","13":"product-type-simple"},"bundled_by":[],"bundle_stock_status":"instock","bundle_stock_quantity":null,"bundle_virtual":false,"bundle_layout":"","bundle_add_to_cart_form_location":"","bundle_editable_in_cart":false,"bundle_sold_individually_context":"","bundle_item_grouping":"","bundle_min_size":"","bundle_max_size":"","bundle_price":[],"bundled_items":[],"bundle_sell_ids":[],"acf":[],"_links":{"self":[{"href":"https:\/\/www.qxworld.eu\/hu\/wp-json\/wp\/v2\/product\/362228","targetHints":{"allow":["GET"]}}],"collection":[{"href":"https:\/\/www.qxworld.eu\/hu\/wp-json\/wp\/v2\/product"}],"about":[{"href":"https:\/\/www.qxworld.eu\/hu\/wp-json\/wp\/v2\/types\/product"}],"wp:featuredmedia":[{"embeddable":true,"href":"https:\/\/www.qxworld.eu\/hu\/wp-json\/wp\/v2\/media\/362232"}],"wp:attachment":[{"href":"https:\/\/www.qxworld.eu\/hu\/wp-json\/wp\/v2\/media?parent=362228"}],"wp:term":[{"taxonomy":"product_brand","embeddable":true,"href":"https:\/\/www.qxworld.eu\/hu\/wp-json\/wp\/v2\/product_brand?post=362228"},{"taxonomy":"product_cat","embeddable":true,"href":"https:\/\/www.qxworld.eu\/hu\/wp-json\/wp\/v2\/product_cat?post=362228"},{"taxonomy":"product_tag","embeddable":true,"href":"https:\/\/www.qxworld.eu\/hu\/wp-json\/wp\/v2\/product_tag?post=362228"}],"curies":[{"name":"wp","href":"https:\/\/api.w.org\/{rel}","templated":true}]}}