{"id":362250,"date":"2026-01-26T13:33:52","date_gmt":"2026-01-26T12:33:52","guid":{"rendered":"https:\/\/www.qxworld.eu\/?post_type=product&#038;p=362250"},"modified":"2026-04-15T11:18:32","modified_gmt":"2026-04-15T09:18:32","slug":"fibromyalgia-a-nagy-kameleon","status":"publish","type":"product","link":"https:\/\/www.qxworld.eu\/hu\/product\/fibromyalgia-the-great-chameleon\/","title":{"rendered":"Fibromyalgia - a kr\u00f3nikus betegs\u00e9gek nagy kam\u00e9leonja"},"content":{"rendered":"<div data-v-85776206=\"\">\n<div data-v-85776206=\"\">\n<div class=\"split-line topic4Detail-item detail-item\" data-v-102c4052=\"\" data-v-85776206=\"\">\n<div class=\"zm-form-item mgb-md is-no-asterisk\" data-v-102c4052=\"\">\n<div class=\"zm-form-item__content\">\n<p id=\"agenda\" class=\"pdt-xs pdb-xs w-sp\" data-v-102c4052=\"\">A fibromyalgia a hossz\u00fa t\u00e1v\u00fa stressz, az \u00e9rzelmi terhel\u00e9s, az ANS szab\u00e1lyoz\u00e1s\u00e1nak zavara, az \u00e9letm\u00f3dbeli egyens\u00falyhi\u00e1ny \u00e9s m\u00e9g sok m\u00e1s t\u00e9nyez\u0151 \u00f6sszetett k\u00f6lcs\u00f6nhat\u00e1s\u00e1b\u00f3l fakad. A t\u00fcnetek fokozatosan alakulnak ki, sz\u00e9les sk\u00e1l\u00e1n mozognak \u00e9s sok m\u00e1s \u2019betegs\u00e9get\u2019 ut\u00e1noznak. Ez az \u00fcl\u00e9s megvil\u00e1g\u00edtja a \u2019MI\u00c9RT\u2019, \u00e9s megmutatja a holisztikus, egy\u00fctt\u00e9rz\u0151 megk\u00f6zel\u00edt\u00e9s el\u0151nyeit.<\/p>\n<\/div>\n<\/div>\n<\/div>\n<\/div>\n<\/div>","protected":false},"excerpt":{"rendered":"<p>A fibromyalgia a hossz\u00fa t\u00e1v\u00fa stressz, az \u00e9rzelmi terhel\u00e9s, az ANS szab\u00e1lyoz\u00e1s\u00e1nak zavara, az \u00e9letm\u00f3dbeli egyens\u00falyhi\u00e1ny \u00e9s m\u00e9g sok m\u00e1s t\u00e9nyez\u0151 \u00f6sszetett k\u00f6lcs\u00f6nhat\u00e1s\u00e1b\u00f3l fakad. A t\u00fcnetek fokozatosan alakulnak ki, sz\u00e9les sk\u00e1l\u00e1n mozognak \u00e9s sok m\u00e1s \u2019betegs\u00e9get\u2019 ut\u00e1noznak. Ez az \u00fcl\u00e9s megvil\u00e1g\u00edtja a \u2019MI\u00c9RT\u2019, \u00e9s megmutatja a holisztikus, egy\u00fctt\u00e9rz\u0151 megk\u00f6zel\u00edt\u00e9s el\u0151nyeit.<\/p>","protected":false},"featured_media":362253,"template":"","meta":{"_acf_changed":false,"_seopress_robots_primary_cat":"none","_seopress_titles_title":"Fundamentals of equine and canine skeleton.","_seopress_titles_desc":"","_seopress_robots_index":""},"product_brand":[],"product_cat":[101],"product_tag":[],"class_list":{"0":"post-362250","1":"product","2":"type-product","3":"status-publish","4":"has-post-thumbnail","6":"product_cat-ticket","8":"first","9":"instock","10":"virtual","11":"taxable","12":"purchasable","13":"product-type-simple"},"bundled_by":[],"bundle_stock_status":"instock","bundle_stock_quantity":null,"bundle_virtual":false,"bundle_layout":"","bundle_add_to_cart_form_location":"","bundle_editable_in_cart":false,"bundle_sold_individually_context":"","bundle_item_grouping":"","bundle_min_size":"","bundle_max_size":"","bundle_price":[],"bundled_items":[],"bundle_sell_ids":[],"acf":[],"_links":{"self":[{"href":"https:\/\/www.qxworld.eu\/hu\/wp-json\/wp\/v2\/product\/362250","targetHints":{"allow":["GET"]}}],"collection":[{"href":"https:\/\/www.qxworld.eu\/hu\/wp-json\/wp\/v2\/product"}],"about":[{"href":"https:\/\/www.qxworld.eu\/hu\/wp-json\/wp\/v2\/types\/product"}],"wp:featuredmedia":[{"embeddable":true,"href":"https:\/\/www.qxworld.eu\/hu\/wp-json\/wp\/v2\/media\/362253"}],"wp:attachment":[{"href":"https:\/\/www.qxworld.eu\/hu\/wp-json\/wp\/v2\/media?parent=362250"}],"wp:term":[{"taxonomy":"product_brand","embeddable":true,"href":"https:\/\/www.qxworld.eu\/hu\/wp-json\/wp\/v2\/product_brand?post=362250"},{"taxonomy":"product_cat","embeddable":true,"href":"https:\/\/www.qxworld.eu\/hu\/wp-json\/wp\/v2\/product_cat?post=362250"},{"taxonomy":"product_tag","embeddable":true,"href":"https:\/\/www.qxworld.eu\/hu\/wp-json\/wp\/v2\/product_tag?post=362250"}],"curies":[{"name":"wp","href":"https:\/\/api.w.org\/{rel}","templated":true}]}}