{"id":363785,"date":"2026-02-10T13:38:47","date_gmt":"2026-02-10T12:38:47","guid":{"rendered":"https:\/\/www.qxworld.eu\/?post_type=product&#038;p=363785"},"modified":"2026-02-10T13:38:49","modified_gmt":"2026-02-10T12:38:49","slug":"a-korai-evek-szamitanak","status":"publish","type":"product","link":"https:\/\/www.qxworld.eu\/hu\/product\/the-early-years-matter\/","title":{"rendered":"A korai \u00e9vek fontosak"},"content":{"rendered":"<p>Fiatal h\u00e1zi\u00e1llatok t\u00e1mogat\u00e1sa a feln\u0151tt\u00e9 v\u00e1l\u00e1s \u00fatj\u00e1n<\/p>","protected":false},"excerpt":{"rendered":"<p>Fiatal h\u00e1zi\u00e1llatok t\u00e1mogat\u00e1sa a feln\u0151tt\u00e9 v\u00e1l\u00e1s \u00fatj\u00e1n<\/p>","protected":false},"featured_media":363829,"template":"","meta":{"_acf_changed":false,"_seopress_robots_primary_cat":"none","_seopress_titles_title":"","_seopress_titles_desc":"","_seopress_robots_index":""},"product_brand":[],"product_cat":[57],"product_tag":[],"class_list":{"0":"post-363785","1":"product","2":"type-product","3":"status-publish","4":"has-post-thumbnail","6":"product_cat-courses","8":"first","9":"instock","10":"taxable","11":"shipping-taxable","12":"purchasable","13":"product-type-simple"},"bundled_by":[],"bundle_stock_status":"instock","bundle_stock_quantity":null,"bundle_virtual":false,"bundle_layout":"","bundle_add_to_cart_form_location":"","bundle_editable_in_cart":false,"bundle_sold_individually_context":"","bundle_item_grouping":"","bundle_min_size":"","bundle_max_size":"","bundle_price":[],"bundled_items":[],"bundle_sell_ids":[],"acf":[],"_links":{"self":[{"href":"https:\/\/www.qxworld.eu\/hu\/wp-json\/wp\/v2\/product\/363785","targetHints":{"allow":["GET"]}}],"collection":[{"href":"https:\/\/www.qxworld.eu\/hu\/wp-json\/wp\/v2\/product"}],"about":[{"href":"https:\/\/www.qxworld.eu\/hu\/wp-json\/wp\/v2\/types\/product"}],"wp:featuredmedia":[{"embeddable":true,"href":"https:\/\/www.qxworld.eu\/hu\/wp-json\/wp\/v2\/media\/363829"}],"wp:attachment":[{"href":"https:\/\/www.qxworld.eu\/hu\/wp-json\/wp\/v2\/media?parent=363785"}],"wp:term":[{"taxonomy":"product_brand","embeddable":true,"href":"https:\/\/www.qxworld.eu\/hu\/wp-json\/wp\/v2\/product_brand?post=363785"},{"taxonomy":"product_cat","embeddable":true,"href":"https:\/\/www.qxworld.eu\/hu\/wp-json\/wp\/v2\/product_cat?post=363785"},{"taxonomy":"product_tag","embeddable":true,"href":"https:\/\/www.qxworld.eu\/hu\/wp-json\/wp\/v2\/product_tag?post=363785"}],"curies":[{"name":"wp","href":"https:\/\/api.w.org\/{rel}","templated":true}]}}