{"id":363814,"date":"2026-02-10T13:38:31","date_gmt":"2026-02-10T12:38:31","guid":{"rendered":"https:\/\/www.qxworld.eu\/?post_type=product&#038;p=363814"},"modified":"2026-02-10T13:38:34","modified_gmt":"2026-02-10T12:38:34","slug":"az-oregedes-utjanak-tisztelete","status":"publish","type":"product","link":"https:\/\/www.qxworld.eu\/hu\/product\/honoring-the-aging-journey\/","title":{"rendered":"Az \u00f6reged\u0151 utaz\u00e1s tisztelete"},"content":{"rendered":"<p>Holisztikus gondoskod\u00e1s az id\u0151sek \u00e1llati t\u00e1rsai sz\u00e1m\u00e1ra<\/p>","protected":false},"excerpt":{"rendered":"<p>Holisztikus gondoskod\u00e1s az id\u0151sek \u00e1llati t\u00e1rsai sz\u00e1m\u00e1ra<\/p>","protected":false},"featured_media":363829,"template":"","meta":{"_acf_changed":false,"_seopress_robots_primary_cat":"none","_seopress_titles_title":"","_seopress_titles_desc":"","_seopress_robots_index":""},"product_brand":[],"product_cat":[57],"product_tag":[],"class_list":{"0":"post-363814","1":"product","2":"type-product","3":"status-publish","4":"has-post-thumbnail","6":"product_cat-courses","8":"first","9":"instock","10":"taxable","11":"shipping-taxable","12":"purchasable","13":"product-type-simple"},"bundled_by":[],"bundle_stock_status":"instock","bundle_stock_quantity":null,"bundle_virtual":false,"bundle_layout":"","bundle_add_to_cart_form_location":"","bundle_editable_in_cart":false,"bundle_sold_individually_context":"","bundle_item_grouping":"","bundle_min_size":"","bundle_max_size":"","bundle_price":[],"bundled_items":[],"bundle_sell_ids":[],"acf":[],"_links":{"self":[{"href":"https:\/\/www.qxworld.eu\/hu\/wp-json\/wp\/v2\/product\/363814","targetHints":{"allow":["GET"]}}],"collection":[{"href":"https:\/\/www.qxworld.eu\/hu\/wp-json\/wp\/v2\/product"}],"about":[{"href":"https:\/\/www.qxworld.eu\/hu\/wp-json\/wp\/v2\/types\/product"}],"wp:featuredmedia":[{"embeddable":true,"href":"https:\/\/www.qxworld.eu\/hu\/wp-json\/wp\/v2\/media\/363829"}],"wp:attachment":[{"href":"https:\/\/www.qxworld.eu\/hu\/wp-json\/wp\/v2\/media?parent=363814"}],"wp:term":[{"taxonomy":"product_brand","embeddable":true,"href":"https:\/\/www.qxworld.eu\/hu\/wp-json\/wp\/v2\/product_brand?post=363814"},{"taxonomy":"product_cat","embeddable":true,"href":"https:\/\/www.qxworld.eu\/hu\/wp-json\/wp\/v2\/product_cat?post=363814"},{"taxonomy":"product_tag","embeddable":true,"href":"https:\/\/www.qxworld.eu\/hu\/wp-json\/wp\/v2\/product_tag?post=363814"}],"curies":[{"name":"wp","href":"https:\/\/api.w.org\/{rel}","templated":true}]}}