{"id":365107,"date":"2026-02-11T10:29:30","date_gmt":"2026-02-11T09:29:30","guid":{"rendered":"https:\/\/www.qxworld.eu\/?post_type=product&#038;p=365107"},"modified":"2026-02-11T10:56:59","modified_gmt":"2026-02-11T09:56:59","slug":"vissza-az-alapokhoz-homeopatia-es-holisztikus-gondozas-4-resz","status":"publish","type":"product","link":"https:\/\/www.qxworld.eu\/hu\/product\/back-to-basics-homeopathy-and-holistic-care-part-4\/","title":{"rendered":"Vissza az alapokhoz: Homeop\u00e1tia \u00e9s holisztikus gondoz\u00e1s - 4. r\u00e9sz."},"content":{"rendered":"<p>V\u00e1gja \u00e1t a zajt - t\u00e9rjen vissza a gy\u00f6k\u00e9rszint\u0171 gy\u00f3gyul\u00e1shoz a homeop\u00e1ti\u00e1val \u00e9s a holisztikus gondoz\u00e1ssal.<\/p>\n<p>Felh\u00edvjuk figyelm\u00e9t, hogy a webin\u00e1riumon val\u00f3 r\u00e9szv\u00e9telhez regisztr\u00e1lt Zoom-fi\u00f3kra van sz\u00fcks\u00e9g. Regisztr\u00e1lhat <a href=\"https:\/\/zoom.us\/signup\" data-type=\"link\" data-id=\"https:\/\/zoom.us\/signup\"><strong>itt<\/strong><\/a>. Felh\u00edvjuk tov\u00e1bb\u00e1 figyelm\u00e9t, hogy a webin\u00e1rium regisztr\u00e1ci\u00f3ja 30 perccel a tervezett kezd\u00e9s el\u0151tt le\u00e1ll.<\/p>","protected":false},"excerpt":{"rendered":"<p>V\u00e1gja \u00e1t a zajt - t\u00e9rjen vissza a gy\u00f6k\u00e9rszint\u0171 gy\u00f3gyul\u00e1shoz a homeop\u00e1ti\u00e1val \u00e9s a holisztikus gondoz\u00e1ssal. Felh\u00edvjuk figyelm\u00e9t, hogy a webin\u00e1riumon val\u00f3 r\u00e9szv\u00e9telhez regisztr\u00e1lt Zoom-fi\u00f3kra van sz\u00fcks\u00e9g. Regisztr\u00e1lni itt tud. Tov\u00e1bb\u00e1 k\u00e9rj\u00fck, vegye figyelembe, hogy a webin\u00e1rium regisztr\u00e1ci\u00f3ja 30 perccel a tervezett kezd\u00e9s el\u0151tt le\u00e1ll.<\/p>","protected":false},"featured_media":365109,"template":"","meta":{"_acf_changed":false,"_seopress_robots_primary_cat":"none","_seopress_titles_title":"","_seopress_titles_desc":"","_seopress_robots_index":""},"product_brand":[],"product_cat":[101],"product_tag":[],"class_list":{"0":"post-365107","1":"product","2":"type-product","3":"status-publish","4":"has-post-thumbnail","6":"product_cat-ticket","8":"first","9":"instock","10":"virtual","11":"taxable","12":"purchasable","13":"product-type-simple"},"bundled_by":[],"bundle_stock_status":"instock","bundle_stock_quantity":null,"bundle_virtual":false,"bundle_layout":"","bundle_add_to_cart_form_location":"","bundle_editable_in_cart":false,"bundle_sold_individually_context":"","bundle_item_grouping":"","bundle_min_size":"","bundle_max_size":"","bundle_price":[],"bundled_items":[],"bundle_sell_ids":[],"acf":[],"_links":{"self":[{"href":"https:\/\/www.qxworld.eu\/hu\/wp-json\/wp\/v2\/product\/365107","targetHints":{"allow":["GET"]}}],"collection":[{"href":"https:\/\/www.qxworld.eu\/hu\/wp-json\/wp\/v2\/product"}],"about":[{"href":"https:\/\/www.qxworld.eu\/hu\/wp-json\/wp\/v2\/types\/product"}],"wp:featuredmedia":[{"embeddable":true,"href":"https:\/\/www.qxworld.eu\/hu\/wp-json\/wp\/v2\/media\/365109"}],"wp:attachment":[{"href":"https:\/\/www.qxworld.eu\/hu\/wp-json\/wp\/v2\/media?parent=365107"}],"wp:term":[{"taxonomy":"product_brand","embeddable":true,"href":"https:\/\/www.qxworld.eu\/hu\/wp-json\/wp\/v2\/product_brand?post=365107"},{"taxonomy":"product_cat","embeddable":true,"href":"https:\/\/www.qxworld.eu\/hu\/wp-json\/wp\/v2\/product_cat?post=365107"},{"taxonomy":"product_tag","embeddable":true,"href":"https:\/\/www.qxworld.eu\/hu\/wp-json\/wp\/v2\/product_tag?post=365107"}],"curies":[{"name":"wp","href":"https:\/\/api.w.org\/{rel}","templated":true}]}}