{"id":18294,"date":"2021-10-15T14:02:02","date_gmt":"2021-10-15T12:02:02","guid":{"rendered":"https:\/\/www.qxworld.eu\/?page_id=18294"},"modified":"2021-10-19T11:09:36","modified_gmt":"2021-10-19T09:09:36","slug":"omnis-oppdatering-gammel","status":"publish","type":"page","link":"https:\/\/www.qxworld.eu\/nb\/omnis-update-old\/","title":{"rendered":"Omnis Update [OLD]"},"content":{"rendered":"<h1 style=\"\">Ta spranget og sjekk ut den splitter nye nettsiden til QX World!<\/h1>\n<h1 style=\"\">Ta spranget og sjekk ut den splitter nye nettsiden til QX World!<\/h1>\n<p><span><img loading=\"lazy\" decoding=\"async\" alt=\"\" data-id=\"71\" data-init-width=\"1000\" data-init-height=\"417\" title=\"omnis_logo_wh\" src=\"https:\/\/www.qxworld.eu\/wp-content\/uploads\/2021\/10\/omnis_logo_wh-1.png\" data-width=\"457\" data-height=\"191\" style=\"\" width=\"457\" height=\"191\"><\/span><\/p>\n<h1 style=\"text-align: center;\">OMNIS ER HER<\/h1>\n<p style=\"text-align: center;\">OPPDATER SCIO, EDUCTOR OG INDIGO N\u00c5!<\/p>\n<h2 style=\"text-align: center;\">HVORFOR OPPGRADERE?<\/h2>\n<p><span style=\"\"><img loading=\"lazy\" decoding=\"async\" alt=\"\" data-id=\"18403\" data-init-width=\"1920\" data-init-height=\"1403\" title=\"webside_01\" src=\"https:\/\/www.qxworld.eu\/wp-content\/uploads\/2021\/10\/webside_01.jpg\" data-width=\"422\" data-height=\"308\" style=\"\" width=\"422\" height=\"308\" ml-d=\"0\" mt-d=\"-350.5315\"><\/span><\/p>\n<h4 style=\"\">HELT NYTT UTSEENDE OG NY BRUKEROPPLEVELSE<\/h4>\n<p>En fantastisk ansiktsl\u00f8ftning som gir brukervennlighet, visuelt mer attraktiv, ved hjelp av ensartede bakgrunner, omorganiserte og samme st\u00f8rrelse knapper, kategorisering etter fargebruk bakgrunn og mye mer!<\/p>\n<h4 style=\"\">AUTOMATISK ENHETSGJENKJENNING<\/h4>\n<p>Automatisk enhetsgjenkjenning: Programmet gjenkjenner automatisk enheten som er tilkoblet, du trenger ikke \u00e5 stille inn kommunikasjonsporten, og du kan koble til og fra enheten under \u00f8kten uten \u00e5 m\u00e5tte lukke hovedprogrammet!<\/p>\n<h4 style=\"\">STR\u00d8MLINJEFORMET AKTIVERING<\/h4>\n<p>Sentralisert oppdatering og aktivering fra QXSUBSPACE-appen. Hva betyr dette? Du trenger ikke lenger \u00e5 starte programmet for \u00e5 aktivere!<\/p>\n<p>Aktiver i appen, og kj\u00f8r deretter programmet ditt uten avbrudd, raskt og enkelt!&nbsp;<\/p>\n<h4 style=\"\">UTVIDET RAPPORTERING<\/h4>\n<p style=\"\">Smart rapportfunksjon i flere lag, som gir klienten og terapeuten verdifull og kompatibel informasjon!<\/p>\n<p><span><img loading=\"lazy\" decoding=\"async\" alt=\"\" data-id=\"18418\" data-init-width=\"1920\" data-init-height=\"1403\" title=\"webside_02\" src=\"https:\/\/www.qxworld.eu\/wp-content\/uploads\/2021\/10\/webside_02.jpg\" data-width=\"488\" data-height=\"357\" style=\"\" width=\"488\" height=\"357\" mt-d=\"0\"><\/span><span style=\"\"><img loading=\"lazy\" decoding=\"async\" alt=\"\" data-id=\"19422\" data-init-width=\"1920\" data-init-height=\"1403\" title=\"webside_03\" src=\"https:\/\/www.qxworld.eu\/wp-content\/uploads\/2021\/10\/webside_03.jpg\" data-width=\"534\" data-height=\"390\" style=\"\" width=\"534\" height=\"390\" ml-d=\"0\" mt-d=\"-350.5315\"><\/span><\/p>\n<h4>BYTT SPR\u00c5K UNDERVEIS<\/h4>\n<p dir=\"ltr\">Direkte spr\u00e5kveksler: bytt fra engelsk til et annet spr\u00e5k MENS \u00f8kten kj\u00f8rer!&nbsp;<\/p>\n<h4 style=\"\">FUNGERER MED ENDA FLERE ENHETER!<\/h4>\n<p dir=\"ltr\">Kommunikasjonen med enheten er fullstendig omskrevet for \u00e5 bli raskere, mer effektiv og tilpasningsdyktig for \u00e5 skape kompatibilitet med andre operativsystemer som iOS, Mac, Linux og Android.<\/p>\n<h2 style=\"text-align: center;\">HVORDAN OPPGRADERER JEG?<\/h2>\n<h1 style=\"\">Bli kjent med alle de nye funksjonene!<\/h1>\n<p style=\"\">Last ned OMNIS kickstartguide!<\/p>\n<h2 style=\"text-align: center;\">Bonuser!<\/h2>\n<p style=\"text-align: center;\">Vi har forberedt noen ekstra godbiter til deg!<\/p>\n<h4 data-hide=\"true\" style=\"text-align: center;\">OMNIS - EN PORTAL TIL EN NY DIMENSJON<\/h4>\n<h4 data-hide=\"true\" style=\"text-align: center;\">DETALJERT OPPGRADERINGSMANUAL<\/h4>\n<h4 data-hide=\"true\" style=\"text-align: center;\">OMNIS SMART REPORT MANUAL<\/h4>\n<h4 data-hide=\"true\" style=\"text-align: center;\">DEN NYE SKANNINGSMANUALEN FRA DEGEN<\/h4>\n<h2 style=\"text-align: center;\">QXSTRIANERE SOM ELSKER OMNIS<\/h2>\n<p><span><img loading=\"lazy\" decoding=\"async\" alt=\"\" data-id=\"2999\" data-init-width=\"250\" data-init-height=\"250\" title=\"Ommi_testimonial-7\" src=\"https:\/\/www.qxworld.eu\/wp-content\/uploads\/2021\/10\/Ommi_testimonial-7.jpg\" data-width=\"100\" data-height=\"100\" style=\"\" width=\"100\" height=\"100\"><\/span><\/p>\n<h5 style=\"text-align: center;\">Dr. Julia S., Baltimore<\/h5>\n<p style=\"\">\"OMNIS gir oss virkelig dypere innsikt i l\u00f8pet av \u00f8ktene v\u00e5re, og det er absolutt en forbedring i forhold til EDUCTOR64.\"<\/p>\n<p><span><img loading=\"lazy\" decoding=\"async\" alt=\"\" data-id=\"2997\" data-init-width=\"250\" data-init-height=\"250\" title=\"Ommi_testimonial-5\" src=\"https:\/\/www.qxworld.eu\/wp-content\/uploads\/2021\/10\/Ommi_testimonial-5.jpg\" data-width=\"100\" data-height=\"100\" style=\"\" width=\"100\" height=\"100\"><\/span><\/p>\n<h5 style=\"text-align: center;\">Dr. Muhammad D., New Delhi<\/h5>\n<p style=\"\">\"Det jeg liker spesielt godt med OMNIS, er m\u00e5ten det integrerer alle disse komplekse modulene p\u00e5.\"<\/p>\n<p><span><img loading=\"lazy\" decoding=\"async\" alt=\"\" data-id=\"3001\" data-init-width=\"250\" data-init-height=\"250\" title=\"Ommi_testimonial-10\" src=\"https:\/\/www.qxworld.eu\/wp-content\/uploads\/2021\/10\/Ommi_testimonial-10.jpg\" data-width=\"100\" data-height=\"100\" style=\"\" width=\"100\" height=\"100\"><\/span><\/p>\n<h5 style=\"text-align: center;\">Genevieve A., Paris<\/h5>\n<p style=\"\">\"Enkelt \u00e5 bruke, vanskelig \u00e5 mestre. Heldigvis hjelper folkene hos QX og den enorme mengden oppl\u00e6ringsmateriell meg med \u00e5 holde meg oppdatert p\u00e5 de nye funksjonene.\"<\/p>\n<p style=\"text-align: center;\">Ansvarsfraskrivelse om personvernFor \u00e5 respektere loven om pasienters personvern og medisinsk konfidensialitet, ble noen navn og illustrasjoner endret<\/p>\n<h2 style=\"\">Bli en QXstrian!<\/h2>\n<p style=\"\">Abonner p\u00e5 v\u00e5rt nyhetsbrev!<\/p>","protected":false},"excerpt":{"rendered":"<p>Take a leap and check out the brand new website of QX World! Take a leap and check out the brand new website of QX World! OMNIS IS HERE UPDATE YOUR SCIO, EDUCTOR &amp; INDIGO DEVICES NOW! WHY UPGRADE? BRAND NEW LOOKS AND USER EXPERIENCE An amazing facelift providing user friendliness, visually more attractive, using [&hellip;]<\/p>\n","protected":false},"author":28,"featured_media":0,"parent":0,"menu_order":0,"comment_status":"closed","ping_status":"closed","template":"","meta":{"_acf_changed":false,"_seopress_robots_primary_cat":"","_seopress_titles_title":"","_seopress_titles_desc":"","_seopress_robots_index":"","footnotes":""},"class_list":["post-18294","page","type-page","status-publish","hentry"],"acf":[],"_links":{"self":[{"href":"https:\/\/www.qxworld.eu\/nb\/wp-json\/wp\/v2\/pages\/18294","targetHints":{"allow":["GET"]}}],"collection":[{"href":"https:\/\/www.qxworld.eu\/nb\/wp-json\/wp\/v2\/pages"}],"about":[{"href":"https:\/\/www.qxworld.eu\/nb\/wp-json\/wp\/v2\/types\/page"}],"author":[{"embeddable":true,"href":"https:\/\/www.qxworld.eu\/nb\/wp-json\/wp\/v2\/users\/28"}],"replies":[{"embeddable":true,"href":"https:\/\/www.qxworld.eu\/nb\/wp-json\/wp\/v2\/comments?post=18294"}],"version-history":[{"count":0,"href":"https:\/\/www.qxworld.eu\/nb\/wp-json\/wp\/v2\/pages\/18294\/revisions"}],"wp:attachment":[{"href":"https:\/\/www.qxworld.eu\/nb\/wp-json\/wp\/v2\/media?parent=18294"}],"curies":[{"name":"wp","href":"https:\/\/api.w.org\/{rel}","templated":true}]}}