{"id":1921,"date":"2021-04-27T11:20:32","date_gmt":"2021-04-27T09:20:32","guid":{"rendered":"https:\/\/qxworld.eu\/?page_id=1921"},"modified":"2026-01-29T09:26:39","modified_gmt":"2026-01-29T08:26:39","slug":"refund-return","status":"publish","type":"page","link":"https:\/\/www.qxworld.eu\/nb\/refund-return\/","title":{"rendered":"Refusjon og retur"},"content":{"rendered":"<div data-elementor-type=\"wp-page\" data-elementor-id=\"1921\" class=\"elementor elementor-1921\" data-elementor-post-type=\"page\">\n\t\t\t\t\t\t<section class=\"elementor-section elementor-top-section elementor-element elementor-element-3fbbc423 elementor-section-full_width elementor-section-height-default elementor-section-height-default\" data-id=\"3fbbc423\" data-element_type=\"section\" data-e-type=\"section\" data-settings=\"{&quot;background_background&quot;:&quot;classic&quot;,&quot;jet_parallax_layout_list&quot;:[]}\">\n\t\t\t\t\t\t<div class=\"elementor-container elementor-column-gap-default\">\n\t\t\t\t\t<div class=\"elementor-column elementor-col-100 elementor-top-column elementor-element elementor-element-3dd68391\" data-id=\"3dd68391\" data-element_type=\"column\" data-e-type=\"column\">\n\t\t\t<div class=\"elementor-widget-wrap elementor-element-populated\">\n\t\t\t\t\t\t<div class=\"elementor-element elementor-element-4899b041 elementor-widget elementor-widget-heading\" data-id=\"4899b041\" data-element_type=\"widget\" data-e-type=\"widget\" data-widget_type=\"heading.default\">\n\t\t\t\t<div class=\"elementor-widget-container\">\n\t\t\t\t\t<h1 class=\"elementor-heading-title elementor-size-default\">Refusjon og retur<\/h1>\t\t\t\t<\/div>\n\t\t\t\t<\/div>\n\t\t\t\t\t<\/div>\n\t\t<\/div>\n\t\t\t\t\t<\/div>\n\t\t<\/section>\n\t\t\t\t<section class=\"elementor-section elementor-top-section elementor-element elementor-element-940e4b6 elementor-section-full_width elementor-section-height-default elementor-section-height-default\" data-id=\"940e4b6\" data-element_type=\"section\" data-e-type=\"section\" data-settings=\"{&quot;background_background&quot;:&quot;classic&quot;,&quot;jet_parallax_layout_list&quot;:[]}\">\n\t\t\t\t\t\t<div class=\"elementor-container elementor-column-gap-default\">\n\t\t\t\t\t<div class=\"elementor-column elementor-col-100 elementor-top-column elementor-element elementor-element-edbb1d7\" data-id=\"edbb1d7\" data-element_type=\"column\" data-e-type=\"column\">\n\t\t\t<div class=\"elementor-widget-wrap elementor-element-populated\">\n\t\t\t\t\t\t<div class=\"elementor-element elementor-element-613ef46 elementor-widget elementor-widget-text-editor\" data-id=\"613ef46\" data-element_type=\"widget\" data-e-type=\"widget\" data-widget_type=\"text-editor.default\">\n\t\t\t\t<div class=\"elementor-widget-container\">\n\t\t\t\t\t\t\t\t\t<p>Takk for at du handlet hos qxworld.eu! Vi h\u00e5per opplevelsen din var hyggelig, og vi h\u00e5per \u00e5 se deg snart! V\u00e5rt selskap streber etter \u00e5 n\u00e5 de h\u00f8yeste kvalitetsstandarder og sikre en god shoppingopplevelse!<\/p><p>\u00a0<\/p><p>However if you are not entirely satisfied with your purchase, below you have our terms and conditions regarding the return, refund and shipping policies.<\/p><p>\u00a0<\/p><p>You have 15 calendar days to return an item from the date you received it. To be eligible for a return, your item must be unused and in the same condition that you received it. Your item must be in the original packaging and needs to have the receipt or proof of purchase.<\/p><p>\u00a0<\/p><p>Once we receive your item, we will inspect it and notify you that we have received your returned item. We will immediately notify you on the status of your refund after inspecting the item. If your return is approved, we will initiate a refund to your credit card (or original method of payment). You will receive the credit within 30 days, depending on your card issuer\u2019s policies.<\/p><p>\u00a0<\/p><p>You will be responsible for paying for your own shipping costs for returning your item. Shipping costs are non\u00adrefundable. If you receive a refund, the cost of return shipping will be deducted from your refund.<\/p>\t\t\t\t\t\t\t\t<\/div>\n\t\t\t\t<\/div>\n\t\t\t\t\t<\/div>\n\t\t<\/div>\n\t\t\t\t\t<\/div>\n\t\t<\/section>\n\t\t\t\t<\/div>","protected":false},"excerpt":{"rendered":"<p>Refund &amp; return Thank you for shopping at qxworld.eu! We hope your experience was pleasant and we hope to see you soon! Our company strives to reach the highest standards of quality and ensure a great shopping experience! \u00a0 However if you are not entirely satisfied with your purchase, below you have our terms and [&hellip;]<\/p>\n","protected":false},"author":1,"featured_media":0,"parent":0,"menu_order":0,"comment_status":"closed","ping_status":"closed","template":"elementor_header_footer","meta":{"_acf_changed":false,"_seopress_robots_primary_cat":"","_seopress_titles_title":"","_seopress_titles_desc":"","_seopress_robots_index":"","footnotes":""},"class_list":["post-1921","page","type-page","status-publish","hentry"],"acf":[],"_links":{"self":[{"href":"https:\/\/www.qxworld.eu\/nb\/wp-json\/wp\/v2\/pages\/1921","targetHints":{"allow":["GET"]}}],"collection":[{"href":"https:\/\/www.qxworld.eu\/nb\/wp-json\/wp\/v2\/pages"}],"about":[{"href":"https:\/\/www.qxworld.eu\/nb\/wp-json\/wp\/v2\/types\/page"}],"author":[{"embeddable":true,"href":"https:\/\/www.qxworld.eu\/nb\/wp-json\/wp\/v2\/users\/1"}],"replies":[{"embeddable":true,"href":"https:\/\/www.qxworld.eu\/nb\/wp-json\/wp\/v2\/comments?post=1921"}],"version-history":[{"count":6,"href":"https:\/\/www.qxworld.eu\/nb\/wp-json\/wp\/v2\/pages\/1921\/revisions"}],"predecessor-version":[{"id":362460,"href":"https:\/\/www.qxworld.eu\/nb\/wp-json\/wp\/v2\/pages\/1921\/revisions\/362460"}],"wp:attachment":[{"href":"https:\/\/www.qxworld.eu\/nb\/wp-json\/wp\/v2\/media?parent=1921"}],"curies":[{"name":"wp","href":"https:\/\/api.w.org\/{rel}","templated":true}]}}