{"id":130172,"date":"2022-02-11T18:05:57","date_gmt":"2022-02-11T16:05:57","guid":{"rendered":"https:\/\/www.qxworld.eu\/product\/electroacupuncture-a-tool-at-your-disposal-learn-how-to-easily-access-it-and-use-it"},"modified":"2023-06-26T13:59:44","modified_gmt":"2023-06-26T11:59:44","slug":"elektroakupunktur-et-verktoy-til-din-disposisjon-laer-hvordan-du-enkelt-far-tilgang-til-det-og-bruker-det-2","status":"publish","type":"product","link":"https:\/\/www.qxworld.eu\/nb\/product\/electroacupuncture-a-tool-at-your-disposal-learn-how-to-easily-access-it-and-use-it\/","title":{"rendered":"Elektroakupunktur - et verkt\u00f8y til din disposisjon! L\u00e6r hvordan du enkelt f\u00e5r tilgang til det og bruker det!"},"content":{"rendered":"<p><span style=\"font-weight: 400;\">Visste du at elektroakupunktur er en av grunnpilarene som teknologien v\u00e5r bygger p\u00e5?<\/span><\/p>\n<p><span style=\"font-weight: 400;\">Hvis du \u00f8nsker \u00e5 l\u00e6re mer om hva elektroakupunktur inneb\u00e6rer og hvilke fordeler og viktige aspekter ved elektroakupunktur som finnes, er du p\u00e5 rett plass her hos oss!<\/span><\/p>\n<p><span style=\"font-weight: 400;\">Benytt anledningen og bli med oss den 15. mars kl. 17.00 norsk tid!<\/span><\/p>","protected":false},"excerpt":{"rendered":"<p>Visste du at elektroakupunktur er en av grunnpilarene i v\u00e5r teknologi? Hvis du vil l\u00e6re mer om hva det egentlig betyr og hvilke fordeler og viktigste aspekter ved elektroakupunktur er, er du p\u00e5 plass her hos oss! Benytt anledningen og bli med oss den 15. mars kl. 17.00 CET!<\/p>","protected":false},"featured_media":130171,"template":"","meta":{"_acf_changed":false,"_seopress_robots_primary_cat":"","_seopress_titles_title":"","_seopress_titles_desc":"","_seopress_robots_index":"","_seopress_analysis_target_kw":""},"product_brand":[],"product_cat":[101],"product_tag":[],"class_list":{"0":"post-130172","1":"product","2":"type-product","3":"status-publish","4":"has-post-thumbnail","6":"product_cat-ticket","8":"first","9":"instock","10":"virtual","11":"sold-individually","12":"taxable","13":"purchasable","14":"product-type-simple"},"bundled_by":[],"bundle_stock_status":"instock","bundle_stock_quantity":null,"bundle_virtual":false,"bundle_layout":"","bundle_add_to_cart_form_location":"","bundle_editable_in_cart":false,"bundle_sold_individually_context":"","bundle_item_grouping":"","bundle_min_size":"","bundle_max_size":"","bundle_price":[],"bundled_items":[],"bundle_sell_ids":[],"acf":[],"_links":{"self":[{"href":"https:\/\/www.qxworld.eu\/nb\/wp-json\/wp\/v2\/product\/130172","targetHints":{"allow":["GET"]}}],"collection":[{"href":"https:\/\/www.qxworld.eu\/nb\/wp-json\/wp\/v2\/product"}],"about":[{"href":"https:\/\/www.qxworld.eu\/nb\/wp-json\/wp\/v2\/types\/product"}],"wp:featuredmedia":[{"embeddable":true,"href":"https:\/\/www.qxworld.eu\/nb\/wp-json\/wp\/v2\/media\/130171"}],"wp:attachment":[{"href":"https:\/\/www.qxworld.eu\/nb\/wp-json\/wp\/v2\/media?parent=130172"}],"wp:term":[{"taxonomy":"product_brand","embeddable":true,"href":"https:\/\/www.qxworld.eu\/nb\/wp-json\/wp\/v2\/product_brand?post=130172"},{"taxonomy":"product_cat","embeddable":true,"href":"https:\/\/www.qxworld.eu\/nb\/wp-json\/wp\/v2\/product_cat?post=130172"},{"taxonomy":"product_tag","embeddable":true,"href":"https:\/\/www.qxworld.eu\/nb\/wp-json\/wp\/v2\/product_tag?post=130172"}],"curies":[{"name":"wp","href":"https:\/\/api.w.org\/{rel}","templated":true}]}}