{"id":211403,"date":"2024-02-12T16:45:19","date_gmt":"2024-02-12T14:45:19","guid":{"rendered":"https:\/\/www.qxworld.eu\/product\/holistic-circle-series-emotional-healing-from-the-inside-out\/"},"modified":"2024-03-12T12:44:50","modified_gmt":"2024-03-12T10:44:50","slug":"holistisk-sirkel-serie-emosjonell-healing-fra-innsiden-og-ut-2","status":"publish","type":"product","link":"https:\/\/www.qxworld.eu\/nb\/product\/holistic-circle-series-emotional-healing-from-the-inside-out\/","title":{"rendered":"Holistic Circle Series - Emosjonell: Helbredelse fra innsiden og ut"},"content":{"rendered":"<p>Pleie av emosjonelt velv\u00e6re gjennom den holistiske sirkeltiln\u00e6rmingen i Omnis Software. Bli med p\u00e5 en transformativ reise i helbredelse innenfra og ut, n\u00e5r vi dykker ned i emosjonelt velv\u00e6re gjennom det opplysende prismet til den holistiske sirkeltiln\u00e6rmingen, s\u00f8ml\u00f8st integrert i Omnis Software.<br data-rich-text-line-break=\"true\" \/><br data-rich-text-line-break=\"true\" \/>Oppdag den transformerende kraften som ligger i emosjonelt velv\u00e6re i \"Emotional: Helbredelse innenfra og ut\". I denne innsiktsfulle utforskningen belyser vi de intrikate forbindelsene mellom din emosjonelle balanse og den holistiske veven i den holistiske sirkelen.<br data-rich-text-line-break=\"true\" \/><br data-rich-text-line-break=\"true\" \/>Legg ut p\u00e5 en vei som gir deg mulighet til \u00e5 pleie ditt emosjonelle landskap, fremme motstandskraft, kultivere indre harmoni og omfavne autentisk selvuttrykk, alt forsterket av Omnis-programvarens muligheter. Oppdag det dynamiske samspillet mellom emosjonelt velv\u00e6re, sosiale forbindelser, fysisk vitalitet, mental klarhet og \u00e5ndelig tilpasning, alt orkestrert innenfor et holistisk rammeverk.<br data-rich-text-line-break=\"true\" \/><br data-rich-text-line-break=\"true\" \/>Ved \u00e5 omfavne Holistic Circle-tiln\u00e6rmingen frigj\u00f8r du potensialet for fullstendig velv\u00e6re, der hver fasett av ditt vesen bidrar til en harmonisk helhet. Bli med oss p\u00e5 en ny reise mot emosjonelt velv\u00e6re, veiledet av synergien mellom Holistic Circle og Omnis Software - en transformativ fusjon som gir deg mulighet til \u00e5 trives og helbrede innenfra.<\/p>","protected":false},"excerpt":{"rendered":"<p>Nurturing Emotional Wellness through the Holistic Circle Approach in the Omnis Software. Be apart of a transformative journey of healing from the inside out, as we delve into the realm of emotional wellness through the enlightening prism of the Holistic Circle approach, seamlessly integrated into the Omnis Software.Unveil the transformative power of emotional well-being in [&hellip;]<\/p>\n","protected":false},"featured_media":211404,"template":"","meta":{"_acf_changed":false,"_seopress_robots_primary_cat":"","_seopress_titles_title":"","_seopress_titles_desc":"","_seopress_robots_index":""},"product_brand":[],"product_cat":[101],"product_tag":[],"class_list":{"0":"post-211403","1":"product","2":"type-product","3":"status-publish","4":"has-post-thumbnail","6":"product_cat-ticket","8":"first","9":"instock","10":"virtual","11":"taxable","12":"purchasable","13":"product-type-simple"},"bundled_by":[],"bundle_stock_status":"instock","bundle_stock_quantity":null,"bundle_virtual":false,"bundle_layout":"","bundle_add_to_cart_form_location":"","bundle_editable_in_cart":false,"bundle_sold_individually_context":"","bundle_item_grouping":"","bundle_min_size":"","bundle_max_size":"","bundle_price":[],"bundled_items":[],"bundle_sell_ids":[],"acf":[],"_links":{"self":[{"href":"https:\/\/www.qxworld.eu\/nb\/wp-json\/wp\/v2\/product\/211403","targetHints":{"allow":["GET"]}}],"collection":[{"href":"https:\/\/www.qxworld.eu\/nb\/wp-json\/wp\/v2\/product"}],"about":[{"href":"https:\/\/www.qxworld.eu\/nb\/wp-json\/wp\/v2\/types\/product"}],"wp:featuredmedia":[{"embeddable":true,"href":"https:\/\/www.qxworld.eu\/nb\/wp-json\/wp\/v2\/media\/211404"}],"wp:attachment":[{"href":"https:\/\/www.qxworld.eu\/nb\/wp-json\/wp\/v2\/media?parent=211403"}],"wp:term":[{"taxonomy":"product_brand","embeddable":true,"href":"https:\/\/www.qxworld.eu\/nb\/wp-json\/wp\/v2\/product_brand?post=211403"},{"taxonomy":"product_cat","embeddable":true,"href":"https:\/\/www.qxworld.eu\/nb\/wp-json\/wp\/v2\/product_cat?post=211403"},{"taxonomy":"product_tag","embeddable":true,"href":"https:\/\/www.qxworld.eu\/nb\/wp-json\/wp\/v2\/product_tag?post=211403"}],"curies":[{"name":"wp","href":"https:\/\/api.w.org\/{rel}","templated":true}]}}