{"id":213539,"date":"2024-04-15T12:10:32","date_gmt":"2024-04-15T10:10:32","guid":{"rendered":"https:\/\/www.qxworld.eu\/product\/metamind-8-aging-beauty-through-inner-health-and-bi-face-the-multifaceted-symmetry\/"},"modified":"2024-05-16T09:55:20","modified_gmt":"2024-05-16T07:55:20","slug":"metamind-8-aldrende-skjonnhet-gjennom-indre-helse-og-bi-face-den-mangefasetterte-symmetrien-2","status":"publish","type":"product","link":"https:\/\/www.qxworld.eu\/nb\/product\/metamind-8-aging-beauty-through-inner-health-and-bi-face-the-multifaceted-symmetry\/","title":{"rendered":"METAMIND #8 - Aldring: Skj\u00f8nnhet gjennom indre helse og Bi-Face, den mangefasetterte symmetrien"},"content":{"rendered":"<p><span class=\"NormalTextRun SCXW54474130 BCX9\">V\u00e6r oppmerksom p\u00e5 at du m\u00e5 ha en registrert Zoom-konto <\/span><span class=\"NormalTextRun AdvancedProofingIssueV2Themed SCXW54474130 BCX9\">for \u00e5<\/span> <span class=\"NormalTextRun SCXW54474130 BCX9\">delta<\/span><span class=\"NormalTextRun SCXW54474130 BCX9\"> i denne <\/span><span class=\"NormalTextRun SCXW54474130 BCX9\">webinar<\/span><span class=\"NormalTextRun SCXW54474130 BCX9\">. Du kan registrere deg her: https:\/\/zoom.us\/signup. Ikke glem \u00e5 logge inn p\u00e5 QX-kontoen din f\u00f8r <\/span><span class=\"NormalTextRun SCXW54474130 BCX9\">innkj\u00f8p<\/span><span class=\"NormalTextRun SCXW54474130 BCX9\"> billetten din, slik at du kan f\u00e5 tilgang til det innspilte m\u00f8tet n\u00e5r det <\/span><span class=\"NormalTextRun ContextualSpellingAndGrammarErrorV2Themed SCXW54474130 BCX9\">vil ha<\/span><span class=\"NormalTextRun SCXW54474130 BCX9\"> blitt lastet opp.<\/span><\/p>","protected":false},"excerpt":{"rendered":"<p>V\u00e6r oppmerksom p\u00e5 at du m\u00e5 ha en registrert Zoom-konto for \u00e5 kunne delta p\u00e5 dette webinaret. Du kan registrere deg her: https:\/\/zoom.us\/signup. Ikke glem \u00e5 logge inn p\u00e5 QX-kontoen din f\u00f8r du kj\u00f8per billetten, slik at du kan f\u00e5 tilgang til det innspilte m\u00f8tet n\u00e5r det er lastet opp.<\/p>","protected":false},"featured_media":213540,"template":"","meta":{"_acf_changed":false,"_seopress_robots_primary_cat":"","_seopress_titles_title":"","_seopress_titles_desc":"","_seopress_robots_index":"","_seopress_analysis_target_kw":""},"product_brand":[],"product_cat":[101],"product_tag":[],"class_list":{"0":"post-213539","1":"product","2":"type-product","3":"status-publish","4":"has-post-thumbnail","6":"product_cat-ticket","8":"first","9":"instock","10":"virtual","11":"taxable","12":"purchasable","13":"product-type-simple"},"bundled_by":[],"bundle_stock_status":"instock","bundle_stock_quantity":null,"bundle_virtual":false,"bundle_layout":"","bundle_add_to_cart_form_location":"","bundle_editable_in_cart":false,"bundle_sold_individually_context":"","bundle_item_grouping":"","bundle_min_size":"","bundle_max_size":"","bundle_price":[],"bundled_items":[],"bundle_sell_ids":[],"acf":[],"_links":{"self":[{"href":"https:\/\/www.qxworld.eu\/nb\/wp-json\/wp\/v2\/product\/213539","targetHints":{"allow":["GET"]}}],"collection":[{"href":"https:\/\/www.qxworld.eu\/nb\/wp-json\/wp\/v2\/product"}],"about":[{"href":"https:\/\/www.qxworld.eu\/nb\/wp-json\/wp\/v2\/types\/product"}],"wp:featuredmedia":[{"embeddable":true,"href":"https:\/\/www.qxworld.eu\/nb\/wp-json\/wp\/v2\/media\/213540"}],"wp:attachment":[{"href":"https:\/\/www.qxworld.eu\/nb\/wp-json\/wp\/v2\/media?parent=213539"}],"wp:term":[{"taxonomy":"product_brand","embeddable":true,"href":"https:\/\/www.qxworld.eu\/nb\/wp-json\/wp\/v2\/product_brand?post=213539"},{"taxonomy":"product_cat","embeddable":true,"href":"https:\/\/www.qxworld.eu\/nb\/wp-json\/wp\/v2\/product_cat?post=213539"},{"taxonomy":"product_tag","embeddable":true,"href":"https:\/\/www.qxworld.eu\/nb\/wp-json\/wp\/v2\/product_tag?post=213539"}],"curies":[{"name":"wp","href":"https:\/\/api.w.org\/{rel}","templated":true}]}}