{"id":216055,"date":"2024-06-21T17:02:08","date_gmt":"2024-06-21T15:02:08","guid":{"rendered":"https:\/\/www.qxworld.eu\/?post_type=product&#038;p=216055"},"modified":"2025-06-09T00:00:04","modified_gmt":"2025-06-08T22:00:04","slug":"omnis-explored-advancing-your-journey-in-holistic-health-technology-an-intermediate-guide","status":"publish","type":"product","link":"https:\/\/www.qxworld.eu\/nb\/product\/omnis-explored-advancing-your-journey-in-holistic-health-technology-an-intermediate-guide\/","title":{"rendered":"OMNIS Explored: Fremskritt p\u00e5 din reise innen holistisk helse og teknologi - en veiledning for viderekomne"},"content":{"rendered":"<div class=\"elementor-element elementor-element-6b40c3a elementor-widget elementor-widget-text-editor\" data-id=\"6b40c3a\" data-element_type=\"widget\" data-widget_type=\"text-editor.default\">\n<div class=\"elementor-widget-container\">\n<div class=\"elementor-element elementor-element-22eff2c elementor-widget elementor-widget-text-editor\" data-id=\"22eff2c\" data-element_type=\"widget\" data-widget_type=\"text-editor.default\">\n<p>The intermediate training and guide is crafted to elevate your understanding and navigation skills to deeper levels. By combining the skills acquired in the Beginners training, you will discover new methods for conducting sessions and gain a more profound comprehension of the fundamentals in your Quantum Biofeedback journey.<\/p>\n<\/div>\n<p>Du kan f\u00e5 tilgang til kurset under <a href=\"https:\/\/www.qxworld.eu\/all-courses\/\" target=\"_blank\" rel=\"noopener\">alle kurs<\/a> menyen eller i f\u00f8lgende <a href=\"https:\/\/www.qxworld.eu\/courses\/intermediate-training\/\" target=\"_blank\" rel=\"noopener\">lenke<\/a><\/p>\n<p>&nbsp;<\/p>\n<h4><strong>3 raske trinn for \u00e5 f\u00e5 din <\/strong><b>Digital h\u00e5ndbok<\/b><\/h4>\n<p>&nbsp;<\/p>\n<h5><strong>TRINN 1, Opprett din gratis Adobe-konto<\/strong><\/h5>\n<p>Dette vil skape en <a href=\"https:\/\/account.adobe.com\/\" target=\"_blank\" rel=\"noopener\">gratis Adobe-konto<\/a> du kan bruke for \u00e5 f\u00e5 tilgang til b\u00f8kene dine<\/p>\n<p>&nbsp;<\/p>\n<h5><strong>TRINN 2, Installer Adobe Digital Editions for enheten din<\/strong><\/h5>\n<p>Du m\u00e5 bruke <a href=\"https:\/\/www.adobe.com\/solutions\/ebook\/digital-editions\/download.html\" target=\"_blank\" rel=\"noopener\">Adobe Digital Editions Reader-app<\/a> for \u00e5 se b\u00f8kene dine.<\/p>\n<p><a href=\"https:\/\/adedownload.adobe.com\/pub\/adobe\/digitaleditions\/ADE_4.5_Installer.exe\" target=\"_blank\" rel=\"noopener\">Last ned Digital Edition Windows<\/a><\/p>\n<p><a href=\"https:\/\/adedownload.adobe.com\/pub\/adobe\/digitaleditions\/ADE_4.5_Installer.dmg\" target=\"_blank\" rel=\"noopener\">Last ned Digital Edition Macintosh<\/a><\/p>\n<p>For flere enhetsalternativer, vennligst bes\u00f8k <a href=\"https:\/\/www.adobe.com\/solutions\/ebook\/digital-editions\/download.html\" target=\"_blank\" rel=\"noopener\">Nedlastingsside for Adobe Digital Editions<\/a>.<\/p>\n<p>&nbsp;<\/p>\n<\/div>\n<\/div>\n<p>Pass p\u00e5 at du ikke velger <strong>Installer MacAfee Antivirus<\/strong> under installasjonsprosessen, er dette antivirusprogrammet ikke kompatibelt med v\u00e5r programvare.<\/p>\n<p>Etter at du har installert Adobe Digital Editions, \u00e5pner du Adobe Digital Editions, g\u00e5r til Hjelp, velger Autoriser datamaskin og logger deretter p\u00e5 med Adobe-kontoen du opprettet i trinn 1.<\/p>\n<p>&nbsp;<\/p>\n<div class=\"elementor-element elementor-element-6b40c3a elementor-widget elementor-widget-text-editor\" data-id=\"6b40c3a\" data-element_type=\"widget\" data-widget_type=\"text-editor.default\">\n<div class=\"elementor-widget-container\">\n<h5><strong>TRINN 3, Last ned boktilgangsfilen fra nedlastingsmenyen<\/strong><\/h5>\n<p>Hent boktilgangsfilen din enten via <a href=\"https:\/\/www.qxworld.eu\/members\/downloads\/ \" target=\"_blank\" rel=\"noopener\">nedlastingsmeny<\/a> eller ved \u00e5 bruke lenken ovenfor. N\u00e5r du har lastet ned ACSM-filen, kan du \u00e5pne den med Adobe Digital Editions og begynne \u00e5 bruke boken.<\/p>\n<\/div>\n<\/div>","protected":false},"excerpt":{"rendered":"<p>The intermediate training and guide is crafted to elevate your understanding and navigation skills to deeper levels. By combining the skills acquired in the Beginners training, you will discover new methods for conducting sessions and gain a more profound comprehension of the fundamentals in your Quantum Biofeedback journey.<\/p>","protected":false},"featured_media":216054,"template":"","meta":{"_acf_changed":false,"_seopress_robots_primary_cat":"none","_seopress_titles_title":"","_seopress_titles_desc":"","_seopress_robots_index":""},"product_brand":[],"product_cat":[35],"product_tag":[],"class_list":{"0":"post-216055","1":"product","2":"type-product","3":"status-publish","4":"has-post-thumbnail","6":"product_cat-uncategorized","8":"first","9":"instock","10":"downloadable","11":"sold-individually","12":"taxable","13":"shipping-taxable","14":"purchasable","15":"product-type-simple"},"bundled_by":[],"bundle_stock_status":"instock","bundle_stock_quantity":null,"bundle_virtual":false,"bundle_layout":"","bundle_add_to_cart_form_location":"","bundle_editable_in_cart":false,"bundle_sold_individually_context":"","bundle_item_grouping":"","bundle_min_size":"","bundle_max_size":"","bundle_price":[],"bundled_items":[],"bundle_sell_ids":[],"acf":[],"_links":{"self":[{"href":"https:\/\/www.qxworld.eu\/nb\/wp-json\/wp\/v2\/product\/216055","targetHints":{"allow":["GET"]}}],"collection":[{"href":"https:\/\/www.qxworld.eu\/nb\/wp-json\/wp\/v2\/product"}],"about":[{"href":"https:\/\/www.qxworld.eu\/nb\/wp-json\/wp\/v2\/types\/product"}],"wp:featuredmedia":[{"embeddable":true,"href":"https:\/\/www.qxworld.eu\/nb\/wp-json\/wp\/v2\/media\/216054"}],"wp:attachment":[{"href":"https:\/\/www.qxworld.eu\/nb\/wp-json\/wp\/v2\/media?parent=216055"}],"wp:term":[{"taxonomy":"product_brand","embeddable":true,"href":"https:\/\/www.qxworld.eu\/nb\/wp-json\/wp\/v2\/product_brand?post=216055"},{"taxonomy":"product_cat","embeddable":true,"href":"https:\/\/www.qxworld.eu\/nb\/wp-json\/wp\/v2\/product_cat?post=216055"},{"taxonomy":"product_tag","embeddable":true,"href":"https:\/\/www.qxworld.eu\/nb\/wp-json\/wp\/v2\/product_tag?post=216055"}],"curies":[{"name":"wp","href":"https:\/\/api.w.org\/{rel}","templated":true}]}}