{"id":227975,"date":"2024-09-16T12:39:41","date_gmt":"2024-09-16T10:39:41","guid":{"rendered":"https:\/\/www.qxworld.eu\/?post_type=product&#038;p=227975"},"modified":"2024-09-16T12:39:43","modified_gmt":"2024-09-16T10:39:43","slug":"seasonal-series-welcome-to-our-summer-rediance-webinar-2","status":"publish","type":"product","link":"https:\/\/www.qxworld.eu\/nb\/product\/seasonal-series-welcome-to-our-late-summer-vitality-webinar\/","title":{"rendered":"Sesongserie - Velkommen til sensommerens webinar om vitalitet!"},"content":{"rendered":"<p>Velkommen til sensommerens Vitality Webinar!<\/p>\n<p>N\u00e5r \u00e5rstidene g\u00e5r over og naturen n\u00e5r et balansepunkt, befinner vi oss i den unike sensommerfasen. I dagens webinar utforsker vi prinsippene i tradisjonell kinesisk medisin (TCM) og fordyper oss i sensommerens betydning for v\u00e5rt velv\u00e6re.<\/p>\n<p>Sensommeren er forbundet med jordelementet i TCM, og symboliserer en periode med overflod, n\u00e6ring og balanse. Dette er tiden da energien i jordelementet er dominerende, og milt- og mageorganene st\u00e5r i sentrum. \u00c5 forst\u00e5 hvordan man kan st\u00f8tte disse organene i denne \u00e5rstiden er n\u00f8kkelen til \u00e5 fremme vitalitet og velv\u00e6re.<\/p>\n<p>I TCM er sensommeren en tid for jording og sentrering. Det er en overgangsfase mellom sommerens ekspansive energi og h\u00f8stens sammentrekkende energi. Ved \u00e5 tilpasse vaner og kosthold til prinsippene i TCM kan vi forbedre ford\u00f8yelseshelsen og det generelle velv\u00e6ret v\u00e5rt i denne viktige \u00e5rstiden.<\/p>\n<p>Bli med oss n\u00e5r vi utforsker den n\u00e6rende kraften i sensommermat og TCM-metoder som kan veilede oss mot optimal helse. La oss utnytte denne \u00e5rstidens vitalitet og kultivere en f\u00f8lelse av balanse og overflod i sinn, kropp og \u00e5nd.<\/p>\n<p>La oss sammen omfavne sensommerens vitalitet og gi oss selv n\u00e6ring for de kommende sesongene!<\/p>","protected":false},"excerpt":{"rendered":"<p>Welcome to our Late Summer Vitality Webinar! As the seasons transition and nature reaches a point of balance, we find ourselves in the unique phase of late summer. In today&#8217;s webinar, we explore the principles of Traditional Chinese Medicine (TCM) and delve into the significance of the late summer season for our well-being. Late summer [&hellip;]<\/p>\n","protected":false},"featured_media":222550,"template":"","meta":{"_acf_changed":false,"_seopress_robots_primary_cat":"none","_seopress_titles_title":"Welcome to our Late Summer Vitality Webinar!","_seopress_titles_desc":"As the seasons transition and nature reaches a point of balance, we find ourselves in the unique phase of late summer.","_seopress_robots_index":""},"product_brand":[],"product_cat":[57],"product_tag":[],"class_list":{"0":"post-227975","1":"product","2":"type-product","3":"status-publish","4":"has-post-thumbnail","6":"product_cat-courses","8":"first","9":"instock","10":"taxable","11":"shipping-taxable","12":"purchasable","13":"product-type-simple"},"bundled_by":[],"bundle_stock_status":"instock","bundle_stock_quantity":null,"bundle_virtual":false,"bundle_layout":"","bundle_add_to_cart_form_location":"","bundle_editable_in_cart":false,"bundle_sold_individually_context":"","bundle_item_grouping":"","bundle_min_size":"","bundle_max_size":"","bundle_price":[],"bundled_items":[],"bundle_sell_ids":[],"acf":[],"_links":{"self":[{"href":"https:\/\/www.qxworld.eu\/nb\/wp-json\/wp\/v2\/product\/227975","targetHints":{"allow":["GET"]}}],"collection":[{"href":"https:\/\/www.qxworld.eu\/nb\/wp-json\/wp\/v2\/product"}],"about":[{"href":"https:\/\/www.qxworld.eu\/nb\/wp-json\/wp\/v2\/types\/product"}],"wp:featuredmedia":[{"embeddable":true,"href":"https:\/\/www.qxworld.eu\/nb\/wp-json\/wp\/v2\/media\/222550"}],"wp:attachment":[{"href":"https:\/\/www.qxworld.eu\/nb\/wp-json\/wp\/v2\/media?parent=227975"}],"wp:term":[{"taxonomy":"product_brand","embeddable":true,"href":"https:\/\/www.qxworld.eu\/nb\/wp-json\/wp\/v2\/product_brand?post=227975"},{"taxonomy":"product_cat","embeddable":true,"href":"https:\/\/www.qxworld.eu\/nb\/wp-json\/wp\/v2\/product_cat?post=227975"},{"taxonomy":"product_tag","embeddable":true,"href":"https:\/\/www.qxworld.eu\/nb\/wp-json\/wp\/v2\/product_tag?post=227975"}],"curies":[{"name":"wp","href":"https:\/\/api.w.org\/{rel}","templated":true}]}}