{"id":251617,"date":"2024-11-28T14:03:21","date_gmt":"2024-11-28T13:03:21","guid":{"rendered":"https:\/\/www.qxworld.eu\/product\/menopause-and-andropause-understanding-the-role-of-hormones-copy\/"},"modified":"2025-01-24T13:42:24","modified_gmt":"2025-01-24T12:42:24","slug":"metamind-8-aldrende-skjonnhet-gjennom-indre-helse-og-bi-face-den-mangefasetterte-symmetrien-8","status":"publish","type":"product","link":"https:\/\/www.qxworld.eu\/nb\/product\/vaccination-and-toxicity\/","title":{"rendered":"Vaksinasjon og toksisitet: Forst\u00e5 balansen for optimal helse"},"content":{"rendered":"<div data-v-85776206=\"\">\n<div data-v-85776206=\"\">\n<div class=\"split-line topic4Detail-item detail-item\" data-v-362ca951=\"\" data-v-85776206=\"\">\n<div class=\"zm-form-item mgb-md is-no-asterisk\" data-v-362ca951=\"\">\n<div class=\"zm-form-item__content\">\n<p id=\"agenda\" class=\"pdt-xs pdb-xs w-sp\" data-v-362ca951=\"\">Oppdag hvordan vaksinasjoner p\u00e5virker kroppen og hvordan du kan redusere potensielle toksiske effekter. L\u00e6r hvordan du kan avgifte kroppen fra tungmetaller og andre giftstoffer, og st\u00f8tte immunforsvaret ved hjelp av Quantum Biofeedback.<\/p>\n<\/div>\n<\/div>\n<\/div>\n<\/div>\n<\/div>","protected":false},"excerpt":{"rendered":"<p>Oppdag hvordan vaksinasjoner p\u00e5virker kroppen og hvordan du kan redusere potensielle toksiske effekter. L\u00e6r hvordan du kan avgifte kroppen fra tungmetaller og andre giftstoffer, og st\u00f8tte immunforsvaret ved hjelp av Quantum Biofeedback.<\/p>","protected":false},"featured_media":251619,"template":"","meta":{"_acf_changed":false,"_seopress_robots_primary_cat":"none","_seopress_titles_title":"","_seopress_titles_desc":"","_seopress_robots_index":""},"product_brand":[],"product_cat":[101],"product_tag":[],"class_list":{"0":"post-251617","1":"product","2":"type-product","3":"status-publish","4":"has-post-thumbnail","6":"product_cat-ticket","8":"first","9":"instock","10":"virtual","11":"taxable","12":"purchasable","13":"product-type-simple"},"bundled_by":[],"bundle_stock_status":"instock","bundle_stock_quantity":null,"bundle_virtual":false,"bundle_layout":"","bundle_add_to_cart_form_location":"","bundle_editable_in_cart":false,"bundle_sold_individually_context":"","bundle_item_grouping":"","bundle_min_size":"","bundle_max_size":"","bundle_price":[],"bundled_items":[],"bundle_sell_ids":[],"acf":[],"_links":{"self":[{"href":"https:\/\/www.qxworld.eu\/nb\/wp-json\/wp\/v2\/product\/251617","targetHints":{"allow":["GET"]}}],"collection":[{"href":"https:\/\/www.qxworld.eu\/nb\/wp-json\/wp\/v2\/product"}],"about":[{"href":"https:\/\/www.qxworld.eu\/nb\/wp-json\/wp\/v2\/types\/product"}],"wp:featuredmedia":[{"embeddable":true,"href":"https:\/\/www.qxworld.eu\/nb\/wp-json\/wp\/v2\/media\/251619"}],"wp:attachment":[{"href":"https:\/\/www.qxworld.eu\/nb\/wp-json\/wp\/v2\/media?parent=251617"}],"wp:term":[{"taxonomy":"product_brand","embeddable":true,"href":"https:\/\/www.qxworld.eu\/nb\/wp-json\/wp\/v2\/product_brand?post=251617"},{"taxonomy":"product_cat","embeddable":true,"href":"https:\/\/www.qxworld.eu\/nb\/wp-json\/wp\/v2\/product_cat?post=251617"},{"taxonomy":"product_tag","embeddable":true,"href":"https:\/\/www.qxworld.eu\/nb\/wp-json\/wp\/v2\/product_tag?post=251617"}],"curies":[{"name":"wp","href":"https:\/\/api.w.org\/{rel}","templated":true}]}}