{"id":365133,"date":"2026-02-11T11:01:54","date_gmt":"2026-02-11T10:01:54","guid":{"rendered":"https:\/\/www.qxworld.eu\/?post_type=product&#038;p=365133"},"modified":"2026-02-11T11:08:43","modified_gmt":"2026-02-11T10:08:43","slug":"tilbake-til-det-grunnleggende-homoopati-og-holistisk-behandling-del-5","status":"publish","type":"product","link":"https:\/\/www.qxworld.eu\/nb\/product\/back-to-basics-homeopathy-and-holistic-care-part-5\/","title":{"rendered":"Tilbake til det grunnleggende: Homeopati og holistisk behandling - del 5."},"content":{"rendered":"<p>Skj\u00e6r gjennom st\u00f8yen - g\u00e5 tilbake til helbredelse p\u00e5 rotniv\u00e5 med hom\u00f8opati og holistisk behandling.<\/p>\n<p>V\u00e6r oppmerksom p\u00e5 at du m\u00e5 ha en registrert Zoom-konto for \u00e5 kunne delta i dette webinaret. Du kan registrere deg <a href=\"https:\/\/zoom.us\/signup\" data-type=\"link\" data-id=\"https:\/\/zoom.us\/signup\"><strong>her<\/strong><\/a>. V\u00e6r ogs\u00e5 oppmerksom p\u00e5 at registreringen av webinaret vil stoppe 30 minutter f\u00f8r planlagt start.<\/p>","protected":false},"excerpt":{"rendered":"<p>Skj\u00e6r gjennom st\u00f8yen - g\u00e5 tilbake til helbredelse p\u00e5 rotniv\u00e5 med homeopati og holistisk behandling. V\u00e6r oppmerksom p\u00e5 at du m\u00e5 ha en registrert Zoom-konto for \u00e5 kunne delta p\u00e5 dette webinaret. Du kan registrere deg her. V\u00e6r oppmerksom p\u00e5 at registreringen av webinaret vil stoppe 30 minutter f\u00f8r planlagt start.<\/p>","protected":false},"featured_media":365113,"template":"","meta":{"_acf_changed":false,"_seopress_robots_primary_cat":"none","_seopress_titles_title":"","_seopress_titles_desc":"","_seopress_robots_index":""},"product_brand":[],"product_cat":[101],"product_tag":[],"class_list":{"0":"post-365133","1":"product","2":"type-product","3":"status-publish","4":"has-post-thumbnail","6":"product_cat-ticket","8":"first","9":"instock","10":"virtual","11":"taxable","12":"purchasable","13":"product-type-simple"},"bundled_by":[],"bundle_stock_status":"instock","bundle_stock_quantity":null,"bundle_virtual":false,"bundle_layout":"","bundle_add_to_cart_form_location":"","bundle_editable_in_cart":false,"bundle_sold_individually_context":"","bundle_item_grouping":"","bundle_min_size":"","bundle_max_size":"","bundle_price":[],"bundled_items":[],"bundle_sell_ids":[],"acf":[],"_links":{"self":[{"href":"https:\/\/www.qxworld.eu\/nb\/wp-json\/wp\/v2\/product\/365133","targetHints":{"allow":["GET"]}}],"collection":[{"href":"https:\/\/www.qxworld.eu\/nb\/wp-json\/wp\/v2\/product"}],"about":[{"href":"https:\/\/www.qxworld.eu\/nb\/wp-json\/wp\/v2\/types\/product"}],"wp:featuredmedia":[{"embeddable":true,"href":"https:\/\/www.qxworld.eu\/nb\/wp-json\/wp\/v2\/media\/365113"}],"wp:attachment":[{"href":"https:\/\/www.qxworld.eu\/nb\/wp-json\/wp\/v2\/media?parent=365133"}],"wp:term":[{"taxonomy":"product_brand","embeddable":true,"href":"https:\/\/www.qxworld.eu\/nb\/wp-json\/wp\/v2\/product_brand?post=365133"},{"taxonomy":"product_cat","embeddable":true,"href":"https:\/\/www.qxworld.eu\/nb\/wp-json\/wp\/v2\/product_cat?post=365133"},{"taxonomy":"product_tag","embeddable":true,"href":"https:\/\/www.qxworld.eu\/nb\/wp-json\/wp\/v2\/product_tag?post=365133"}],"curies":[{"name":"wp","href":"https:\/\/api.w.org\/{rel}","templated":true}]}}