{"id":301621,"date":"2025-03-11T13:47:25","date_gmt":"2025-03-11T12:47:25","guid":{"rendered":"https:\/\/www.qxworld.eu\/?post_type=product&#038;p=301621"},"modified":"2025-03-11T13:54:49","modified_gmt":"2025-03-11T12:54:49","slug":"holistisch-pad-beheersen-van-communicatie-met-klanten","status":"publish","type":"product","link":"https:\/\/www.qxworld.eu\/nl\/product\/holistic-path-mastering-client-communication\/","title":{"rendered":"Holistisch Pad - Klantcommunicatie onder de knie"},"content":{"rendered":"<p><strong>Welkom op het Holistische Pad: Mastering Client Communication Training<\/strong><\/p>\n<p>Effectieve communicatie vormt de kern van een succesvolle biofeedbackpraktijk. In deze cursus krijg je de vaardigheden aangereikt om duidelijke, krachtige taal te gebruiken die het begrip, de motivatie en de betrokkenheid van cli\u00ebnten vergroot. Je verkent ook de essenti\u00eble rol van educatie bij het versterken van de positie van cli\u00ebnten en het verbeteren van de resultaten.<\/p>\n<p>Aan het einde van deze cursus heb je de tools in handen om effectieve communicatiestrategie\u00ebn en onderwijsprincipes te integreren in je praktijk, wat leidt tot sterkere klantrelaties en betere resultaten.  Laten we samen deze transformatieve leerreis maken!<\/p>","protected":false},"excerpt":{"rendered":"<p>Welcome to the Holistic Path: Mastering Client Communication Training Effective communication is at the heart of successful biofeedback practice. This course will equip you with the skills to use clear, impactful language that enhances client understanding, motivation, and engagement. You&#8217;ll also explore the vital role of education in empowering clients and improving outcomes. By the [&hellip;]<\/p>\n","protected":false},"featured_media":301615,"template":"","meta":{"_acf_changed":false,"_seopress_robots_primary_cat":"none","_seopress_titles_title":"","_seopress_titles_desc":"","_seopress_robots_index":""},"product_brand":[],"product_cat":[57],"product_tag":[],"class_list":{"0":"post-301621","1":"product","2":"type-product","3":"status-publish","4":"has-post-thumbnail","6":"product_cat-courses","8":"first","9":"instock","10":"taxable","11":"shipping-taxable","12":"purchasable","13":"product-type-simple"},"bundled_by":[],"bundle_stock_status":"instock","bundle_stock_quantity":null,"bundle_virtual":false,"bundle_layout":"","bundle_add_to_cart_form_location":"","bundle_editable_in_cart":false,"bundle_sold_individually_context":"","bundle_item_grouping":"","bundle_min_size":"","bundle_max_size":"","bundle_price":[],"bundled_items":[],"bundle_sell_ids":[],"acf":[],"_links":{"self":[{"href":"https:\/\/www.qxworld.eu\/nl\/wp-json\/wp\/v2\/product\/301621","targetHints":{"allow":["GET"]}}],"collection":[{"href":"https:\/\/www.qxworld.eu\/nl\/wp-json\/wp\/v2\/product"}],"about":[{"href":"https:\/\/www.qxworld.eu\/nl\/wp-json\/wp\/v2\/types\/product"}],"wp:featuredmedia":[{"embeddable":true,"href":"https:\/\/www.qxworld.eu\/nl\/wp-json\/wp\/v2\/media\/301615"}],"wp:attachment":[{"href":"https:\/\/www.qxworld.eu\/nl\/wp-json\/wp\/v2\/media?parent=301621"}],"wp:term":[{"taxonomy":"product_brand","embeddable":true,"href":"https:\/\/www.qxworld.eu\/nl\/wp-json\/wp\/v2\/product_brand?post=301621"},{"taxonomy":"product_cat","embeddable":true,"href":"https:\/\/www.qxworld.eu\/nl\/wp-json\/wp\/v2\/product_cat?post=301621"},{"taxonomy":"product_tag","embeddable":true,"href":"https:\/\/www.qxworld.eu\/nl\/wp-json\/wp\/v2\/product_tag?post=301621"}],"curies":[{"name":"wp","href":"https:\/\/api.w.org\/{rel}","templated":true}]}}