{"id":18294,"date":"2021-10-15T14:02:02","date_gmt":"2021-10-15T12:02:02","guid":{"rendered":"https:\/\/www.qxworld.eu\/?page_id=18294"},"modified":"2021-10-19T11:09:36","modified_gmt":"2021-10-19T09:09:36","slug":"omnis-update-old","status":"publish","type":"page","link":"https:\/\/www.qxworld.eu\/pt\/omnis-update-old\/","title":{"rendered":"Omnis Update [OLD]"},"content":{"rendered":"<h1 style=\"\">D\u00ea um salto e confira o nov\u00edssimo website da QX World!<\/h1>\n<h1 style=\"\">D\u00ea um salto e confira o nov\u00edssimo website da QX World!<\/h1>\n<p><span><img loading=\"lazy\" decoding=\"async\" alt=\"\" data-id=\"71\" data-init-width=\"1000\" data-init-height=\"417\" title=\"omnis_logo_wh\" src=\"https:\/\/www.qxworld.eu\/wp-content\/uploads\/2021\/10\/omnis_logo_wh-1.png\" data-width=\"457\" data-height=\"191\" style=\"\" width=\"457\" height=\"191\"><\/span><\/p>\n<h1 style=\"text-align: center;\">O OMNIS CHEGOU<\/h1>\n<p style=\"text-align: center;\">ACTUALIZE J\u00c1 OS SEUS DISPOSITIVOS SCIO, EDUCTOR E INDIGO!<\/p>\n<h2 style=\"text-align: center;\">PORQU\u00ca ACTUALIZAR?<\/h2>\n<p><span style=\"\"><img loading=\"lazy\" decoding=\"async\" alt=\"\" data-id=\"18403\" data-init-width=\"1920\" data-init-height=\"1403\" title=\"p\u00e1gina web_01\" src=\"https:\/\/www.qxworld.eu\/wp-content\/uploads\/2021\/10\/webside_01.jpg\" data-width=\"422\" data-height=\"308\" style=\"\" width=\"422\" height=\"308\" ml-d=\"0\" mt-d=\"-350.5315\"><\/span><\/p>\n<h4 style=\"\">NOVA APAR\u00caNCIA E EXPERI\u00caNCIA DO UTILIZADOR<\/h4>\n<p>Um facelift incr\u00edvel que proporciona facilidade de utiliza\u00e7\u00e3o, visualmente mais atrativo, utilizando fundos uniformes, bot\u00f5es reorganizados e do mesmo tamanho, categoriza\u00e7\u00e3o por cor de fundo e muito mais!<\/p>\n<h4 style=\"\">RECONHECIMENTO AUTOM\u00c1TICO DO DISPOSITIVO<\/h4>\n<p>Reconhecimento autom\u00e1tico dos dispositivo: o programa reconhece automaticamente o dispositivo conectado, sem necessidade de definir a porta de comunica\u00e7\u00e3o, pode ligar e desligar o dispositivo durante a sess\u00e3o sem ter de fechar o programa principal!<\/p>\n<h4 style=\"\">ACTIVA\u00c7\u00c3O SIMPLIFICADA<\/h4>\n<p>Atualiza\u00e7\u00e3o e ativa\u00e7\u00e3o centralizadas a partir da aplica\u00e7\u00e3o QXSUBSPACE. O que \u00e9 que isso significa? Que j\u00e1 n\u00e3o precisa de iniciar o programa para ativar!<\/p>\n<p>Ativar na aplica\u00e7\u00e3o, depois executar o seu programa sem interrup\u00e7\u00f5es, r\u00e1pido e f\u00e1cil!&nbsp;<\/p>\n<h4 style=\"\">RELAT\u00d3RIOS MELHORADOS<\/h4>\n<p style=\"\">Fun\u00e7\u00e3o de Relat\u00f3rio Inteligente em m\u00faltiplas camadas, oferecendo ao Cliente e ao Terapeuta informa\u00e7\u00f5es valiosas e conformes!<\/p>\n<p><span><img loading=\"lazy\" decoding=\"async\" alt=\"\" data-id=\"18418\" data-init-width=\"1920\" data-init-height=\"1403\" title=\"p\u00e1gina web_02\" src=\"https:\/\/www.qxworld.eu\/wp-content\/uploads\/2021\/10\/webside_02.jpg\" data-width=\"488\" data-height=\"357\" style=\"\" width=\"488\" height=\"357\" mt-d=\"0\"><\/span><span style=\"\"><img loading=\"lazy\" decoding=\"async\" alt=\"\" data-id=\"19422\" data-init-width=\"1920\" data-init-height=\"1403\" title=\"webside_03\" src=\"https:\/\/www.qxworld.eu\/wp-content\/uploads\/2021\/10\/webside_03.jpg\" data-width=\"534\" data-height=\"390\" style=\"\" width=\"534\" height=\"390\" ml-d=\"0\" mt-d=\"-350.5315\"><\/span><\/p>\n<h4>TROQUE DE IDIOMA RAPIDAMENTE<\/h4>\n<p dir=\"ltr\">Troca de idioma ao vivo: mude do ingl\u00eas para outro idioma ENQUANTO est\u00e1 a realizar a sua sess\u00e3o!&nbsp;<\/p>\n<h4 style=\"\">TRABALHA AINDA COM MAIS DISPOSITIVOS!<\/h4>\n<p dir=\"ltr\">A comunica\u00e7\u00e3o com o dispositivo foi completamente reescrita para ser mais r\u00e1pido, mais eficiente e adapt\u00e1vel para criar compatibilidade com outros sistemas operativos como iOS, Mac, Linux, Android.<\/p>\n<h2 style=\"text-align: center;\">COMO ACTUALIZAR?<\/h2>\n<h1 style=\"\">Conhe\u00e7a as novas funcionalidades!<\/h1>\n<p style=\"\">Descarregue o manual r\u00e1pido do OMNIS!<\/p>\n<h2 style=\"text-align: center;\">B\u00f3nus!<\/h2>\n<p style=\"text-align: center;\">Prepar\u00e1mos-lhe algumas ofertas adicionais!<\/p>\n<h4 data-hide=\"true\" style=\"text-align: center;\">OMNIS - UM PORTAL PARA UMA NOVA DIMENS\u00c3O<\/h4>\n<h4 data-hide=\"true\" style=\"text-align: center;\">MANUAL DETALHADO PARA O UPGRADE<\/h4>\n<h4 data-hide=\"true\" style=\"text-align: center;\">MANUAL DO SMART REPORT<\/h4>\n<h4 data-hide=\"true\" style=\"text-align: center;\">O NOVO MANUAL DO DEGEN SCAN<\/h4>\n<h2 style=\"text-align: center;\">QXSTRIANS QUE ADORAM O OMNIS<\/h2>\n<p><span><img loading=\"lazy\" decoding=\"async\" alt=\"\" data-id=\"2999\" data-init-width=\"250\" data-init-height=\"250\" title=\"Ommi_testimonial-7\" src=\"https:\/\/www.qxworld.eu\/wp-content\/uploads\/2021\/10\/Ommi_testimonial-7.jpg\" data-width=\"100\" data-height=\"100\" style=\"\" width=\"100\" height=\"100\"><\/span><\/p>\n<h5 style=\"text-align: center;\">Dra. Julia S., Baltimore<\/h5>\n<p style=\"\">\"O OMNIS aprofunda realmente a perspectiva que ganhamos durante as sess\u00f5es, \u00e9 sem d\u00favida uma melhoria em rela\u00e7\u00e3o ao EDUCTOR64\".<\/p>\n<p><span><img loading=\"lazy\" decoding=\"async\" alt=\"\" data-id=\"2997\" data-init-width=\"250\" data-init-height=\"250\" title=\"Ommi_testimonial-5\" src=\"https:\/\/www.qxworld.eu\/wp-content\/uploads\/2021\/10\/Ommi_testimonial-5.jpg\" data-width=\"100\" data-height=\"100\" style=\"\" width=\"100\" height=\"100\"><\/span><\/p>\n<h5 style=\"text-align: center;\">Dr. Muhammad D., Nova Deli<\/h5>\n<p style=\"\">\"O que eu gosto particularmente no OMNIS \u00e9 a forma como integra todos estes m\u00f3dulos complexos\".<\/p>\n<p><span><img loading=\"lazy\" decoding=\"async\" alt=\"\" data-id=\"3001\" data-init-width=\"250\" data-init-height=\"250\" title=\"Ommi_testimonial-10\" src=\"https:\/\/www.qxworld.eu\/wp-content\/uploads\/2021\/10\/Ommi_testimonial-10.jpg\" data-width=\"100\" data-height=\"100\" style=\"\" width=\"100\" height=\"100\"><\/span><\/p>\n<h5 style=\"text-align: center;\">Genevieve A., Paris<\/h5>\n<p style=\"\">\"F\u00e1cil de usar, dif\u00edcil de dominar. Felizmente, o pessoal da QX e a enorme quantidade de material educativo ajudam-me a manter-me a par das novas caracter\u00edsticas\".<\/p>\n<p style=\"text-align: center;\">Para respeitar a lei sobre a privacidade dos doentes e o sigilo m\u00e9dico, alguns nomes e ilustra\u00e7\u00f5es foram alterados<\/p>\n<h2 style=\"\">Torne-se um Qxstrian!<\/h2>\n<p style=\"\">Subscreva a nossa newsletter!<\/p>","protected":false},"excerpt":{"rendered":"<p>Take a leap and check out the brand new website of QX World! Take a leap and check out the brand new website of QX World! OMNIS IS HERE UPDATE YOUR SCIO, EDUCTOR &amp; INDIGO DEVICES NOW! WHY UPGRADE? BRAND NEW LOOKS AND USER EXPERIENCE An amazing facelift providing user friendliness, visually more attractive, using [&hellip;]<\/p>\n","protected":false},"author":28,"featured_media":0,"parent":0,"menu_order":0,"comment_status":"closed","ping_status":"closed","template":"","meta":{"_acf_changed":false,"_seopress_robots_primary_cat":"","_seopress_titles_title":"","_seopress_titles_desc":"","_seopress_robots_index":"","footnotes":""},"class_list":["post-18294","page","type-page","status-publish","hentry"],"acf":[],"_links":{"self":[{"href":"https:\/\/www.qxworld.eu\/pt\/wp-json\/wp\/v2\/pages\/18294","targetHints":{"allow":["GET"]}}],"collection":[{"href":"https:\/\/www.qxworld.eu\/pt\/wp-json\/wp\/v2\/pages"}],"about":[{"href":"https:\/\/www.qxworld.eu\/pt\/wp-json\/wp\/v2\/types\/page"}],"author":[{"embeddable":true,"href":"https:\/\/www.qxworld.eu\/pt\/wp-json\/wp\/v2\/users\/28"}],"replies":[{"embeddable":true,"href":"https:\/\/www.qxworld.eu\/pt\/wp-json\/wp\/v2\/comments?post=18294"}],"version-history":[{"count":0,"href":"https:\/\/www.qxworld.eu\/pt\/wp-json\/wp\/v2\/pages\/18294\/revisions"}],"wp:attachment":[{"href":"https:\/\/www.qxworld.eu\/pt\/wp-json\/wp\/v2\/media?parent=18294"}],"curies":[{"name":"wp","href":"https:\/\/api.w.org\/{rel}","templated":true}]}}