{"id":209098,"date":"2023-08-28T11:55:08","date_gmt":"2023-08-28T09:55:08","guid":{"rendered":"https:\/\/www.qxworld.eu\/?page_id=209098"},"modified":"2023-08-28T12:14:12","modified_gmt":"2023-08-28T10:14:12","slug":"historia-inicial-do-qxworld","status":"publish","type":"page","link":"https:\/\/www.qxworld.eu\/pt\/early-history-of-qxworld\/","title":{"rendered":"HIST\u00d3RIA INICIAL DO QXWORLD\u00ae"},"content":{"rendered":"\t\t<div data-elementor-type=\"wp-page\" data-elementor-id=\"209098\" class=\"elementor elementor-209098\" data-elementor-post-type=\"page\">\n\t\t\t\t<div class=\"elementor-element elementor-element-51244e0 e-con-full e-flex e-con e-parent\" data-id=\"51244e0\" data-element_type=\"container\" data-e-type=\"container\" data-settings=\"{&quot;background_background&quot;:&quot;classic&quot;,&quot;jet_parallax_layout_list&quot;:[{&quot;jet_parallax_layout_image&quot;:{&quot;url&quot;:&quot;&quot;,&quot;id&quot;:&quot;&quot;,&quot;size&quot;:&quot;&quot;},&quot;_id&quot;:&quot;5271f45&quot;,&quot;jet_parallax_layout_image_widescreen&quot;:{&quot;url&quot;:&quot;&quot;,&quot;id&quot;:&quot;&quot;,&quot;size&quot;:&quot;&quot;},&quot;jet_parallax_layout_image_laptop&quot;:{&quot;url&quot;:&quot;&quot;,&quot;id&quot;:&quot;&quot;,&quot;size&quot;:&quot;&quot;},&quot;jet_parallax_layout_image_tablet_extra&quot;:{&quot;url&quot;:&quot;&quot;,&quot;id&quot;:&quot;&quot;,&quot;size&quot;:&quot;&quot;},&quot;jet_parallax_layout_image_tablet&quot;:{&quot;url&quot;:&quot;&quot;,&quot;id&quot;:&quot;&quot;,&quot;size&quot;:&quot;&quot;},&quot;jet_parallax_layout_image_mobile_extra&quot;:{&quot;url&quot;:&quot;&quot;,&quot;id&quot;:&quot;&quot;,&quot;size&quot;:&quot;&quot;},&quot;jet_parallax_layout_image_mobile&quot;:{&quot;url&quot;:&quot;&quot;,&quot;id&quot;:&quot;&quot;,&quot;size&quot;:&quot;&quot;},&quot;jet_parallax_layout_speed&quot;:{&quot;unit&quot;:&quot;%&quot;,&quot;size&quot;:50,&quot;sizes&quot;:[]},&quot;jet_parallax_layout_type&quot;:&quot;scroll&quot;,&quot;jet_parallax_layout_direction&quot;:&quot;1&quot;,&quot;jet_parallax_layout_fx_direction&quot;:null,&quot;jet_parallax_layout_z_index&quot;:&quot;&quot;,&quot;jet_parallax_layout_bg_x&quot;:50,&quot;jet_parallax_layout_bg_x_widescreen&quot;:&quot;&quot;,&quot;jet_parallax_layout_bg_x_laptop&quot;:&quot;&quot;,&quot;jet_parallax_layout_bg_x_tablet_extra&quot;:&quot;&quot;,&quot;jet_parallax_layout_bg_x_tablet&quot;:&quot;&quot;,&quot;jet_parallax_layout_bg_x_mobile_extra&quot;:&quot;&quot;,&quot;jet_parallax_layout_bg_x_mobile&quot;:&quot;&quot;,&quot;jet_parallax_layout_bg_y&quot;:50,&quot;jet_parallax_layout_bg_y_widescreen&quot;:&quot;&quot;,&quot;jet_parallax_layout_bg_y_laptop&quot;:&quot;&quot;,&quot;jet_parallax_layout_bg_y_tablet_extra&quot;:&quot;&quot;,&quot;jet_parallax_layout_bg_y_tablet&quot;:&quot;&quot;,&quot;jet_parallax_layout_bg_y_mobile_extra&quot;:&quot;&quot;,&quot;jet_parallax_layout_bg_y_mobile&quot;:&quot;&quot;,&quot;jet_parallax_layout_bg_size&quot;:&quot;auto&quot;,&quot;jet_parallax_layout_bg_size_widescreen&quot;:&quot;&quot;,&quot;jet_parallax_layout_bg_size_laptop&quot;:&quot;&quot;,&quot;jet_parallax_layout_bg_size_tablet_extra&quot;:&quot;&quot;,&quot;jet_parallax_layout_bg_size_tablet&quot;:&quot;&quot;,&quot;jet_parallax_layout_bg_size_mobile_extra&quot;:&quot;&quot;,&quot;jet_parallax_layout_bg_size_mobile&quot;:&quot;&quot;,&quot;jet_parallax_layout_animation_prop&quot;:&quot;transform&quot;,&quot;jet_parallax_layout_on&quot;:[&quot;desktop&quot;,&quot;tablet&quot;]}]}\">\n\t\t<div class=\"elementor-element elementor-element-f002029 e-con-full e-flex e-con e-parent\" data-id=\"f002029\" data-element_type=\"container\" data-e-type=\"container\" data-settings=\"{&quot;jet_parallax_layout_list&quot;:[]}\">\n\t\t\t\t<div class=\"elementor-element elementor-element-98569e5 elementor-widget elementor-widget-heading\" data-id=\"98569e5\" data-element_type=\"widget\" data-e-type=\"widget\" data-widget_type=\"heading.default\">\n\t\t\t\t<div class=\"elementor-widget-container\">\n\t\t\t\t\t<h1 class=\"elementor-heading-title elementor-size-default\">History<\/h1>\t\t\t\t<\/div>\n\t\t\t\t<\/div>\n\t\t\t\t<\/div>\n\t\t\t\t<\/div>\n\t\t<div class=\"elementor-element elementor-element-b3f9f10 e-flex e-con-boxed e-con e-parent\" data-id=\"b3f9f10\" data-element_type=\"container\" data-e-type=\"container\" data-settings=\"{&quot;jet_parallax_layout_list&quot;:[]}\">\n\t\t\t\t\t<div class=\"e-con-inner\">\n\t\t<div class=\"elementor-element elementor-element-e35a5fe e-con-full e-flex e-con e-parent\" data-id=\"e35a5fe\" data-element_type=\"container\" data-e-type=\"container\" data-settings=\"{&quot;jet_parallax_layout_list&quot;:[]}\">\n\t\t\t\t<div class=\"elementor-element elementor-element-613df61 elementor-widget elementor-widget-heading\" data-id=\"613df61\" data-element_type=\"widget\" data-e-type=\"widget\" data-widget_type=\"heading.default\">\n\t\t\t\t<div class=\"elementor-widget-container\">\n\t\t\t\t\t<h2 class=\"elementor-heading-title elementor-size-default\">I. EARLY HISTORY OF BIOFEEDBACK DEVICES<\/h2>\t\t\t\t<\/div>\n\t\t\t\t<\/div>\n\t\t\t\t<div class=\"elementor-element elementor-element-208033b elementor-widget elementor-widget-text-editor\" data-id=\"208033b\" data-element_type=\"widget\" data-e-type=\"widget\" data-widget_type=\"text-editor.default\">\n\t\t\t\t<div class=\"elementor-widget-container\">\n\t\t\t\t\t\t\t\t\t<p>Prof. William Charles Nelson (also known as Desir\u00e9 Dubounet,) is an American alternative medicine practitioner, since retired, the inventor of quantum biofeedback medicine.<br \/><br \/>Desir\u00e9 has been active in the field of electro-physiological feedback and biofeedback research since as early as the early 1970s. As a result of her widespread research, Desir\u00e9 created a complete energy medicine device which was capable of reading the human body\u2019s reactivity to various frequencies and then send back frequencies to carry out changes in the body and through the cybernetic loop. <br \/><br \/>Desire\u2019s first device, the Electro Physiological Feedback Xrroid (EPFX) system was the first system to be fully FDA registered in 1989. <br \/><br \/>Following that, Desire continued he research and developed the Quantum Xrroid Consciousness Interface (the<strong> \u201cQXCI\u201d<\/strong>) in 1996. \u00a0\u00a0<br \/><br \/>The Xrroid is a term coined by the creator of the device meaning rapid testing of the voltammetric field of mutiples of substances and measuring the electrophysiological reactivity (EPR) of the patient to these voltammetric fields of multiple substances. <br \/><br \/>In 1992, Desir\u00e9 moved to Budapest, Hungary. During her first decade in Budapest, Desir\u00e9 dedicated herself to the improvement of QXCI technology. In 1995, Desir\u00e9 met Levente Ungv\u00e1ry, a talented software developer, who started to work with Desir\u00e9 on the development of the QXCI software. <br \/><br \/>At the time of founding Desir\u00e9\u2019s new company HOMEO-DIAGNOSTICA Kft. (a Hungarian Ltd), Desir\u00e9 met Korn\u00e9l T\u00f3kics who started to work for Desir\u00e9 as an accountant.<br \/><br \/>In 1996, Desir\u00e9 founded \u2018MAITREYA Kft.\u2019, a Hungarian company, where she was the majority shareholder, with the task to carry out the necessary commercial \/ contractual activities in order to support the development of the QXCI system.<\/p>\t\t\t\t\t\t\t\t<\/div>\n\t\t\t\t<\/div>\n\t\t\t\t<div class=\"elementor-element elementor-element-a7b0771 elementor-widget elementor-widget-heading\" data-id=\"a7b0771\" data-element_type=\"widget\" data-e-type=\"widget\" data-widget_type=\"heading.default\">\n\t\t\t\t<div class=\"elementor-widget-container\">\n\t\t\t\t\t<h2 class=\"elementor-heading-title elementor-size-default\">II. SCIO: the developed QXCI<\/h2>\t\t\t\t<\/div>\n\t\t\t\t<\/div>\n\t\t\t\t<div class=\"elementor-element elementor-element-5018b4e elementor-widget elementor-widget-text-editor\" data-id=\"5018b4e\" data-element_type=\"widget\" data-e-type=\"widget\" data-widget_type=\"text-editor.default\">\n\t\t\t\t<div class=\"elementor-widget-container\">\n\t\t\t\t\t\t\t\t\t<p>As Desir\u00e9 and Levente continued to develop the QXCI software, they soon realized that the hardware needs to be improved as well.<\/p><p>\u00a0<\/p><p>Desir\u00e9 started a cooperation with Pentavox Kft. (a Hungarian Ltd) in respect of developing a hardware product. As a result of Desir\u00e9\u2019s continuous and passionate efforts put in the development, Pentavox developed the first SCIO prototype by September 2002. The SCIO name was created by Desir\u00e9, which clearly demonstrates her ingenuity: \u2018SCIO\u2019 comes from a Latin word meaning \u2018to know\u2019, while at the same time, SCIO is the acronym for Scientific Consciousness Interface Operation.<\/p><p>\u00a0<\/p><p>The SCIO System consisted of the Hardware developed By Pentavox (owner of the related Intellectual Property Rights) and the Software created by Desire\u2019\u2019 (owner of the related Intellectual Property Rights)<\/p><p>\u00a0<\/p><p>The development of the SCIO software was carried out by Levente, main software developer and Zsolt \u201dGeri\u201d Gerstenbrein, from 1995 and 2000, respectively. Geri built the IT network surrounding the device and took active part in the development of the activation system.<\/p><p>The finalized SCIO device was put on the market in 2003. From the beginning, MAITREYA had been the distributor of the SCIO devices under a non-transferrable and non-sublicensable license granted by Desir\u00e9, the owner of all intellectual property assets related to the SCIO device. For certain markets, Desir\u00e9 appointed her other company (Eclosion Kft., Ltd incorporated in Hungary) as a distributor.<\/p>\t\t\t\t\t\t\t\t<\/div>\n\t\t\t\t<\/div>\n\t\t\t\t<div class=\"elementor-element elementor-element-31f6cf9 elementor-widget elementor-widget-heading\" data-id=\"31f6cf9\" data-element_type=\"widget\" data-e-type=\"widget\" data-widget_type=\"heading.default\">\n\t\t\t\t<div class=\"elementor-widget-container\">\n\t\t\t\t\t<h2 class=\"elementor-heading-title elementor-size-default\">III. The 2000s: Development<\/h2>\t\t\t\t<\/div>\n\t\t\t\t<\/div>\n\t\t\t\t<div class=\"elementor-element elementor-element-21f58c6 elementor-widget elementor-widget-text-editor\" data-id=\"21f58c6\" data-element_type=\"widget\" data-e-type=\"widget\" data-widget_type=\"text-editor.default\">\n\t\t\t\t<div class=\"elementor-widget-container\">\n\t\t\t\t\t\t\t\t\t<p>During the mid-2000s, the SCIO hardware and software was subject to continuous development and fine-tuning. The development and fine-tuning were carried out by Levente and Geri, the Software Developers as regards the software and Pentavox as regards the hardware. In 2005, a new freelancer software developer joined the team of Software Developers, Andreea Taflan. <br \/><br \/>By the late 2000s, Eclosion merged into MAITREYA, and started to have financial difficulties so Desir\u00e9 decided to assign her shares to a third party, and then continue the business activities related to the SCIO system through a different business model. The assignment of Desir\u00e9\u2019s share was effectuated on 4 November 2011.<br \/><br \/>On the very same date, Korn\u00e9l T\u00f3kics took measures to create a new company under the name Mandelay Magyarorsz\u00e1g Kft. (incorporated in Hungary). The registered owner of Mandelay HU was Mandelay spol. s.r.o., a Czech company solely owned by Korn\u00e9l T\u00f3kics. <br \/><br \/>Mandelay Kft. employed some of the old team of Desire\u2019s company Maitreya, namely:<br \/><br \/><\/p><ul style=\"list-style-position: inside;\"><li>Ibolya Molnar: Broker Manager<\/li><li>Eva Barota: Shipping<\/li><li>Edit Barota: Quality System Assistant<\/li><li>Roland Sereg: Technical Support<\/li><li>Ferenczi Tibort: Design<\/li><\/ul><p>When Desir\u00e9 assigned the majority control over MAITREYA, she decided to split the business structure. The software development was still carried out by Andreea, Geri and Levente, the Software Developers and Support Team, but it has been outsourced to a new company, QX World Kft. (a Hungarian Ltd. owned by the Software Developer Team). The hardware activities were carried out by Pentavox (the original manufacturer). <br \/><br \/>Beside her work in Development as an owner of QX WORLD, Andreea had a contract to help out Mandelay Kft as Regulatory Manager, to obtain the CE certification for the products. <br \/><br \/>Both QX WORLD Kft and Mandelay Kft were appointed distributors of the Biofeedback Systems.<\/p>\t\t\t\t\t\t\t\t<\/div>\n\t\t\t\t<\/div>\n\t\t\t\t<div class=\"elementor-element elementor-element-91f461a elementor-widget elementor-widget-heading\" data-id=\"91f461a\" data-element_type=\"widget\" data-e-type=\"widget\" data-widget_type=\"heading.default\">\n\t\t\t\t<div class=\"elementor-widget-container\">\n\t\t\t\t\t<h2 class=\"elementor-heading-title elementor-size-default\">IV.  A New Invention: The Eductor<\/h2>\t\t\t\t<\/div>\n\t\t\t\t<\/div>\n\t\t\t\t<div class=\"elementor-element elementor-element-2378dd7 elementor-widget elementor-widget-text-editor\" data-id=\"2378dd7\" data-element_type=\"widget\" data-e-type=\"widget\" data-widget_type=\"text-editor.default\">\n\t\t\t\t<div class=\"elementor-widget-container\">\n\t\t\t\t\t\t\t\t\t<p>In the meantime, Pentavox kept working on a new and technologically improved hardware with Desir\u00e9 and QX World, her team of developers. The result was the invention of the EDUCTOR device. The EDUCTOR software was developed by QX World while the EDUCTOR hardware was planned and designed by Pentavox. Under the relevant agreements, all intellectual property regarding the EDUCTOR shall be owned by Desir\u00e9, while the hardware\/firmware know-how remained with Pentavox.<\/p><p>\u00a0<\/p><p>It was Desir\u00e9 who first introduced the EDUCTOR device to the public together with the WHPRS website on 14th July 2012, at a Seminar Munich.<\/p>\t\t\t\t\t\t\t\t<\/div>\n\t\t\t\t<\/div>\n\t\t\t\t<div class=\"elementor-element elementor-element-3033f17 elementor-widget elementor-widget-heading\" data-id=\"3033f17\" data-element_type=\"widget\" data-e-type=\"widget\" data-widget_type=\"heading.default\">\n\t\t\t\t<div class=\"elementor-widget-container\">\n\t\t\t\t\t<h2 class=\"elementor-heading-title elementor-size-default\">V. Desir\u00e9\u2019s CONCERNS AND Efforts<\/h2>\t\t\t\t<\/div>\n\t\t\t\t<\/div>\n\t\t\t\t<div class=\"elementor-element elementor-element-62793c6 elementor-widget elementor-widget-text-editor\" data-id=\"62793c6\" data-element_type=\"widget\" data-e-type=\"widget\" data-widget_type=\"text-editor.default\">\n\t\t\t\t<div class=\"elementor-widget-container\">\n\t\t\t\t\t\t\t\t\t<p>In 2014, Desir\u00e9 started to have serious concerns about the loyalty and honesty of Korn\u00e9l T\u00f3kics after Desir\u00e9 revealed that Mandelay HU had filed trademark applications for the \u2018SCIO\u2019 and \u2018EDUCTOR\u2019 signs without Desir\u00e9\u2019s consent. However, in order to safeguard her business interests, Desir\u00e9 decided to try reinstating the confidence within the QX Universe. In this respect, the QX Universe\u2019s cooperating parties laid down the frameworks of their cooperation: they entered into the \u2018QX Universe Agreement to Cooperate\u2019.<br \/><br \/>In the contract, the Parties acknowledged that all rights in, or to, the SCIO IP and the EDUCTOR IP are solely and exclusively held by Desir\u00e9. Under the contract, Desir\u00e9 expressly authorized QX World to purchase SCIO and EDUCTOR devices (without any limitation) directly from Pentavox and sell to end consumers. As Desir\u00e9 had all rights to instruct the QX Universe parties in any respect regarding the cooperation, Mandelay HU expressly agreed to that term, although it had an exclusive agreement with Pentavox.<br \/><br \/>As far as the software is concerned, the contract provides that<em> \u2018only QX World has direct relation to control software activation, development and management\u2019 and \u2018all orders must go through qxsubspace.com for purposes of activation, protecting the software\u2019.<\/em><br \/><br \/>The contract turned out to be more or less useful: the QX Universe parties have usually been cooperating with each other but Desir\u00e9 still had serious concerns about the loyalty and honesty of Korn\u00e9l T\u00f3kics and his company, Mandelay HU. The other parties have also had issues with Mandelay HU as sometimes Mandelay HU failed to fulfil its payment obligations on time, or not paid at all. For this reason, Pentavox terminated the exclusive nature of its contract on manufacturing with Mandelay HU on 17th March 2017. Furthermore, directly breaching the contract, Mandelay HU regularly sold SCIO and EDUCTOR devices without the licensed software. With respect to these devices, Mandelay HU failed to put the orders through qxsubspace.com and failed to activate the licensed software. In the meantime, Desir\u00e9 gave clear instructions to Mandelay HU and Korn\u00e9l T\u00f3kics: Mandelay HU is not entitled to carry out any activities not approved by Desir\u00e9. Mandelay HU expressly acknowledged that the only legal software for the devices is the Eductor64 as approved by Desir\u00e9, and Mandelay HU is not entitled to sell, use or demo any software not approved by Desir\u00e9.<br \/><br \/>As time passed, the QX Universe parties started to have more and more payment and distribution problems with Mandelay HU. In order to circumvent the QX Universe, Mandelay HU founded a new company to abuse marketing authorizations already granted to MAITREYA. In this respect, Mandelay HU fraudulently gave the new company a misleading name: MAITREYA Consulting Kft (Ltd incorporated in Hungary). Therefore, Desir\u00e9 decided to give another try to reinstate the confidence within the QX Universe. In this respect, the QX Universe parties entered into a new agreement: the QX Intellectual Property License Contract in 2017.<br \/><br \/>In this contract, the parties expressly acknowledged that \u2018Desir\u00e9 Dubounet is the developer of this Intellectual Property\u2019 and \u2018[t]he IP license belongs to [Desire] or other corporation of Consultant\u2019s [Desir\u00e9\u2019s] choice. By signing the contract, all parties also agreed that \u2018the Intellectual Property is owned by Desir\u00e9 Dubounet and her authorized license agency\u2019. The contract expressly states that Desir\u00e9 is the software copyright owner, and the exclusive owner of the trademarks.<br \/><br \/>The contract also granted more direct control for Desir\u00e9 over Mandelay HU\u2019s actions and also over Korn\u00e9l T\u00f3kics\u2019s other firm, Biofeedback S.r.l. The contract also granted control over Mandelay HU\u2019s actions to Andreea Taflan being a shareholder and executive officer of QX World. Furthermore, the contract also makes clear that Desir\u00e9 is the beneficiary owner of all companies where Korn\u00e9l T\u00f3kics and\/or Ildik\u00f3 are registered as shareholders\/executives: should Korn\u00e9l T\u00f3kics or Ildik\u00f3 fail to comply with contract\u2019s terms and conditions, Desir\u00e9 will have the right to obtain majority control over these companies.<br \/><br \/>In June 2017, QX World purchased the SCIO hardware\/firmware rights and the EDUCTOR hardware\/firmware rights from Pentavox. After QX World\u2019s purchase of the said rights, Mandelay HU repeatedly purchased original SCIO \/ EDUCTOR devices from QX World.<\/p>\t\t\t\t\t\t\t\t<\/div>\n\t\t\t\t<\/div>\n\t\t\t\t<div class=\"elementor-element elementor-element-6ead809 elementor-widget elementor-widget-heading\" data-id=\"6ead809\" data-element_type=\"widget\" data-e-type=\"widget\" data-widget_type=\"heading.default\">\n\t\t\t\t<div class=\"elementor-widget-container\">\n\t\t\t\t\t<h2 class=\"elementor-heading-title elementor-size-default\">VI. MANDELAY HU\u2019S BREACH OF CONTRACT<\/h2>\t\t\t\t<\/div>\n\t\t\t\t<\/div>\n\t\t\t\t<div class=\"elementor-element elementor-element-c6dfdf8 elementor-widget elementor-widget-text-editor\" data-id=\"c6dfdf8\" data-element_type=\"widget\" data-e-type=\"widget\" data-widget_type=\"text-editor.default\">\n\t\t\t\t<div class=\"elementor-widget-container\">\n\t\t\t\t\t\t\t\t\t<p>However, the contract was very soon materially breached by Mandelay HU. Mandelay HU started to send false statements to SCIO\/EDUCTOR buyers regarding the history and the ownership of the intellectual property regarding the products. Mandelay HU falsely stated that the SCIO\/EDUCTOR devices have been invented and developed by \u2018the firms under my [Korn\u00e9l T\u00f3kics] control\u2019 and the intellectual property rights in, and to, these devices and the software were assigned by MAITREYA to Mandelay.<\/p><p>Mandelay HU also falsely stated that QX World sells \u2018fake devices\u2019 and the \u2018slavish imitations\u2019 of SCIO \/ EDUCTOR.<\/p><p>These statements are clearly false, as the SCIO\/EDUCTOR devices had been invented by Desir\u00e9 herself, and the software\/hardware development and fine-tuning has always been carried out under Desir\u00e9\u2019s control. Korn\u00e9l T\u00f3kics has never had control over the companies carrying out the development. Furthermore, MAITREYA has never assigned the IP rights to Mandelay HU since (1) MAITREYA was not the owner of the IP rights, it only had a license from Desir\u00e9, (2) the license granted by Desir\u00e9 to MAITREYA was non-transferrable, (3) the license granted by Desir\u00e9 to MAITREYA automatically terminated on 4 November 2011 when Desir\u00e9 lost majority control over the company. Consequently, MAITREYA had no right to assign any IP assets to Mandelay HU on 30 December 2011. In fact, the said assignment agreement only relates to the SCIO device\u2019s CE certification and the agreement had no provisions regarding any other rights. Furthermore, Mandelay HU has been purchasing SCIO \/ EDUCTOR devices from QX World, and this fact clearly indicates that QX World\u2019s SCIO \/ EDUCTOR devices are original licensed products. In this respect, Mandelay falsely states that QX World\u2019s SCIO \/ EDUCTOR devices would be \u2018fake\u2019 products or \u2018slavish imitations\u2019.<\/p><p>The truth is that Korn\u00e9l T\u00f3kics abused Desir\u00e9\u2019s trust in him, circumvented Desir\u00e9 and her companies, and now tries to expropriate Desir\u00e9\u2019s intellectual property. Mandelay HU also acted in bad faith and try to expropriate Desir\u00e9\u2019s software rights: Mandelay HU drafted a permission notice on authorizing Mandelay HU to develop a new software on the basis of the original EDUCTOR software. However, Desir\u00e9 never signed this permission notice as she did not have an intention to release the software rights. In the end, Mandelay HU came out with a \u2018signed\u2019 version of the permission notice (with different wording) but the signature above the name Desir\u00e9 Dubounet is not hers, Desir\u00e9 Dubounet has never signed such a document.<\/p><p>As regards intellectual property, Mandelay HU has always been only a distributor and commercial agent of Desir\u00e9 and her company. Mandelay HU filed all SCIO or EDUCTOR related trademark applications as an agent, without any permission from Desir\u00e9 being the rightful owner of these marks. Now, as Korn\u00e9l T\u00f3kics and his company Mandelay HU tries to expropriate Desir\u00e9\u2019s intellectual property and hinder Desir\u00e9 and QX World in doing business with the original SCIO EDUCTOR devices, Desir\u00e9 decided to proceed against Mandelay HU\u2019s unlawful activities, and obtain her rightful ownership in the trademarks filed by Mandelay HU.<\/p><p>\u00a0<\/p><p>For more information on the current situation, please feel free to contact us anytime.<\/p>\t\t\t\t\t\t\t\t<\/div>\n\t\t\t\t<\/div>\n\t\t\t\t<div class=\"elementor-element elementor-element-1e78c0d elementor-widget elementor-widget-text-editor\" data-id=\"1e78c0d\" data-element_type=\"widget\" data-e-type=\"widget\" data-widget_type=\"text-editor.default\">\n\t\t\t\t<div class=\"elementor-widget-container\">\n\t\t\t\t\t\t\t\t\t<p><strong>QX WORLD has become aware that several permission notices are circulating on the Internet used to market devices using the name, reputation, knowledge and history of Prof. Desire Dubounet, the previous companies belonging to Desire, and know-how rights that belong to QX WORLD. <\/strong><\/p><p><br \/><strong>We advise all users to carefully read the statements attached to this post for a clear understanding of Intellectual Property Rights regarding our Biofeedback Systems and Software (QXCI, SCIO, INDIGO, EDUCTOR).<\/strong><\/p>\t\t\t\t\t\t\t\t<\/div>\n\t\t\t\t<\/div>\n\t\t\t\t<div class=\"elementor-element elementor-element-ad11f23 elementor-widget elementor-widget-text-editor\" data-id=\"ad11f23\" data-element_type=\"widget\" data-e-type=\"widget\" data-widget_type=\"text-editor.default\">\n\t\t\t\t<div class=\"elementor-widget-container\">\n\t\t\t\t\t\t\t\t\t<p><a href=\"https:\/\/www.qxworld.eu\/wp-content\/uploads\/2023\/08\/Prof.-Desire-Dubounet-aka-William-Charles-Nelson-affidavit-general.pdf\" target=\"_blank\" rel=\"noopener\"><span style=\"text-decoration: underline;\">Prof. Desire Dubounet aka William Charles Nelson &#8211; affidavit general<\/span><\/a><\/p><p><a href=\"https:\/\/www.qxworld.eu\/wp-content\/uploads\/2023\/08\/Prof.-Desire-Dubounet-aka-William-Charles-Nelson-affidavit-mandelay.pdf\" target=\"_blank\" rel=\"noopener\"><span style=\"text-decoration: underline;\">Prof. Desire Dubounet aka William Charles Nelson &#8211; affidavit mandelay<\/span><\/a><\/p>\t\t\t\t\t\t\t\t<\/div>\n\t\t\t\t<\/div>\n\t\t\t\t<\/div>\n\t\t\t\t\t<\/div>\n\t\t\t\t<\/div>\n\t\t\t\t<\/div>\n\t\t","protected":false},"excerpt":{"rendered":"<p>History I. EARLY HISTORY OF BIOFEEDBACK DEVICES Prof. William Charles Nelson (also known as Desir\u00e9 Dubounet,) is an American alternative medicine practitioner, since retired, the inventor of quantum biofeedback medicine. Desir\u00e9 has been active in the field of electro-physiological feedback and biofeedback research since as early as the early 1970s. As a result of her [&hellip;]<\/p>\n","protected":false},"author":18,"featured_media":0,"parent":0,"menu_order":0,"comment_status":"closed","ping_status":"closed","template":"","meta":{"_acf_changed":false,"_seopress_robots_primary_cat":"","_seopress_titles_title":"","_seopress_titles_desc":"","_seopress_robots_index":"","footnotes":""},"class_list":["post-209098","page","type-page","status-publish","hentry"],"acf":[],"_links":{"self":[{"href":"https:\/\/www.qxworld.eu\/pt\/wp-json\/wp\/v2\/pages\/209098","targetHints":{"allow":["GET"]}}],"collection":[{"href":"https:\/\/www.qxworld.eu\/pt\/wp-json\/wp\/v2\/pages"}],"about":[{"href":"https:\/\/www.qxworld.eu\/pt\/wp-json\/wp\/v2\/types\/page"}],"author":[{"embeddable":true,"href":"https:\/\/www.qxworld.eu\/pt\/wp-json\/wp\/v2\/users\/18"}],"replies":[{"embeddable":true,"href":"https:\/\/www.qxworld.eu\/pt\/wp-json\/wp\/v2\/comments?post=209098"}],"version-history":[{"count":7,"href":"https:\/\/www.qxworld.eu\/pt\/wp-json\/wp\/v2\/pages\/209098\/revisions"}],"predecessor-version":[{"id":209108,"href":"https:\/\/www.qxworld.eu\/pt\/wp-json\/wp\/v2\/pages\/209098\/revisions\/209108"}],"wp:attachment":[{"href":"https:\/\/www.qxworld.eu\/pt\/wp-json\/wp\/v2\/media?parent=209098"}],"curies":[{"name":"wp","href":"https:\/\/api.w.org\/{rel}","templated":true}]}}