{"id":210077,"date":"2023-11-21T15:26:46","date_gmt":"2023-11-21T13:26:46","guid":{"rendered":"https:\/\/www.qxworld.eu\/?page_id=210077"},"modified":"2023-12-18T13:28:34","modified_gmt":"2023-12-18T11:28:34","slug":"metamae","status":"publish","type":"page","link":"https:\/\/www.qxworld.eu\/pt\/metamind\/","title":{"rendered":"METAMIND"},"content":{"rendered":"<div data-elementor-type=\"wp-page\" data-elementor-id=\"210077\" class=\"elementor elementor-210077\" data-elementor-post-type=\"page\">\n\t\t\t\t<div class=\"elementor-element elementor-element-0a6e3dd e-flex e-con-boxed e-con e-parent\" data-id=\"0a6e3dd\" data-element_type=\"container\" data-e-type=\"container\" data-settings=\"{&quot;background_background&quot;:&quot;classic&quot;,&quot;jet_parallax_layout_list&quot;:[]}\">\n\t\t\t\t\t<div class=\"e-con-inner\">\n\t\t\t\t\t<\/div>\n\t\t\t\t<\/div>\n\t\t<div class=\"elementor-element elementor-element-0db9f10 e-flex e-con-boxed e-con e-parent\" data-id=\"0db9f10\" data-element_type=\"container\" data-e-type=\"container\" data-settings=\"{&quot;background_background&quot;:&quot;classic&quot;,&quot;jet_parallax_layout_list&quot;:[]}\">\n\t\t\t\t\t<div class=\"e-con-inner\">\n\t\t<div class=\"elementor-element elementor-element-ffeda37 e-con-full e-flex e-con e-child\" data-id=\"ffeda37\" data-element_type=\"container\" data-e-type=\"container\" data-settings=\"{&quot;jet_parallax_layout_list&quot;:[],&quot;background_background&quot;:&quot;classic&quot;}\">\n\t\t<div class=\"elementor-element elementor-element-4ddb4cf e-flex e-con-boxed e-con e-child\" data-id=\"4ddb4cf\" data-element_type=\"container\" data-e-type=\"container\" data-settings=\"{&quot;jet_parallax_layout_list&quot;:[]}\">\n\t\t\t\t\t<div class=\"e-con-inner\">\n\t\t\t\t<div class=\"elementor-element elementor-element-9b1d0be elementor-widget elementor-widget-text-editor\" data-id=\"9b1d0be\" data-element_type=\"widget\" data-e-type=\"widget\" data-widget_type=\"text-editor.default\">\n\t\t\t\t<div class=\"elementor-widget-container\">\n\t\t\t\t\t\t\t\t\t<p>A S\u00e9rie de Webinars Metamind ao Vivo oferece uma explora\u00e7\u00e3o abrangente de v\u00e1rios componentes do programa OMNIS, elucidando como pode empreg\u00e1-lo efetivamente para abordar aspectos distintos, aprofundando assim obst\u00e1culos ocultos e traumas persistentes. Isto, por sua vez, facilita o in\u00edcio de um profundo processo de cura para o cliente.<\/p>\t\t\t\t\t\t\t\t<\/div>\n\t\t\t\t<\/div>\n\t\t\t\t\t<\/div>\n\t\t\t\t<\/div>\n\t\t\t\t<\/div>\n\t\t<div class=\"elementor-element elementor-element-131e49e e-con-full e-flex e-con e-child\" data-id=\"131e49e\" data-element_type=\"container\" data-e-type=\"container\" data-settings=\"{&quot;jet_parallax_layout_list&quot;:[],&quot;background_background&quot;:&quot;classic&quot;}\">\n\t\t\t\t<div class=\"elementor-element elementor-element-4c41f08 elementor-widget elementor-widget-text-editor\" data-id=\"4c41f08\" data-element_type=\"widget\" data-e-type=\"widget\" data-widget_type=\"text-editor.default\">\n\t\t\t\t<div class=\"elementor-widget-container\">\n\t\t\t\t\t\t\t\t\t<p>Cada segmento desta s\u00e9rie \u00e9 distinto e, ao longo das sess\u00f5es MetaMind, estabelecemos liga\u00e7\u00f5es entre cada parte e a anterior, permitindo uma compreens\u00e3o mais abrangente dos elementos ocultos. O MetaMind constitui uma oportunidade excecional para alargar os seus conhecimentos e obter uma compreens\u00e3o mais profunda do software OMNIS.<\/p>\t\t\t\t\t\t\t\t<\/div>\n\t\t\t\t<\/div>\n\t\t\t\t<\/div>\n\t\t\t\t\t<\/div>\n\t\t\t\t<\/div>\n\t\t\t\t<section class=\"elementor-section elementor-top-section elementor-element elementor-element-2393619 elementor-section-boxed elementor-section-height-default elementor-section-height-default\" data-id=\"2393619\" data-element_type=\"section\" data-e-type=\"section\" data-settings=\"{&quot;jet_parallax_layout_list&quot;:[]}\">\n\t\t\t\t\t\t<div class=\"elementor-container elementor-column-gap-default\">\n\t\t\t\t\t<div class=\"elementor-column elementor-col-100 elementor-top-column elementor-element elementor-element-3906ab6\" data-id=\"3906ab6\" data-element_type=\"column\" data-e-type=\"column\">\n\t\t\t<div class=\"elementor-widget-wrap\">\n\t\t\t\t\t\t\t<\/div>\n\t\t<\/div>\n\t\t\t\t\t<\/div>\n\t\t<\/section>\n\t\t\t\t<section class=\"elementor-section elementor-top-section elementor-element elementor-element-4b5291a4 elementor-section-boxed elementor-section-height-default elementor-section-height-default\" data-id=\"4b5291a4\" data-element_type=\"section\" data-e-type=\"section\" data-settings=\"{&quot;jet_parallax_layout_list&quot;:[]}\">\n\t\t\t\t\t\t<div class=\"elementor-container elementor-column-gap-default\">\n\t\t\t\t\t<div class=\"elementor-column elementor-col-100 elementor-top-column elementor-element elementor-element-30d3deed\" data-id=\"30d3deed\" data-element_type=\"column\" data-e-type=\"column\">\n\t\t\t<div class=\"elementor-widget-wrap elementor-element-populated\">\n\t\t\t\t\t\t<div class=\"elementor-element elementor-element-35f6e3e3 elementor-widget elementor-widget-heading\" data-id=\"35f6e3e3\" data-element_type=\"widget\" data-e-type=\"widget\" data-widget_type=\"heading.default\">\n\t\t\t\t<div class=\"elementor-widget-container\">\n\t\t\t\t\t<h4 class=\"elementor-heading-title elementor-size-default\">Agenda<\/h4>\t\t\t\t<\/div>\n\t\t\t\t<\/div>\n\t\t\t\t<div class=\"elementor-element elementor-element-d79b44f elementor-widget elementor-widget-shortcode\" data-id=\"d79b44f\" data-element_type=\"widget\" data-e-type=\"widget\" data-widget_type=\"shortcode.default\">\n\t\t\t\t<div class=\"elementor-widget-container\">\n\t\t\t\t\t\t\t<div class=\"elementor-shortcode\"><!-- EventON Calendar --><div id='evcal_calendar_532' class='list_cal ajde_evcal_calendar sev cev color esty_2 ul etttc_custom' data-cal=''><div id='evcal_head' class='calendar_header' ><div class='evo_cal_above evodfx evofx_dr_r marb5 evofx_ww'><button class='cal_head_btn evo-gototoday-btn' style='' data-mo='4' data-yr='2026' data-dy='' aria-label='Ir para hoje'>M\u00eas atual<\/button><\/div><div class='evo_cal_above_content'><\/div><div class='evo_header_title'><\/div><\/div><div id='eventon_loadbar_section'><div id='eventon_loadbar'><\/div><\/div><!-- Events List --><div class='evo_events_list_box'><div id='evcal_list' class='eventon_events_list sep_months evcal_list_month'><div class='evcal_month_line' data-d='eml_4_2026' data-su='1774994400'><p>abril de 2026<\/p><\/div><div class='sep_month_events no_event' data-d='eml_4_2026' data-range='1774994400_1777586399'><div class='eventon_list_event no_events'><p class='no_events' >Nenhum evento<\/p><\/div><\/div><div class='evcal_month_line' data-d='eml_5_2026' data-su='1777586400'><p>maio de 2026<\/p><\/div><div class='sep_month_events no_event' data-d='eml_5_2026' data-range='1777586400_1780264799'><div class='eventon_list_event no_events'><p class='no_events' >Nenhum evento<\/p><\/div><\/div><div class='evcal_month_line' data-d='eml_6_2026' data-su='1780264800'><p>junho de 2026<\/p><\/div><div class='sep_month_events no_event' data-d='eml_6_2026' data-range='1780264800_1782856799'><div class='eventon_list_event no_events'><p class='no_events' >Nenhum evento<\/p><\/div><\/div><div class='evcal_month_line' data-d='eml_7_2026' data-su='1782856800'><p>julho de 2026<\/p><\/div><div class='sep_month_events no_event' data-d='eml_7_2026' data-range='1782856800_1785535199'><div class='eventon_list_event no_events'><p class='no_events' >Nenhum evento<\/p><\/div><\/div><div class='evcal_month_line' data-d='eml_8_2026' data-su='1785535200'><p>agosto de 2026<\/p><\/div><div class='sep_month_events no_event' data-d='eml_8_2026' data-range='1785535200_1788213599'><div class='eventon_list_event no_events'><p class='no_events' >Nenhum evento<\/p><\/div><\/div><div class='evcal_month_line' data-d='eml_9_2026' data-su='1788213600'><p>setembro de 2026<\/p><\/div><div class='sep_month_events no_event' data-d='eml_9_2026' data-range='1788213600_1790805599'><div class='eventon_list_event no_events'><p class='no_events' >Nenhum evento<\/p><\/div><\/div><div class='evcal_month_line' data-d='eml_10_2026' data-su='1790805600'><p>outubro de 2026<\/p><\/div><div class='sep_month_events no_event' data-d='eml_10_2026' data-range='1790805600_1793487599'><div class='eventon_list_event no_events'><p class='no_events' >Nenhum evento<\/p><\/div><\/div><div class='evcal_month_line' data-d='eml_11_2026' data-su='1793487600'><p>novembro de 2026<\/p><\/div><div class='sep_month_events no_event' data-d='eml_11_2026' data-range='1793487600_1796079599'><div class='eventon_list_event no_events'><p class='no_events' >Nenhum evento<\/p><\/div><\/div><div class='evcal_month_line' data-d='eml_12_2026' data-su='1796079600'><p>Dezembro de 2026<\/p><\/div><div class='sep_month_events no_event' data-d='eml_12_2026' data-range='1796079600_1798757999'><div class='eventon_list_event no_events'><p class='no_events' >Nenhum evento<\/p><\/div><\/div>\t\t\t<\/div>\r\n\t\t\t<\/div><!-- evo_events_list_box -->\t\r\n\t\t\t<div class='clear'><\/div>\r\n\t\t\t\t\t \t<div id='evcal_footer' class='evo_bottom' style='display:none'>\r\n\t\t \t\t<div class='evo_cal_data' data-sc=\"{&quot;accord&quot;:&quot;yes&quot;,&quot;bottom_nav&quot;:&quot;no&quot;,&quot;cal_id&quot;:&quot;&quot;,&quot;cal_init_nonajax&quot;:&quot;no&quot;,&quot;calendar_type&quot;:&quot;list&quot;,&quot;control_style&quot;:&quot;def&quot;,&quot;day_incre&quot;:0,&quot;el_type&quot;:&quot;ue&quot;,&quot;ep_fields&quot;:&quot;&quot;,&quot;etc_override&quot;:&quot;no&quot;,&quot;evc_open&quot;:&quot;no&quot;,&quot;event_count&quot;:0,&quot;event_location&quot;:&quot;all&quot;,&quot;event_order&quot;:&quot;ASC&quot;,&quot;event_organizer&quot;:&quot;all&quot;,&quot;event_parts&quot;:&quot;no&quot;,&quot;event_past_future&quot;:&quot;future&quot;,&quot;event_speaker&quot;:&quot;all&quot;,&quot;event_status&quot;:&quot;all&quot;,&quot;event_tag&quot;:&quot;all&quot;,&quot;event_type&quot;:&quot;188&quot;,&quot;event_type_2&quot;:&quot;all&quot;,&quot;event_virtual&quot;:&quot;all&quot;,&quot;eventtop_date_style&quot;:0,&quot;eventtop_style&quot;:&quot;2&quot;,&quot;exp_jumper&quot;:&quot;no&quot;,&quot;exp_so&quot;:&quot;yes&quot;,&quot;filter_relationship&quot;:&quot;AND&quot;,&quot;filter_show_set_only&quot;:&quot;no&quot;,&quot;filter_style&quot;:&quot;default&quot;,&quot;filter_type&quot;:&quot;default&quot;,&quot;filters&quot;:&quot;yes&quot;,&quot;fixed_day&quot;:&quot;20&quot;,&quot;fixed_month&quot;:&quot;4&quot;,&quot;fixed_year&quot;:&quot;2026&quot;,&quot;focus_end_date_range&quot;:&quot;1798757999&quot;,&quot;focus_start_date_range&quot;:&quot;1774994400&quot;,&quot;ft_event_priority&quot;:&quot;yes&quot;,&quot;grid_ux&quot;:0,&quot;heat&quot;:&quot;no&quot;,&quot;hide_arrows&quot;:&quot;no&quot;,&quot;hide_cancels&quot;:&quot;no&quot;,&quot;hide_countdown&quot;:&quot;no&quot;,&quot;hide_empty_months&quot;:&quot;no&quot;,&quot;hide_end_time&quot;:&quot;no&quot;,&quot;hide_et_dn&quot;:&quot;no&quot;,&quot;hide_et_extra&quot;:&quot;no&quot;,&quot;hide_et_tags&quot;:&quot;no&quot;,&quot;hide_et_tl&quot;:&quot;no&quot;,&quot;hide_ft&quot;:&quot;no&quot;,&quot;hide_ft_img&quot;:&quot;no&quot;,&quot;hide_month_headers&quot;:&quot;no&quot;,&quot;hide_mult_occur&quot;:&quot;no&quot;,&quot;hide_past&quot;:&quot;yes&quot;,&quot;hide_past_by&quot;:&quot;ee&quot;,&quot;hide_so&quot;:&quot;no&quot;,&quot;hide_sort_options&quot;:&quot;no&quot;,&quot;hover&quot;:&quot;number&quot;,&quot;ics&quot;:&quot;no&quot;,&quot;jumper&quot;:&quot;no&quot;,&quot;jumper_count&quot;:5,&quot;jumper_offset&quot;:&quot;0&quot;,&quot;lang&quot;:&quot;L1&quot;,&quot;layout_changer&quot;:&quot;no&quot;,&quot;livenow_bar&quot;:&quot;yes&quot;,&quot;load_fullmonth&quot;:&quot;no&quot;,&quot;mapformat&quot;:&quot;roadmap&quot;,&quot;mapiconurl&quot;:&quot;&quot;,&quot;maps_load&quot;:&quot;yes&quot;,&quot;mapscroll&quot;:&quot;true&quot;,&quot;mapzoom&quot;:&quot;18&quot;,&quot;members_only&quot;:&quot;no&quot;,&quot;ml_priority&quot;:&quot;no&quot;,&quot;ml_toend&quot;:&quot;no&quot;,&quot;mo1st&quot;:&quot;&quot;,&quot;month_incre&quot;:0,&quot;nexttogrid&quot;:&quot;no&quot;,&quot;number_of_months&quot;:&quot;9&quot;,&quot;only_ft&quot;:&quot;no&quot;,&quot;pec&quot;:&quot;&quot;,&quot;s&quot;:&quot;&quot;,&quot;search&quot;:&quot;&quot;,&quot;search_all&quot;:&quot;no&quot;,&quot;sep_month&quot;:&quot;yes&quot;,&quot;show_et_ft_img&quot;:&quot;no&quot;,&quot;show_limit&quot;:&quot;no&quot;,&quot;show_limit_ajax&quot;:&quot;no&quot;,&quot;show_limit_paged&quot;:1,&quot;show_limit_redir&quot;:&quot;&quot;,&quot;show_repeats&quot;:&quot;no&quot;,&quot;show_search&quot;:&quot;no&quot;,&quot;show_upcoming&quot;:0,&quot;show_year&quot;:&quot;yes&quot;,&quot;slide_auto&quot;:&quot;no&quot;,&quot;slide_hide_control&quot;:&quot;no&quot;,&quot;slide_nav_dots&quot;:&quot;no&quot;,&quot;slide_pause_hover&quot;:&quot;no&quot;,&quot;slide_style&quot;:&quot;def&quot;,&quot;slider_pause&quot;:&quot;2000&quot;,&quot;slider_speed&quot;:&quot;400&quot;,&quot;slider_type&quot;:&quot;def&quot;,&quot;slides_visible&quot;:1,&quot;social_share&quot;:&quot;no&quot;,&quot;sort_by&quot;:&quot;sort_date&quot;,&quot;style&quot;:&quot;&quot;,&quot;tile_bg&quot;:0,&quot;tile_bg_size&quot;:&quot;full&quot;,&quot;tile_count&quot;:2,&quot;tile_height&quot;:0,&quot;tile_style&quot;:0,&quot;tiles&quot;:&quot;no&quot;,&quot;ux_val&quot;:&quot;1&quot;,&quot;view_switcher&quot;:&quot;no&quot;,&quot;wpml_l1&quot;:&quot;&quot;,&quot;wpml_l2&quot;:&quot;&quot;,&quot;wpml_l3&quot;:&quot;&quot;,&quot;x_ids&quot;:&quot;&quot;,&quot;yl_priority&quot;:&quot;no&quot;,&quot;yl_toend&quot;:&quot;no&quot;,&quot;_cver&quot;:&quot;5.0.6&quot;}\" data-filter_data=\"[]\" data-nav_data=\"{&quot;month_title&quot;:&quot;&lt;p id=&#039;evcal_cur&#039; class=&#039;evo_month_title padr10&#039;&gt; April, 2026&lt;\\\/p&gt;&quot;,&quot;arrows&quot;:&quot;&lt;p class=&#039;evo_arrows&#039;&gt;\\r\\n\\t\\t\\t\\t\\t&lt;button id=&#039;evcal_prev&#039; class=&#039;evcal_arrows evcal_btn_prev evodfx evofx_jc_c evofx_ai_c&#039; aria-label=&#039;Previous Month&#039;&gt;&lt;i class=&#039;fa fa-chevron-left&#039; aria-hidden=&#039;true&#039;&gt;&lt;\\\/i&gt;&lt;\\\/button&gt;\\r\\n\\t\\t\\t\\t\\t&lt;button id=&#039;evcal_next&#039; class=&#039;evcal_arrows evo_arrow_next evcal_btn_next evodfx evofx_jc_c evofx_ai_c&#039; aria-label=&#039;Next Month&#039;&gt;&lt;i class=&#039;fa fa-chevron-right&#039; aria-hidden=&#039;true&#039;&gt;&lt;\\\/i&gt;&lt;\\\/button&gt;\\r\\n\\t\\t\\t\\t\\t&lt;\\\/p&gt;&quot;}\" data-od=\"{&quot;lang_no_events&quot;:&quot;No Events&quot;,&quot;cal_tz_offset&quot;:120,&quot;cal_tz&quot;:&quot;Europe\\\/Budapest&quot;}\" ><\/div>\r\n\t\t \t\t<div class='evo_cal_events' data-events=\"\"><\/div>\r\n\t\t \t<\/div>\r\n\t\t\t\t\r\n\t\t\t<div class='evo_cal_footer_tz'>Fuso hor\u00e1rio do calend\u00e1rio: GMT+02:00<\/div>\r\n\t\t\t\t\t\t<\/div><!-- EventON End -->\r\n\t\t\t<\/div>\n\t\t\t\t\t\t<\/div>\n\t\t\t\t<\/div>\n\t\t\t\t\t<\/div>\n\t\t<\/div>\n\t\t\t\t\t<\/div>\n\t\t<\/section>\n\t\t\t\t<\/div>","protected":false},"excerpt":{"rendered":"<p>The Metamind Live Webinar Series offers a comprehensive exploration of various components within the OMNIS program, elucidating how you can effectively employ it to address distinct aspects, thereby delving deeper into concealed obstacles and lingering traumas. This, in turn, facilitates the initiation of a profound healing process for the client. Each segment in this series [&hellip;]<\/p>\n","protected":false},"author":18,"featured_media":0,"parent":0,"menu_order":0,"comment_status":"closed","ping_status":"closed","template":"elementor_header_footer","meta":{"_acf_changed":false,"_seopress_robots_primary_cat":"","_seopress_titles_title":"Metamind at QX World - Enhance Awareness and Skills","_seopress_titles_desc":"Explore Metamind Live Webinar Series at QX World, delving into OMNIS program components for deep healing and understanding of hidden traumas","_seopress_robots_index":"","footnotes":""},"class_list":["post-210077","page","type-page","status-publish","hentry"],"acf":[],"_links":{"self":[{"href":"https:\/\/www.qxworld.eu\/pt\/wp-json\/wp\/v2\/pages\/210077","targetHints":{"allow":["GET"]}}],"collection":[{"href":"https:\/\/www.qxworld.eu\/pt\/wp-json\/wp\/v2\/pages"}],"about":[{"href":"https:\/\/www.qxworld.eu\/pt\/wp-json\/wp\/v2\/types\/page"}],"author":[{"embeddable":true,"href":"https:\/\/www.qxworld.eu\/pt\/wp-json\/wp\/v2\/users\/18"}],"replies":[{"embeddable":true,"href":"https:\/\/www.qxworld.eu\/pt\/wp-json\/wp\/v2\/comments?post=210077"}],"version-history":[{"count":6,"href":"https:\/\/www.qxworld.eu\/pt\/wp-json\/wp\/v2\/pages\/210077\/revisions"}],"predecessor-version":[{"id":210630,"href":"https:\/\/www.qxworld.eu\/pt\/wp-json\/wp\/v2\/pages\/210077\/revisions\/210630"}],"wp:attachment":[{"href":"https:\/\/www.qxworld.eu\/pt\/wp-json\/wp\/v2\/media?parent=210077"}],"curies":[{"name":"wp","href":"https:\/\/api.w.org\/{rel}","templated":true}]}}