{"id":217268,"date":"2024-08-16T16:52:16","date_gmt":"2024-08-16T14:52:16","guid":{"rendered":"https:\/\/www.qxworld.eu\/?page_id=217268"},"modified":"2025-06-16T16:16:27","modified_gmt":"2025-06-16T14:16:27","slug":"aplicacao-de-oracao","status":"publish","type":"page","link":"https:\/\/www.qxworld.eu\/pt\/products\/prayer-app\/","title":{"rendered":"Aplica\u00e7\u00e3o de ora\u00e7\u00e3o"},"content":{"rendered":"<div data-elementor-type=\"wp-page\" data-elementor-id=\"217268\" class=\"elementor elementor-217268\" data-elementor-post-type=\"page\">\n\t\t\t\t<div class=\"elementor-element elementor-element-d49e75c e-flex e-con-boxed e-con e-parent\" data-id=\"d49e75c\" data-element_type=\"container\" data-e-type=\"container\" data-settings=\"{&quot;background_background&quot;:&quot;classic&quot;,&quot;jet_parallax_layout_list&quot;:[]}\">\n\t\t\t\t\t<div class=\"e-con-inner\">\n\t\t<div class=\"elementor-element elementor-element-0005cf0 e-con-full e-flex e-con e-child\" data-id=\"0005cf0\" data-element_type=\"container\" data-e-type=\"container\" data-settings=\"{&quot;jet_parallax_layout_list&quot;:[]}\">\n\t\t\t\t<div class=\"elementor-element elementor-element-c001b64 elementor-widget elementor-widget-image\" data-id=\"c001b64\" data-element_type=\"widget\" data-e-type=\"widget\" data-widget_type=\"image.default\">\n\t\t\t\t<div class=\"elementor-widget-container\">\n\t\t\t\t\t\t\t\t\t\t\t\t\t\t\t<img fetchpriority=\"high\" decoding=\"async\" width=\"477\" height=\"170\" src=\"https:\/\/www.qxworld.eu\/wp-content\/uploads\/2024\/08\/prayer-top-logo.png\" class=\"attachment-large size-large wp-image-217279\" alt=\"Texto do log\u00f3tipo Energia Ar\" srcset=\"https:\/\/www.qxworld.eu\/wp-content\/uploads\/2024\/08\/prayer-top-logo.png 477w, https:\/\/www.qxworld.eu\/wp-content\/uploads\/2024\/08\/prayer-top-logo-300x107.png 300w, https:\/\/www.qxworld.eu\/wp-content\/uploads\/2024\/08\/prayer-top-logo-18x6.png 18w\" sizes=\"(max-width: 477px) 100vw, 477px\" \/>\t\t\t\t\t\t\t\t\t\t\t\t\t\t\t<\/div>\n\t\t\t\t<\/div>\n\t\t\t\t<\/div>\n\t\t<div class=\"elementor-element elementor-element-1f73045 e-con-full e-flex e-con e-child\" data-id=\"1f73045\" data-element_type=\"container\" data-e-type=\"container\" data-settings=\"{&quot;jet_parallax_layout_list&quot;:[]}\">\n\t\t\t\t<div class=\"elementor-element elementor-element-b95f4a6 elementor-widget elementor-widget-heading\" data-id=\"b95f4a6\" data-element_type=\"widget\" data-e-type=\"widget\" data-widget_type=\"heading.default\">\n\t\t\t\t<div class=\"elementor-widget-container\">\n\t\t\t\t\t<h1 class=\"elementor-heading-title elementor-size-default\">Ora\u00e7\u00e3o 24\/7 Espiritual<br \/> Software de apoio<\/h1>\t\t\t\t<\/div>\n\t\t\t\t<\/div>\n\t\t\t\t<\/div>\n\t\t\t\t\t<\/div>\n\t\t\t\t<\/div>\n\t\t<div class=\"elementor-element elementor-element-f37a514 e-con-full e-flex e-con e-parent\" data-id=\"f37a514\" data-element_type=\"container\" data-e-type=\"container\" data-settings=\"{&quot;jet_parallax_layout_list&quot;:[]}\">\n\t\t\t\t<div class=\"elementor-element elementor-element-09e4aad elementor-widget elementor-widget-heading\" data-id=\"09e4aad\" data-element_type=\"widget\" data-e-type=\"widget\" data-widget_type=\"heading.default\">\n\t\t\t\t<div class=\"elementor-widget-container\">\n\t\t\t\t\t<h2 class=\"elementor-heading-title elementor-size-default\">Experimente a harmonia espiritual e emocional como nunca antes com a Ora\u00e7\u00e3o, a sua chave para o relaxamento profundo, a redu\u00e7\u00e3o do stress e uma vida equilibrada.<\/h2>\t\t\t\t<\/div>\n\t\t\t\t<\/div>\n\t\t\t\t<\/div>\n\t\t<div class=\"elementor-element elementor-element-fbc9c4c e-flex e-con-boxed e-con e-parent\" data-id=\"fbc9c4c\" data-element_type=\"container\" data-e-type=\"container\" data-settings=\"{&quot;jet_parallax_layout_list&quot;:[]}\">\n\t\t\t\t\t<div class=\"e-con-inner\">\n\t\t<div class=\"elementor-element elementor-element-837963d e-con-full e-flex e-con e-child\" data-id=\"837963d\" data-element_type=\"container\" data-e-type=\"container\" data-settings=\"{&quot;jet_parallax_layout_list&quot;:[]}\">\n\t\t\t\t<div class=\"elementor-element elementor-element-ee4afa8 elementor-widget elementor-widget-heading\" data-id=\"ee4afa8\" data-element_type=\"widget\" data-e-type=\"widget\" data-widget_type=\"heading.default\">\n\t\t\t\t<div class=\"elementor-widget-container\">\n\t\t\t\t\t<h2 class=\"elementor-heading-title elementor-size-default\">Eis como funciona<\/h2>\t\t\t\t<\/div>\n\t\t\t\t<\/div>\n\t\t\t\t<div class=\"elementor-element elementor-element-ebd2eeb elementor-widget elementor-widget-text-editor\" data-id=\"ebd2eeb\" data-element_type=\"widget\" data-e-type=\"widget\" data-widget_type=\"text-editor.default\">\n\t\t\t\t<div class=\"elementor-widget-container\">\n\t\t\t\t\t\t\t\t\t<p>The Prayer \u00e9 um software revolucion\u00e1rio concebido para funcionar independentemente do seu dispositivo de Biofeedback, funcionando sem problemas em segundo plano 24 horas por dia, 7 dias por semana. Aproveitando o conceito de campos de energia subtis que rodeiam cada pessoa, esta ferramenta integra poderosas frequ\u00eancias hololingu\u00edsticas geradas pelo seu CPU, adaptadas aos seus inputs \u00fanicos e aos dos seus clientes.<\/p>\t\t\t\t\t\t\t\t<\/div>\n\t\t\t\t<\/div>\n\t\t\t\t<\/div>\n\t\t<div class=\"elementor-element elementor-element-c93c1d9 e-con-full e-flex e-con e-child\" data-id=\"c93c1d9\" data-element_type=\"container\" data-e-type=\"container\" data-settings=\"{&quot;background_background&quot;:&quot;classic&quot;,&quot;jet_parallax_layout_list&quot;:[]}\">\n\t\t\t\t<\/div>\n\t\t\t\t\t<\/div>\n\t\t\t\t<\/div>\n\t\t<div class=\"elementor-element elementor-element-17f64c9 e-flex e-con-boxed e-con e-parent\" data-id=\"17f64c9\" data-element_type=\"container\" data-e-type=\"container\" data-settings=\"{&quot;jet_parallax_layout_list&quot;:[]}\">\n\t\t\t\t\t<div class=\"e-con-inner\">\n\t\t<div class=\"elementor-element elementor-element-0661532 e-con-full e-flex e-con e-child\" data-id=\"0661532\" data-element_type=\"container\" data-e-type=\"container\" data-settings=\"{&quot;jet_parallax_layout_list&quot;:[]}\">\n\t\t\t\t<div class=\"elementor-element elementor-element-0f8a663 elementor-widget elementor-widget-heading\" data-id=\"0f8a663\" data-element_type=\"widget\" data-e-type=\"widget\" data-widget_type=\"heading.default\">\n\t\t\t\t<div class=\"elementor-widget-container\">\n\t\t\t\t\t<h2 class=\"elementor-heading-title elementor-size-default\">Abra\u00e7ar a sabedoria antiga<\/h2>\t\t\t\t<\/div>\n\t\t\t\t<\/div>\n\t\t\t\t<div class=\"elementor-element elementor-element-d06c91b elementor-widget elementor-widget-text-editor\" data-id=\"d06c91b\" data-element_type=\"widget\" data-e-type=\"widget\" data-widget_type=\"text-editor.default\">\n\t\t\t\t<div class=\"elementor-widget-container\">\n\t\t\t\t\t\t\t\t\t<p>Abrace a antiga filosofia tibetana de uma forma moderna com o Prayer. Este software permite-lhe adicionar as suas pr\u00f3prias ora\u00e7\u00f5es, mantras e afirma\u00e7\u00f5es, criar sess\u00f5es de grupo e personalizar a experi\u00eancia de acordo com as suas necessidades. Ao difundir uma combina\u00e7\u00e3o de informa\u00e7\u00f5es e ondas energ\u00e9ticas, o Prayer traz um fluxo cont\u00ednuo de energia positiva para a sua vida.<\/p>\t\t\t\t\t\t\t\t<\/div>\n\t\t\t\t<\/div>\n\t\t\t\t<\/div>\n\t\t<div class=\"elementor-element elementor-element-637c497 e-con-full e-flex e-con e-child\" data-id=\"637c497\" data-element_type=\"container\" data-e-type=\"container\" data-settings=\"{&quot;background_background&quot;:&quot;classic&quot;,&quot;jet_parallax_layout_list&quot;:[]}\">\n\t\t\t\t<\/div>\n\t\t\t\t\t<\/div>\n\t\t\t\t<\/div>\n\t\t<div class=\"elementor-element elementor-element-79ae133 e-con-full e-flex e-con e-parent\" data-id=\"79ae133\" data-element_type=\"container\" data-e-type=\"container\" data-settings=\"{&quot;jet_parallax_layout_list&quot;:[],&quot;background_background&quot;:&quot;classic&quot;}\">\n\t\t<div class=\"elementor-element elementor-element-e3e5833 e-flex e-con-boxed e-con e-child\" data-id=\"e3e5833\" data-element_type=\"container\" data-e-type=\"container\" data-settings=\"{&quot;jet_parallax_layout_list&quot;:[]}\">\n\t\t\t\t\t<div class=\"e-con-inner\">\n\t\t\t\t<div class=\"elementor-element elementor-element-fe0fbf8 elementor-widget elementor-widget-image\" data-id=\"fe0fbf8\" data-element_type=\"widget\" data-e-type=\"widget\" data-widget_type=\"image.default\">\n\t\t\t\t<div class=\"elementor-widget-container\">\n\t\t\t\t\t\t\t\t\t\t\t\t\t\t\t<img decoding=\"async\" width=\"300\" height=\"107\" src=\"https:\/\/www.qxworld.eu\/wp-content\/uploads\/2024\/08\/prayer-top-logo-300x107.png\" class=\"attachment-medium size-medium wp-image-217279\" alt=\"Texto do log\u00f3tipo Energia Ar\" srcset=\"https:\/\/www.qxworld.eu\/wp-content\/uploads\/2024\/08\/prayer-top-logo-300x107.png 300w, https:\/\/www.qxworld.eu\/wp-content\/uploads\/2024\/08\/prayer-top-logo-18x6.png 18w, https:\/\/www.qxworld.eu\/wp-content\/uploads\/2024\/08\/prayer-top-logo.png 477w\" sizes=\"(max-width: 300px) 100vw, 300px\" \/>\t\t\t\t\t\t\t\t\t\t\t\t\t\t\t<\/div>\n\t\t\t\t<\/div>\n\t\t\t\t<div class=\"elementor-element elementor-element-5592119 elementor-widget elementor-widget-heading\" data-id=\"5592119\" data-element_type=\"widget\" data-e-type=\"widget\" data-widget_type=\"heading.default\">\n\t\t\t\t<div class=\"elementor-widget-container\">\n\t\t\t\t\t<h2 class=\"elementor-heading-title elementor-size-default\">Transforme as suas pr\u00e1ticas espirituais e encontre o equil\u00edbrio na sua vida quotidiana com a Ora\u00e7\u00e3o<sup>\u00ae<\/sup><\/h2>\t\t\t\t<\/div>\n\t\t\t\t<\/div>\n\t\t\t\t<div class=\"elementor-element elementor-element-23a382d elementor-widget elementor-widget-text-editor\" data-id=\"23a382d\" data-element_type=\"widget\" data-e-type=\"widget\" data-widget_type=\"text-editor.default\">\n\t\t\t\t<div class=\"elementor-widget-container\">\n\t\t\t\t\t\t\t\t\t<p>Comece hoje a sua viagem para a paz interior.<\/p>\t\t\t\t\t\t\t\t<\/div>\n\t\t\t\t<\/div>\n\t\t\t\t<div class=\"elementor-element elementor-element-3314a50 elementor-align-center elementor-widget elementor-widget-button\" data-id=\"3314a50\" data-element_type=\"widget\" data-e-type=\"widget\" data-widget_type=\"button.default\">\n\t\t\t\t<div class=\"elementor-widget-container\">\n\t\t\t\t\t\t\t\t\t<div class=\"elementor-button-wrapper\">\n\t\t\t\t\t<a class=\"elementor-button elementor-button-link elementor-size-sm elementor-animation-grow\" href=\"\/representative\/\">\n\t\t\t\t\t\t<span class=\"elementor-button-content-wrapper\">\n\t\t\t\t\t\t\t\t\t<span class=\"elementor-button-text\">Entrar em contacto<\/span>\n\t\t\t\t\t<\/span>\n\t\t\t\t\t<\/a>\n\t\t\t\t<\/div>\n\t\t\t\t\t\t\t\t<\/div>\n\t\t\t\t<\/div>\n\t\t\t\t\t<\/div>\n\t\t\t\t<\/div>\n\t\t\t\t<\/div>\n\t\t<div class=\"elementor-element elementor-element-d9d5a4b e-flex e-con-boxed e-con e-parent\" data-id=\"d9d5a4b\" data-element_type=\"container\" data-e-type=\"container\" data-settings=\"{&quot;jet_parallax_layout_list&quot;:[]}\">\n\t\t\t\t\t<div class=\"e-con-inner\">\n\t\t<div class=\"elementor-element elementor-element-d9a8726 e-con-full e-flex e-con e-child\" data-id=\"d9a8726\" data-element_type=\"container\" data-e-type=\"container\" data-settings=\"{&quot;jet_parallax_layout_list&quot;:[]}\">\n\t\t\t\t<div class=\"elementor-element elementor-element-fea3b5d elementor-widget elementor-widget-heading\" data-id=\"fea3b5d\" data-element_type=\"widget\" data-e-type=\"widget\" data-widget_type=\"heading.default\">\n\t\t\t\t<div class=\"elementor-widget-container\">\n\t\t\t\t\t<h2 class=\"elementor-heading-title elementor-size-default\">Porqu\u00ea escolher a Ora\u00e7\u00e3o?<\/h2>\t\t\t\t<\/div>\n\t\t\t\t<\/div>\n\t\t\t\t<\/div>\n\t\t<div class=\"elementor-element elementor-element-b2a7458 e-con-full e-flex e-con e-child\" data-id=\"b2a7458\" data-element_type=\"container\" data-e-type=\"container\" data-settings=\"{&quot;jet_parallax_layout_list&quot;:[]}\">\n\t\t<div class=\"elementor-element elementor-element-c9491b1 e-con-full e-flex e-con e-child\" data-id=\"c9491b1\" data-element_type=\"container\" data-e-type=\"container\" data-settings=\"{&quot;jet_parallax_layout_list&quot;:[]}\">\n\t\t<div class=\"elementor-element elementor-element-f793893 e-con-full e-flex e-con e-child\" data-id=\"f793893\" data-element_type=\"container\" data-e-type=\"container\" data-settings=\"{&quot;background_background&quot;:&quot;classic&quot;,&quot;jet_parallax_layout_list&quot;:[]}\">\n\t\t\t\t<\/div>\n\t\t<div class=\"elementor-element elementor-element-ba6ddb2 e-con-full e-flex e-con e-child\" data-id=\"ba6ddb2\" data-element_type=\"container\" data-e-type=\"container\" data-settings=\"{&quot;jet_parallax_layout_list&quot;:[]}\">\n\t\t\t\t<div class=\"elementor-element elementor-element-6bff5ea elementor-widget elementor-widget-heading\" data-id=\"6bff5ea\" data-element_type=\"widget\" data-e-type=\"widget\" data-widget_type=\"heading.default\">\n\t\t\t\t<div class=\"elementor-widget-container\">\n\t\t\t\t\t<h3 class=\"elementor-heading-title elementor-size-default\">Ora\u00e7\u00e3o Qu\u00e2ntica<br \/> Roda<\/h3>\t\t\t\t<\/div>\n\t\t\t\t<\/div>\n\t\t\t\t<\/div>\n\t\t<div class=\"elementor-element elementor-element-ead736c e-con-full e-flex e-con e-child\" data-id=\"ead736c\" data-element_type=\"container\" data-e-type=\"container\" data-settings=\"{&quot;jet_parallax_layout_list&quot;:[]}\">\n\t\t\t\t<div class=\"elementor-element elementor-element-38ee13e elementor-widget__width-initial elementor-widget elementor-widget-text-editor\" data-id=\"38ee13e\" data-element_type=\"widget\" data-e-type=\"widget\" data-widget_type=\"text-editor.default\">\n\t\t\t\t<div class=\"elementor-widget-container\">\n\t\t\t\t\t\t\t\t\t<p>Uma ferramenta din\u00e2mica de visualiza\u00e7\u00e3o de ora\u00e7\u00f5es que faz circular continuamente a energia, refor\u00e7ando as inten\u00e7\u00f5es e o alinhamento espiritual. Inspirada nas rodas de ora\u00e7\u00e3o tibetanas, esta funcionalidade permite a transmiss\u00e3o energ\u00e9tica de ora\u00e7\u00f5es, mantras e afirma\u00e7\u00f5es.<\/p>\t\t\t\t\t\t\t\t<\/div>\n\t\t\t\t<\/div>\n\t\t\t\t<\/div>\n\t\t\t\t<\/div>\n\t\t<div class=\"elementor-element elementor-element-f632a18 e-con-full e-flex e-con e-child\" data-id=\"f632a18\" data-element_type=\"container\" data-e-type=\"container\" data-settings=\"{&quot;jet_parallax_layout_list&quot;:[]}\">\n\t\t<div class=\"elementor-element elementor-element-a5a0e9b e-con-full e-flex e-con e-child\" data-id=\"a5a0e9b\" data-element_type=\"container\" data-e-type=\"container\" data-settings=\"{&quot;background_background&quot;:&quot;classic&quot;,&quot;jet_parallax_layout_list&quot;:[]}\">\n\t\t\t\t<\/div>\n\t\t<div class=\"elementor-element elementor-element-128f808 e-con-full e-flex e-con e-child\" data-id=\"128f808\" data-element_type=\"container\" data-e-type=\"container\" data-settings=\"{&quot;jet_parallax_layout_list&quot;:[]}\">\n\t\t\t\t<div class=\"elementor-element elementor-element-d90b2ad elementor-widget elementor-widget-heading\" data-id=\"d90b2ad\" data-element_type=\"widget\" data-e-type=\"widget\" data-widget_type=\"heading.default\">\n\t\t\t\t<div class=\"elementor-widget-container\">\n\t\t\t\t\t<h3 class=\"elementor-heading-title elementor-size-default\">Terapia de som e equil\u00edbrio de frequ\u00eancias<\/h3>\t\t\t\t<\/div>\n\t\t\t\t<\/div>\n\t\t\t\t<\/div>\n\t\t<div class=\"elementor-element elementor-element-6cdef94 e-con-full e-flex e-con e-child\" data-id=\"6cdef94\" data-element_type=\"container\" data-e-type=\"container\" data-settings=\"{&quot;jet_parallax_layout_list&quot;:[]}\">\n\t\t\t\t<div class=\"elementor-element elementor-element-b981a01 elementor-widget__width-initial elementor-widget elementor-widget-text-editor\" data-id=\"b981a01\" data-element_type=\"widget\" data-e-type=\"widget\" data-widget_type=\"text-editor.default\">\n\t\t\t\t<div class=\"elementor-widget-container\">\n\t\t\t\t\t\t\t\t\t<p>Um m\u00f3dulo de terapia de som incorporado que oferece uma gama de frequ\u00eancias naturais, tais como: Cantos de p\u00e1ssaros, sons da floresta tropical, chamamentos de baleias e trovoadas para um relaxamento profundo. M\u00fasica ondulante e frequ\u00eancias harm\u00f3nicas para restaurar o equil\u00edbrio. Concebido para melhorar a medita\u00e7\u00e3o, reduzir o stress e apoiar o alinhamento energ\u00e9tico.<\/p>\t\t\t\t\t\t\t\t<\/div>\n\t\t\t\t<\/div>\n\t\t\t\t<\/div>\n\t\t\t\t<\/div>\n\t\t\t\t<\/div>\n\t\t<div class=\"elementor-element elementor-element-b748751 e-con-full e-flex e-con e-child\" data-id=\"b748751\" data-element_type=\"container\" data-e-type=\"container\" data-settings=\"{&quot;jet_parallax_layout_list&quot;:[]}\">\n\t\t<div class=\"elementor-element elementor-element-f96e320 e-con-full e-flex e-con e-child\" data-id=\"f96e320\" data-element_type=\"container\" data-e-type=\"container\" data-settings=\"{&quot;jet_parallax_layout_list&quot;:[]}\">\n\t\t<div class=\"elementor-element elementor-element-7efc7f5 e-con-full e-flex e-con e-child\" data-id=\"7efc7f5\" data-element_type=\"container\" data-e-type=\"container\" data-settings=\"{&quot;background_background&quot;:&quot;classic&quot;,&quot;jet_parallax_layout_list&quot;:[]}\">\n\t\t\t\t<\/div>\n\t\t<div class=\"elementor-element elementor-element-b468706 e-con-full e-flex e-con e-child\" data-id=\"b468706\" data-element_type=\"container\" data-e-type=\"container\" data-settings=\"{&quot;jet_parallax_layout_list&quot;:[]}\">\n\t\t\t\t<div class=\"elementor-element elementor-element-beba6ae elementor-widget elementor-widget-heading\" data-id=\"beba6ae\" data-element_type=\"widget\" data-e-type=\"widget\" data-widget_type=\"heading.default\">\n\t\t\t\t<div class=\"elementor-widget-container\">\n\t\t\t\t\t<h3 class=\"elementor-heading-title elementor-size-default\">Cliente integrado<\/br>Gest\u00e3o<\/h3>\t\t\t\t<\/div>\n\t\t\t\t<\/div>\n\t\t\t\t<\/div>\n\t\t<div class=\"elementor-element elementor-element-4a215e8 e-con-full e-flex e-con e-child\" data-id=\"4a215e8\" data-element_type=\"container\" data-e-type=\"container\" data-settings=\"{&quot;jet_parallax_layout_list&quot;:[]}\">\n\t\t\t\t<div class=\"elementor-element elementor-element-2e70a9b elementor-widget__width-initial elementor-widget elementor-widget-text-editor\" data-id=\"2e70a9b\" data-element_type=\"widget\" data-e-type=\"widget\" data-widget_type=\"text-editor.default\">\n\t\t\t\t<div class=\"elementor-widget-container\">\n\t\t\t\t\t\t\t\t\t<p>Armazenar e gerir perfis de clientes, incluindo dados pessoais, m\u00e9tricas de energia e hist\u00f3rico de ora\u00e7\u00f5es.<\/p>\t\t\t\t\t\t\t\t<\/div>\n\t\t\t\t<\/div>\n\t\t\t\t<\/div>\n\t\t\t\t<\/div>\n\t\t<div class=\"elementor-element elementor-element-f880733 e-con-full e-flex e-con e-child\" data-id=\"f880733\" data-element_type=\"container\" data-e-type=\"container\" data-settings=\"{&quot;jet_parallax_layout_list&quot;:[]}\">\n\t\t<div class=\"elementor-element elementor-element-97309c8 e-con-full e-flex e-con e-child\" data-id=\"97309c8\" data-element_type=\"container\" data-e-type=\"container\" data-settings=\"{&quot;background_background&quot;:&quot;classic&quot;,&quot;jet_parallax_layout_list&quot;:[]}\">\n\t\t\t\t<\/div>\n\t\t<div class=\"elementor-element elementor-element-c79f415 e-con-full e-flex e-con e-child\" data-id=\"c79f415\" data-element_type=\"container\" data-e-type=\"container\" data-settings=\"{&quot;jet_parallax_layout_list&quot;:[]}\">\n\t\t\t\t<div class=\"elementor-element elementor-element-082f44b elementor-widget elementor-widget-heading\" data-id=\"082f44b\" data-element_type=\"widget\" data-e-type=\"widget\" data-widget_type=\"heading.default\">\n\t\t\t\t<div class=\"elementor-widget-container\">\n\t\t\t\t\t<h3 class=\"elementor-heading-title elementor-size-default\">Onda de Schumann e resson\u00e2ncia harm\u00f3nica<\/h3>\t\t\t\t<\/div>\n\t\t\t\t<\/div>\n\t\t\t\t<\/div>\n\t\t<div class=\"elementor-element elementor-element-fc0e2c6 e-con-full e-flex e-con e-child\" data-id=\"fc0e2c6\" data-element_type=\"container\" data-e-type=\"container\" data-settings=\"{&quot;jet_parallax_layout_list&quot;:[]}\">\n\t\t\t\t<div class=\"elementor-element elementor-element-dc21d65 elementor-widget__width-initial elementor-widget elementor-widget-text-editor\" data-id=\"dc21d65\" data-element_type=\"widget\" data-e-type=\"widget\" data-widget_type=\"text-editor.default\">\n\t\t\t\t<div class=\"elementor-widget-container\">\n\t\t\t\t\t\t\t\t\t<p>Utiliza as Resson\u00e2ncias Schumann (7,83 Hz e varia\u00e7\u00f5es) para promover a liga\u00e7\u00e3o \u00e0 terra e a estabilidade. Oferece harm\u00f3nicos UHF, loops cibern\u00e9ticos, ativa\u00e7\u00e3o radi\u00f3nica e integra\u00e7\u00e3o do campo orgone para uma melhor sincroniza\u00e7\u00e3o do campo energ\u00e9tico.<\/p>\t\t\t\t\t\t\t\t<\/div>\n\t\t\t\t<\/div>\n\t\t\t\t<\/div>\n\t\t\t\t<\/div>\n\t\t<div class=\"elementor-element elementor-element-89e4f80 e-con-full e-flex e-con e-child\" data-id=\"89e4f80\" data-element_type=\"container\" data-e-type=\"container\" data-settings=\"{&quot;jet_parallax_layout_list&quot;:[]}\">\n\t\t<div class=\"elementor-element elementor-element-be11942 e-con-full e-flex e-con e-child\" data-id=\"be11942\" data-element_type=\"container\" data-e-type=\"container\" data-settings=\"{&quot;background_background&quot;:&quot;classic&quot;,&quot;jet_parallax_layout_list&quot;:[]}\">\n\t\t\t\t<\/div>\n\t\t<div class=\"elementor-element elementor-element-a805dd3 e-con-full e-flex e-con e-child\" data-id=\"a805dd3\" data-element_type=\"container\" data-e-type=\"container\" data-settings=\"{&quot;jet_parallax_layout_list&quot;:[]}\">\n\t\t\t\t<div class=\"elementor-element elementor-element-6729f8e elementor-widget elementor-widget-heading\" data-id=\"6729f8e\" data-element_type=\"widget\" data-e-type=\"widget\" data-widget_type=\"heading.default\">\n\t\t\t\t<div class=\"elementor-widget-container\">\n\t\t\t\t\t<h3 class=\"elementor-heading-title elementor-size-default\">Ora\u00e7\u00e3o personalizada e sistema de afirma\u00e7\u00e3o<\/h3>\t\t\t\t<\/div>\n\t\t\t\t<\/div>\n\t\t\t\t<\/div>\n\t\t<div class=\"elementor-element elementor-element-2a26b9c e-con-full e-flex e-con e-child\" data-id=\"2a26b9c\" data-element_type=\"container\" data-e-type=\"container\" data-settings=\"{&quot;jet_parallax_layout_list&quot;:[]}\">\n\t\t\t\t<div class=\"elementor-element elementor-element-0fd4988 elementor-widget__width-initial elementor-widget elementor-widget-text-editor\" data-id=\"0fd4988\" data-element_type=\"widget\" data-e-type=\"widget\" data-widget_type=\"text-editor.default\">\n\t\t\t\t<div class=\"elementor-widget-container\">\n\t\t\t\t\t\t\t\t\t<p>Crie e personalize as suas pr\u00f3prias ora\u00e7\u00f5es ou selecione a partir de uma base de dados de afirma\u00e7\u00f5es guiadas. Guarde as ora\u00e7\u00f5es e organize-as em sess\u00f5es pessoais ou de grupo. Utilize o sistema Quantum Prayer para amplificar as inten\u00e7\u00f5es.<\/p>\t\t\t\t\t\t\t\t<\/div>\n\t\t\t\t<\/div>\n\t\t\t\t<\/div>\n\t\t\t\t<\/div>\n\t\t\t\t<\/div>\n\t\t\t\t\t<\/div>\n\t\t\t\t<\/div>\n\t\t\t\t<\/div>","protected":false},"excerpt":{"rendered":"<p>A aplica\u00e7\u00e3o Prayer oferece pr\u00e1ticas meditativas guiadas para apoiar a sua jornada de sa\u00fade hol\u00edstica, integrando a aten\u00e7\u00e3o plena na sua rotina di\u00e1ria.<\/p>","protected":false},"author":1664,"featured_media":291809,"parent":1195,"menu_order":0,"comment_status":"closed","ping_status":"closed","template":"","meta":{"_acf_changed":false,"_seopress_robots_primary_cat":"","_seopress_titles_title":"Elevate Meditation with Prayer\u00ae: Inner Peace & Harmony","_seopress_titles_desc":"Unlock spiritual harmony with Prayer\u00ae, the software inspired by Tibetan philosophy. Deep relaxation and balanced living await!","_seopress_robots_index":"","footnotes":""},"class_list":["post-217268","page","type-page","status-publish","has-post-thumbnail","hentry"],"acf":[],"_links":{"self":[{"href":"https:\/\/www.qxworld.eu\/pt\/wp-json\/wp\/v2\/pages\/217268","targetHints":{"allow":["GET"]}}],"collection":[{"href":"https:\/\/www.qxworld.eu\/pt\/wp-json\/wp\/v2\/pages"}],"about":[{"href":"https:\/\/www.qxworld.eu\/pt\/wp-json\/wp\/v2\/types\/page"}],"author":[{"embeddable":true,"href":"https:\/\/www.qxworld.eu\/pt\/wp-json\/wp\/v2\/users\/1664"}],"replies":[{"embeddable":true,"href":"https:\/\/www.qxworld.eu\/pt\/wp-json\/wp\/v2\/comments?post=217268"}],"version-history":[{"count":126,"href":"https:\/\/www.qxworld.eu\/pt\/wp-json\/wp\/v2\/pages\/217268\/revisions"}],"predecessor-version":[{"id":323138,"href":"https:\/\/www.qxworld.eu\/pt\/wp-json\/wp\/v2\/pages\/217268\/revisions\/323138"}],"up":[{"embeddable":true,"href":"https:\/\/www.qxworld.eu\/pt\/wp-json\/wp\/v2\/pages\/1195"}],"wp:featuredmedia":[{"embeddable":true,"href":"https:\/\/www.qxworld.eu\/pt\/wp-json\/wp\/v2\/media\/291809"}],"wp:attachment":[{"href":"https:\/\/www.qxworld.eu\/pt\/wp-json\/wp\/v2\/media?parent=217268"}],"curies":[{"name":"wp","href":"https:\/\/api.w.org\/{rel}","templated":true}]}}