{"id":1259,"date":"2021-04-15T11:11:52","date_gmt":"2021-04-15T09:11:52","guid":{"rendered":"https:\/\/qxworld.eu\/product\/import-placeholder-for-4502\/"},"modified":"2026-01-05T15:52:11","modified_gmt":"2026-01-05T14:52:11","slug":"iridologia","status":"publish","type":"product","link":"https:\/\/www.qxworld.eu\/pt\/product\/iridology\/","title":{"rendered":"IRIDOLOGIA"},"content":{"rendered":"","protected":false},"excerpt":{"rendered":"<p><span class=\"TextRun SCXW236129914 BCX0\" lang=\"EN-US\" xml:lang=\"EN-US\" data-contrast=\"auto\"><span class=\"NormalTextRun SCXW236129914 BCX0\">Complemente o seu Software OMNIS com um programa adicional que utiliza os superpoderes da Iridologia. Trabalhando em perfeita harmonia com o seu OMNIS, pode executar simultaneamente os dois programas e usar a Iridologia para fornecer luz\u00a0<\/span><\/span><span class=\"TextRun SCXW236129914 BCX0\" lang=\"EN-US\" xml:lang=\"EN-US\" data-contrast=\"auto\"><span class=\"NormalTextRun SCXW236129914 BCX0\">cavalinho de pau<\/span><\/span><span class=\"TextRun SCXW236129914 BCX0\" lang=\"EN-US\" xml:lang=\"EN-US\" data-contrast=\"auto\"><span class=\"NormalTextRun SCXW236129914 BCX0\">\u00a0<\/span><\/span><span class=\"TextRun SCXW236129914 BCX0\" lang=\"EN-US\" xml:lang=\"EN-US\" data-contrast=\"auto\"><span class=\"NormalTextRun SCXW236129914 BCX0\">tratamento de uma gama exaustiva de factores de stress. Desde pontos de acupunctura a queixas espec\u00edficas relacionadas com os olhos, a Iridologia centra-se nos factores de stress nas seguintes \u00e1reas: Facial, Ocular,\u00a0<\/span><\/span><span class=\"TextRun SCXW236129914 BCX0\" lang=\"EN-US\" xml:lang=\"EN-US\" data-contrast=\"auto\"><span class=\"SpellingError SCXW236129914 BCX0\">Gyums<\/span><\/span><span class=\"TextRun SCXW236129914 BCX0\" lang=\"EN-US\" xml:lang=\"EN-US\" data-contrast=\"auto\"><span class=\"NormalTextRun SCXW236129914 BCX0\">, Dent\u00e1ria, Repara\u00e7\u00e3o de Quadrantes, Coordena\u00e7\u00e3o Olho-M\u00e3o, Geometria Sagrada, Anatomia Geral e muito mais. T\u00e3o f\u00e1cil de utilizar como se pode imaginar! Escolha o seu ponto de terapia, fa\u00e7a duplo clique e deixe o seu aparelho QUEX realizar os protocolos de equil\u00edbrio ideais com a intensidade e a for\u00e7a ideais.<\/span><\/span><span class=\"EOP SCXW236129914 BCX0\" data-ccp-props=\"{}\">\u00a0<\/span><\/p>","protected":false},"featured_media":0,"template":"","meta":{"_acf_changed":false,"_seopress_robots_primary_cat":"none","_seopress_titles_title":"","_seopress_titles_desc":"","_seopress_robots_index":""},"product_brand":[],"product_cat":[70,71,68],"product_tag":[],"class_list":{"0":"post-1259","1":"product","2":"type-product","3":"status-publish","5":"product_cat-for-quex-ed","6":"product_cat-for-quex-s","7":"product_cat-softwares","9":"first","10":"instock","11":"virtual","12":"taxable","13":"purchasable","14":"product-type-simple"},"bundled_by":[],"bundle_stock_status":"instock","bundle_stock_quantity":null,"bundle_virtual":false,"bundle_layout":"","bundle_add_to_cart_form_location":"","bundle_editable_in_cart":false,"bundle_sold_individually_context":"","bundle_item_grouping":"","bundle_min_size":"","bundle_max_size":"","bundle_price":[],"bundled_items":[],"bundle_sell_ids":[],"acf":[],"_links":{"self":[{"href":"https:\/\/www.qxworld.eu\/pt\/wp-json\/wp\/v2\/product\/1259","targetHints":{"allow":["GET"]}}],"collection":[{"href":"https:\/\/www.qxworld.eu\/pt\/wp-json\/wp\/v2\/product"}],"about":[{"href":"https:\/\/www.qxworld.eu\/pt\/wp-json\/wp\/v2\/types\/product"}],"wp:attachment":[{"href":"https:\/\/www.qxworld.eu\/pt\/wp-json\/wp\/v2\/media?parent=1259"}],"wp:term":[{"taxonomy":"product_brand","embeddable":true,"href":"https:\/\/www.qxworld.eu\/pt\/wp-json\/wp\/v2\/product_brand?post=1259"},{"taxonomy":"product_cat","embeddable":true,"href":"https:\/\/www.qxworld.eu\/pt\/wp-json\/wp\/v2\/product_cat?post=1259"},{"taxonomy":"product_tag","embeddable":true,"href":"https:\/\/www.qxworld.eu\/pt\/wp-json\/wp\/v2\/product_tag?post=1259"}],"curies":[{"name":"wp","href":"https:\/\/api.w.org\/{rel}","templated":true}]}}