{"id":1264,"date":"2021-04-15T11:11:55","date_gmt":"2021-04-15T09:11:55","guid":{"rendered":"https:\/\/qxworld.eu\/product\/import-placeholder-for-4508\/"},"modified":"2026-01-05T15:50:40","modified_gmt":"2026-01-05T14:50:40","slug":"s-enso","status":"publish","type":"product","link":"https:\/\/www.qxworld.eu\/pt\/product\/s-enso\/","title":{"rendered":"S-ENSO"},"content":{"rendered":"","protected":false},"excerpt":{"rendered":"<p>Contrariamente \u00e0 cren\u00e7a popular, Lorem Ipsum n\u00e3o \u00e9 simplesmente um texto aleat\u00f3rio. Tem ra\u00edzes numa pe\u00e7a de literatura latina cl\u00e1ssica de 45 a.C., o que faz com que tenha mais de 2000 anos. Richard McClintock, um professor de latim do Hampden-Sydney College, na Virg\u00ednia, procurou uma das palavras latinas mais obscuras, consectetur, numa passagem da Lorem Ipsum e, analisando as cita\u00e7\u00f5es da palavra na literatura cl\u00e1ssica, descobriu a fonte indubit\u00e1vel. Lorem Ipsum vem das sec\u00e7\u00f5es 1.10.32 e 1.10.33 de \"de Finibus Bonorum et Malorum\" (Os extremos do bem e do mal) de C\u00edcero, escrito em 45 a.C. Este livro \u00e9 um tratado sobre a teoria da \u00e9tica, muito popular durante o Renascimento. A primeira linha do Lorem Ipsum, \"Lorem ipsum dolor sit amet...\", vem de uma linha da sec\u00e7\u00e3o 1.10.32.<\/p>","protected":false},"featured_media":1291,"template":"","meta":{"_acf_changed":false,"_seopress_robots_primary_cat":"none","_seopress_titles_title":"","_seopress_titles_desc":"","_seopress_robots_index":""},"product_brand":[],"product_cat":[73,74,68,72],"product_tag":[],"class_list":{"0":"post-1264","1":"product","2":"type-product","3":"status-publish","4":"has-post-thumbnail","6":"product_cat-for-quex-ed-standalone","7":"product_cat-for-quex-s-standalone","8":"product_cat-softwares","9":"product_cat-standalone","11":"first","12":"instock","13":"virtual","14":"taxable","15":"purchasable","16":"product-type-simple"},"bundled_by":[],"bundle_stock_status":"instock","bundle_stock_quantity":null,"bundle_virtual":false,"bundle_layout":"","bundle_add_to_cart_form_location":"","bundle_editable_in_cart":false,"bundle_sold_individually_context":"","bundle_item_grouping":"","bundle_min_size":"","bundle_max_size":"","bundle_price":[],"bundled_items":[],"bundle_sell_ids":[],"acf":[],"_links":{"self":[{"href":"https:\/\/www.qxworld.eu\/pt\/wp-json\/wp\/v2\/product\/1264","targetHints":{"allow":["GET"]}}],"collection":[{"href":"https:\/\/www.qxworld.eu\/pt\/wp-json\/wp\/v2\/product"}],"about":[{"href":"https:\/\/www.qxworld.eu\/pt\/wp-json\/wp\/v2\/types\/product"}],"wp:featuredmedia":[{"embeddable":true,"href":"https:\/\/www.qxworld.eu\/pt\/wp-json\/wp\/v2\/media\/1291"}],"wp:attachment":[{"href":"https:\/\/www.qxworld.eu\/pt\/wp-json\/wp\/v2\/media?parent=1264"}],"wp:term":[{"taxonomy":"product_brand","embeddable":true,"href":"https:\/\/www.qxworld.eu\/pt\/wp-json\/wp\/v2\/product_brand?post=1264"},{"taxonomy":"product_cat","embeddable":true,"href":"https:\/\/www.qxworld.eu\/pt\/wp-json\/wp\/v2\/product_cat?post=1264"},{"taxonomy":"product_tag","embeddable":true,"href":"https:\/\/www.qxworld.eu\/pt\/wp-json\/wp\/v2\/product_tag?post=1264"}],"curies":[{"name":"wp","href":"https:\/\/api.w.org\/{rel}","templated":true}]}}