{"id":212337,"date":"2024-03-08T11:55:27","date_gmt":"2024-03-08T09:55:27","guid":{"rendered":"https:\/\/www.qxworld.eu\/?post_type=product&#038;p=212337"},"modified":"2025-05-26T00:00:03","modified_gmt":"2025-05-25T22:00:03","slug":"omnis-unveiled-step-into-the-fusion-of-holistic-health-science-manual-para-principiantes","status":"publish","type":"product","link":"https:\/\/www.qxworld.eu\/pt\/product\/omnis-unveiled-step-into-the-fusion-of-holistic-health-science-beginners-manual\/","title":{"rendered":"OMNIS Unveiled: Entre na Fus\u00e3o da Sa\u00fade Hol\u00edstica e da Ci\u00eancia Manual para Principiantes"},"content":{"rendered":"<div class=\"elementor-element elementor-element-6b40c3a elementor-widget elementor-widget-text-editor\" data-id=\"6b40c3a\" data-element_type=\"widget\" data-widget_type=\"text-editor.default\">\n<div class=\"elementor-widget-container\">\n<div class=\"elementor-element elementor-element-6b40c3a elementor-widget elementor-widget-text-editor\" data-id=\"6b40c3a\" data-element_type=\"widget\" data-widget_type=\"text-editor.default\">\n<div class=\"elementor-widget-container\">\n<p>Mergulhe num curso totalmente novo, enriquecido com conte\u00fados nunca antes vistos, dicas essenciais, uma vasta extens\u00e3o de material de leitura e informa\u00e7\u00f5es vitais, tudo elegantemente apresentado em formato de leitura com um belo design, guiando-o para o bem-estar hol\u00edstico. Tamb\u00e9m est\u00e1 dispon\u00edvel um curso em v\u00eddeo com o manual inclu\u00eddo no seguinte <a href=\"https:\/\/www.qxworld.eu\/product\/omnis-unveiled-step-into-the-fusion-of-holistic-health-science-beginners-guide\/\" target=\"_blank\" rel=\"noopener\">liga\u00e7\u00e3o<\/a>.<\/p>\n<p>&nbsp;<\/p>\n<\/div>\n<\/div>\n<div class=\"elementor-element elementor-element-2589c76 elementor-widget elementor-widget-text-editor\" data-id=\"2589c76\" data-element_type=\"widget\" data-widget_type=\"text-editor.default\">\n<div class=\"elementor-widget-container\">\n<p>O nosso objetivo \u00e9 capacit\u00e1-lo para se destacar na \u00e1rea dos cuidados de sa\u00fade hol\u00edsticos, da orienta\u00e7\u00e3o do estilo de vida e da orienta\u00e7\u00e3o nutricional. No final do seu percurso com este guia, estar\u00e1 bem equipado para fornecer conselhos e interven\u00e7\u00f5es abrangentes \u00e0s pessoas que serve.<\/p>\n<p>&nbsp;<\/p>\n<\/div>\n<\/div>\n<div class=\"elementor-element elementor-element-22eff2c elementor-widget elementor-widget-text-editor\" data-id=\"22eff2c\" data-element_type=\"widget\" data-widget_type=\"text-editor.default\">\n<div class=\"elementor-widget-container\">\n<p>O curso gui\u00e1-lo-\u00e1 na compreens\u00e3o das rela\u00e7\u00f5es intrincadas entre os sistemas fundamentais do corpo humano, utilizando o nosso software OMNIS, e na obten\u00e7\u00e3o de conhecimentos sobre estas interac\u00e7\u00f5es, ajudando-o a aplicar uma abordagem multifacetada para enfrentar os desafios que encontra na sua pr\u00e1tica.<\/p>\n<\/div>\n<p>&nbsp;<\/p>\n<div class=\"elementor-element elementor-element-6b40c3a elementor-widget elementor-widget-text-editor\" data-id=\"6b40c3a\" data-element_type=\"widget\" data-widget_type=\"text-editor.default\">\n<div class=\"elementor-widget-container\">\n<h4><strong>3 passos r\u00e1pidos para obter o seu <\/strong><b>Manual digital<\/b><\/h4>\n<p>&nbsp;<\/p>\n<h5><strong>PASSO 1, Crie a sua conta Adobe gratuita<\/strong><\/h5>\n<p>Isto ir\u00e1 criar um\u00a0<a href=\"https:\/\/account.adobe.com\/\" target=\"_blank\" rel=\"noopener\">conta Adobe gratuita<\/a>\u00a0que pode utilizar para aceder aos seus livros<\/p>\n<p>&nbsp;<\/p>\n<h5><strong>PASSO 2, Instale o Adobe Digital Editions no seu dispositivo<\/strong><\/h5>\n<p>Ter\u00e1 de utilizar o\u00a0<a href=\"https:\/\/www.adobe.com\/solutions\/ebook\/digital-editions\/download.html\" target=\"_blank\" rel=\"noopener\">Aplica\u00e7\u00e3o de leitura do Adobe Digital Editions<\/a>\u00a0para ver os seus livros.<\/p>\n<p><a href=\"https:\/\/adedownload.adobe.com\/pub\/adobe\/digitaleditions\/ADE_4.5_Installer.exe\" target=\"_blank\" rel=\"noopener\">Descarregar a Digital Edition para Windows<\/a><\/p>\n<p><a href=\"https:\/\/adedownload.adobe.com\/pub\/adobe\/digitaleditions\/ADE_4.5_Installer.dmg\" target=\"_blank\" rel=\"noopener\">Descarregar a Digital Edition para Macintosh<\/a><\/p>\n<p>Para mais op\u00e7\u00f5es de dispositivos, visite\u00a0<a href=\"https:\/\/www.adobe.com\/solutions\/ebook\/digital-editions\/download.html\" target=\"_blank\" rel=\"noopener\">P\u00e1gina de download do Adobe Digital Editions<\/a>.<\/p>\n<p>&nbsp;<\/p>\n<\/div>\n<\/div>\n<p>Certifique-se de que n\u00e3o seleciona\u00a0<strong>Instalar o antiv\u00edrus MacAfee<\/strong>\u00a0durante o processo de instala\u00e7\u00e3o, este programa antiv\u00edrus n\u00e3o \u00e9 compat\u00edvel com o nosso software.<\/p>\n<p>Depois de instalar o Adobe Digital Editions, abra o Adobe Digital Editions, v\u00e1 para Ajuda, selecione Autorizar computador e fa\u00e7a login com o login da sua conta Adobe, conforme criado no PASSO 1.<\/p>\n<p>&nbsp;<\/p>\n<div class=\"elementor-element elementor-element-6b40c3a elementor-widget elementor-widget-text-editor\" data-id=\"6b40c3a\" data-element_type=\"widget\" data-widget_type=\"text-editor.default\">\n<div class=\"elementor-widget-container\">\n<h5><strong>PASSO 3, Descarregue o seu ficheiro de acesso ao livro a partir do seu menu de descarregamento<\/strong><\/h5>\n<p>Recupere o seu ficheiro de acesso ao livro atrav\u00e9s do\u00a0<a href=\"https:\/\/www.qxworld.eu\/members\/downloads\/\" target=\"_blank\" rel=\"noopener\">menu de descarregamento<\/a>\u00a0ou utilizando a liga\u00e7\u00e3o fornecida acima. Uma vez descarregado, abra o ficheiro ACSM com o Adobe Digital Editions para come\u00e7ar a desfrutar do seu livro.<\/p>\n<\/div>\n<\/div>\n<\/div>\n<\/div>\n<\/div>","protected":false},"excerpt":{"rendered":"<div class=\"elementor-element elementor-element-6b40c3a elementor-widget elementor-widget-text-editor\" data-id=\"6b40c3a\" data-element_type=\"widget\" data-widget_type=\"text-editor.default\">\n<div class=\"elementor-widget-container\">\n<p>Mergulhe num curso totalmente novo, enriquecido com conte\u00fados nunca antes vistos, dicas essenciais, uma vasta extens\u00e3o de material de leitura e informa\u00e7\u00f5es vitais, tudo elegantemente apresentado em formato de leitura com um belo design, guiando-o para o bem-estar hol\u00edstico. Tamb\u00e9m est\u00e1 dispon\u00edvel um curso em v\u00eddeo com o manual inclu\u00eddo no seguinte <a href=\"https:\/\/www.qxworld.eu\/product\/omnis-unveiled-step-into-the-fusion-of-holistic-health-science-beginners-guide\/\" target=\"_blank\" rel=\"noopener\">liga\u00e7\u00e3o<\/a>.<\/p>\n<\/div>\n<\/div>","protected":false},"featured_media":212895,"template":"","meta":{"_acf_changed":false,"_seopress_robots_primary_cat":"none","_seopress_titles_title":"","_seopress_titles_desc":"Immerse yourself in a brand-new course, enriched with never seen before content, essential tips, a vast expanse of reading material, and vital information, all elegantly presented in both video and reading format with a beautiful design, guiding you towards holistic wellness.Our aim is to empower you to excel in holistic healthcare, lifestyle coaching, and nutritional guidance. By the end of your journey with this guide, you\u2019ll be well-equipped to provide comprehensive advice and interventions to those you serve.The course will guide you through understanding the intricate relationships between the pivotal systems within the human body, using our OMNIS software, and gaining insights into these interactions, helping you apply a multifaceted approach to address the challenges you encounter in your practice.","_seopress_robots_index":""},"product_brand":[],"product_cat":[35],"product_tag":[],"class_list":{"0":"post-212337","1":"product","2":"type-product","3":"status-publish","4":"has-post-thumbnail","6":"product_cat-uncategorized","8":"first","9":"instock","10":"downloadable","11":"sold-individually","12":"taxable","13":"shipping-taxable","14":"purchasable","15":"product-type-simple"},"bundled_by":[],"bundle_stock_status":"instock","bundle_stock_quantity":null,"bundle_virtual":false,"bundle_layout":"","bundle_add_to_cart_form_location":"","bundle_editable_in_cart":false,"bundle_sold_individually_context":"","bundle_item_grouping":"","bundle_min_size":"","bundle_max_size":"","bundle_price":[],"bundled_items":[],"bundle_sell_ids":[],"acf":[],"_links":{"self":[{"href":"https:\/\/www.qxworld.eu\/pt\/wp-json\/wp\/v2\/product\/212337","targetHints":{"allow":["GET"]}}],"collection":[{"href":"https:\/\/www.qxworld.eu\/pt\/wp-json\/wp\/v2\/product"}],"about":[{"href":"https:\/\/www.qxworld.eu\/pt\/wp-json\/wp\/v2\/types\/product"}],"wp:featuredmedia":[{"embeddable":true,"href":"https:\/\/www.qxworld.eu\/pt\/wp-json\/wp\/v2\/media\/212895"}],"wp:attachment":[{"href":"https:\/\/www.qxworld.eu\/pt\/wp-json\/wp\/v2\/media?parent=212337"}],"wp:term":[{"taxonomy":"product_brand","embeddable":true,"href":"https:\/\/www.qxworld.eu\/pt\/wp-json\/wp\/v2\/product_brand?post=212337"},{"taxonomy":"product_cat","embeddable":true,"href":"https:\/\/www.qxworld.eu\/pt\/wp-json\/wp\/v2\/product_cat?post=212337"},{"taxonomy":"product_tag","embeddable":true,"href":"https:\/\/www.qxworld.eu\/pt\/wp-json\/wp\/v2\/product_tag?post=212337"}],"curies":[{"name":"wp","href":"https:\/\/api.w.org\/{rel}","templated":true}]}}