{"id":216051,"date":"2024-06-21T16:44:37","date_gmt":"2024-06-21T14:44:37","guid":{"rendered":"https:\/\/www.qxworld.eu\/?post_type=product&#038;p=216051"},"modified":"2025-05-26T00:00:05","modified_gmt":"2025-05-25T22:00:05","slug":"omnis-explored-avancar-a-sua-viagem-na-tecnologia-da-saude-holistica-um-manual-intermedio","status":"publish","type":"product","link":"https:\/\/www.qxworld.eu\/pt\/product\/omnis-explored-advancing-your-journey-in-holistic-health-technology-an-intermediate-manual\/","title":{"rendered":"OMNIS Explored: Advancing Your Journey in Holistic Health &amp; Technology - An Intermediate Manual"},"content":{"rendered":"<div class=\"elementor-element elementor-element-6b40c3a elementor-widget elementor-widget-text-editor\" data-id=\"6b40c3a\" data-element_type=\"widget\" data-widget_type=\"text-editor.default\">\n<div class=\"elementor-widget-container\">\n<div class=\"elementor-element elementor-element-6b40c3a elementor-widget elementor-widget-text-editor\" data-id=\"6b40c3a\" data-element_type=\"widget\" data-widget_type=\"text-editor.default\">\n<div class=\"elementor-widget-container\">\n<p>A forma\u00e7\u00e3o e o guia interm\u00e9dios foram concebidos para elevar a sua compreens\u00e3o e as suas capacidades de navega\u00e7\u00e3o a n\u00edveis mais profundos. Combinando as compet\u00eancias adquiridas na forma\u00e7\u00e3o para principiantes, descobrir\u00e1 novos m\u00e9todos para conduzir sess\u00f5es e obter\u00e1 uma compreens\u00e3o mais profunda dos fundamentos do seu percurso no Biofeedback Qu\u00e2ntico. Est\u00e1 tamb\u00e9m dispon\u00edvel um curso em v\u00eddeo com o manual inclu\u00eddo nos seguintes s\u00edtios <a href=\"https:\/\/www.qxworld.eu\/product\/omnis-unveiled-step-into-the-fusion-of-holistic-health-science-beginners-guide\/\" target=\"_blank\" rel=\"noopener\">liga\u00e7\u00e3o<\/a>.<\/p>\n<\/div>\n<\/div>\n<div class=\"elementor-element elementor-element-22eff2c elementor-widget elementor-widget-text-editor\" data-id=\"22eff2c\" data-element_type=\"widget\" data-widget_type=\"text-editor.default\">\n<p>&nbsp;<\/p>\n<div class=\"elementor-element elementor-element-6b40c3a elementor-widget elementor-widget-text-editor\" data-id=\"6b40c3a\" data-element_type=\"widget\" data-widget_type=\"text-editor.default\">\n<div class=\"elementor-widget-container\">\n<h4><strong>3 passos r\u00e1pidos para obter o seu <\/strong><b>Manual digital<\/b><\/h4>\n<p>&nbsp;<\/p>\n<h5><strong>PASSO 1, Crie a sua conta Adobe gratuita<\/strong><\/h5>\n<p>Isto ir\u00e1 criar um\u00a0<a href=\"https:\/\/account.adobe.com\/\" target=\"_blank\" rel=\"noopener\">conta Adobe gratuita<\/a>\u00a0que pode utilizar para aceder aos seus livros<\/p>\n<p>&nbsp;<\/p>\n<h5><strong>PASSO 2, Instale o Adobe Digital Editions no seu dispositivo<\/strong><\/h5>\n<p>Ter\u00e1 de utilizar o\u00a0<a href=\"https:\/\/www.adobe.com\/solutions\/ebook\/digital-editions\/download.html\" target=\"_blank\" rel=\"noopener\">Aplica\u00e7\u00e3o de leitura do Adobe Digital Editions<\/a>\u00a0para ver os seus livros.<\/p>\n<p><a href=\"https:\/\/adedownload.adobe.com\/pub\/adobe\/digitaleditions\/ADE_4.5_Installer.exe\" target=\"_blank\" rel=\"noopener\">Descarregar a Digital Edition para Windows<\/a><\/p>\n<p><a href=\"https:\/\/adedownload.adobe.com\/pub\/adobe\/digitaleditions\/ADE_4.5_Installer.dmg\" target=\"_blank\" rel=\"noopener\">Descarregar a Digital Edition para Macintosh<\/a><\/p>\n<p>Para mais op\u00e7\u00f5es de dispositivos, visite\u00a0<a href=\"https:\/\/www.adobe.com\/solutions\/ebook\/digital-editions\/download.html\" target=\"_blank\" rel=\"noopener\">P\u00e1gina de download do Adobe Digital Editions<\/a>.<\/p>\n<p>&nbsp;<\/p>\n<\/div>\n<\/div>\n<p>Certifique-se de que n\u00e3o seleciona\u00a0<strong>Instalar o antiv\u00edrus MacAfee<\/strong>\u00a0durante o processo de instala\u00e7\u00e3o, este programa antiv\u00edrus n\u00e3o \u00e9 compat\u00edvel com o nosso software.<\/p>\n<p>Depois de instalar o Adobe Digital Editions, abra o Adobe Digital Editions, v\u00e1 para Ajuda, selecione Autorizar computador e fa\u00e7a login com o login da sua conta Adobe, conforme criado no PASSO 1.<\/p>\n<p>&nbsp;<\/p>\n<div class=\"elementor-element elementor-element-6b40c3a elementor-widget elementor-widget-text-editor\" data-id=\"6b40c3a\" data-element_type=\"widget\" data-widget_type=\"text-editor.default\">\n<div class=\"elementor-widget-container\">\n<h5><strong>PASSO 3, Descarregue o seu ficheiro de acesso ao livro a partir do seu menu de descarregamento<\/strong><\/h5>\n<p>Recupere o seu ficheiro de acesso ao livro atrav\u00e9s do\u00a0<a href=\"https:\/\/www.qxworld.eu\/members\/downloads\/\" target=\"_blank\" rel=\"noopener\">menu de descarregamento<\/a>\u00a0ou utilizando a liga\u00e7\u00e3o fornecida acima. Uma vez descarregado, abra o ficheiro ACSM com o Adobe Digital Editions para come\u00e7ar a desfrutar do seu livro.<\/p>\n<\/div>\n<\/div>\n<\/div>\n<\/div>\n<\/div>","protected":false},"excerpt":{"rendered":"<p>A forma\u00e7\u00e3o e o guia interm\u00e9dios foram concebidos para elevar a sua compreens\u00e3o e as suas capacidades de navega\u00e7\u00e3o a n\u00edveis mais profundos. Combinando as compet\u00eancias adquiridas na forma\u00e7\u00e3o para principiantes, descobrir\u00e1 novos m\u00e9todos para conduzir sess\u00f5es e obter\u00e1 uma compreens\u00e3o mais profunda dos fundamentos do seu percurso no Biofeedback Qu\u00e2ntico.<\/p>","protected":false},"featured_media":216054,"template":"","meta":{"_acf_changed":false,"_seopress_robots_primary_cat":"none","_seopress_titles_title":"","_seopress_titles_desc":"","_seopress_robots_index":""},"product_brand":[],"product_cat":[35],"product_tag":[],"class_list":{"0":"post-216051","1":"product","2":"type-product","3":"status-publish","4":"has-post-thumbnail","6":"product_cat-uncategorized","8":"first","9":"instock","10":"downloadable","11":"sold-individually","12":"taxable","13":"shipping-taxable","14":"purchasable","15":"product-type-simple"},"bundled_by":[],"bundle_stock_status":"instock","bundle_stock_quantity":null,"bundle_virtual":false,"bundle_layout":"","bundle_add_to_cart_form_location":"","bundle_editable_in_cart":false,"bundle_sold_individually_context":"","bundle_item_grouping":"","bundle_min_size":"","bundle_max_size":"","bundle_price":[],"bundled_items":[],"bundle_sell_ids":[],"acf":[],"_links":{"self":[{"href":"https:\/\/www.qxworld.eu\/pt\/wp-json\/wp\/v2\/product\/216051","targetHints":{"allow":["GET"]}}],"collection":[{"href":"https:\/\/www.qxworld.eu\/pt\/wp-json\/wp\/v2\/product"}],"about":[{"href":"https:\/\/www.qxworld.eu\/pt\/wp-json\/wp\/v2\/types\/product"}],"wp:featuredmedia":[{"embeddable":true,"href":"https:\/\/www.qxworld.eu\/pt\/wp-json\/wp\/v2\/media\/216054"}],"wp:attachment":[{"href":"https:\/\/www.qxworld.eu\/pt\/wp-json\/wp\/v2\/media?parent=216051"}],"wp:term":[{"taxonomy":"product_brand","embeddable":true,"href":"https:\/\/www.qxworld.eu\/pt\/wp-json\/wp\/v2\/product_brand?post=216051"},{"taxonomy":"product_cat","embeddable":true,"href":"https:\/\/www.qxworld.eu\/pt\/wp-json\/wp\/v2\/product_cat?post=216051"},{"taxonomy":"product_tag","embeddable":true,"href":"https:\/\/www.qxworld.eu\/pt\/wp-json\/wp\/v2\/product_tag?post=216051"}],"curies":[{"name":"wp","href":"https:\/\/api.w.org\/{rel}","templated":true}]}}