{"id":227975,"date":"2024-09-16T12:39:41","date_gmt":"2024-09-16T10:39:41","guid":{"rendered":"https:\/\/www.qxworld.eu\/?post_type=product&#038;p=227975"},"modified":"2024-09-16T12:39:43","modified_gmt":"2024-09-16T10:39:43","slug":"seasonal-series-welcome-to-our-summer-rediance-webinar-2","status":"publish","type":"product","link":"https:\/\/www.qxworld.eu\/pt\/product\/seasonal-series-welcome-to-our-late-summer-vitality-webinar\/","title":{"rendered":"S\u00e9ries sazonais - Bem-vindo ao nosso Webinar sobre Vitalidade no final do ver\u00e3o!"},"content":{"rendered":"<p>Bem-vindo ao nosso Webinar sobre Vitalidade no final do ver\u00e3o!<\/p>\n<p>Com a transi\u00e7\u00e3o das esta\u00e7\u00f5es e a natureza a atingir um ponto de equil\u00edbrio, encontramo-nos na fase \u00fanica do final do ver\u00e3o. No webinar de hoje, exploramos os princ\u00edpios da Medicina Tradicional Chinesa (MTC) e aprofundamos o significado do final do ver\u00e3o para o nosso bem-estar.<\/p>\n<p>O final do ver\u00e3o est\u00e1 associado ao elemento Terra na MTC, simbolizando um per\u00edodo de abund\u00e2ncia, nutri\u00e7\u00e3o e equil\u00edbrio. Esta \u00e9 a altura em que a energia do elemento Terra \u00e9 predominante e os \u00f3rg\u00e3os do Ba\u00e7o e do Est\u00f4mago assumem um papel central. Compreender como apoiar estes \u00f3rg\u00e3os durante esta esta\u00e7\u00e3o \u00e9 fundamental para promover a vitalidade e o bem-estar.<\/p>\n<p>Na MTC, o final do ver\u00e3o \u00e9 uma altura para se enraizar e centrar. \u00c9 uma fase de transi\u00e7\u00e3o entre a energia expansiva do ver\u00e3o e a energia de contra\u00e7\u00e3o do outono. Ao alinhar os nossos h\u00e1bitos e a nossa dieta com os princ\u00edpios da MTC, podemos melhorar a nossa sa\u00fade digestiva e o nosso bem-estar geral durante esta importante esta\u00e7\u00e3o.<\/p>\n<p>Junte-se a n\u00f3s para explorarmos o poder nutritivo dos alimentos do final do ver\u00e3o e as pr\u00e1ticas da MTC que nos podem guiar para uma sa\u00fade \u00f3ptima. Vamos aproveitar a vitalidade desta esta\u00e7\u00e3o e cultivar um sentido de equil\u00edbrio e abund\u00e2ncia na mente, no corpo e no esp\u00edrito.<\/p>\n<p>Juntos, vamos abra\u00e7ar a vitalidade do final do ver\u00e3o e alimentar-nos para as esta\u00e7\u00f5es que se avizinham!<\/p>","protected":false},"excerpt":{"rendered":"<p>Welcome to our Late Summer Vitality Webinar! As the seasons transition and nature reaches a point of balance, we find ourselves in the unique phase of late summer. In today&#8217;s webinar, we explore the principles of Traditional Chinese Medicine (TCM) and delve into the significance of the late summer season for our well-being. Late summer [&hellip;]<\/p>\n","protected":false},"featured_media":222550,"template":"","meta":{"_acf_changed":false,"_seopress_robots_primary_cat":"none","_seopress_titles_title":"Welcome to our Late Summer Vitality Webinar!","_seopress_titles_desc":"As the seasons transition and nature reaches a point of balance, we find ourselves in the unique phase of late summer.","_seopress_robots_index":""},"product_brand":[],"product_cat":[57],"product_tag":[],"class_list":{"0":"post-227975","1":"product","2":"type-product","3":"status-publish","4":"has-post-thumbnail","6":"product_cat-courses","8":"first","9":"instock","10":"taxable","11":"shipping-taxable","12":"purchasable","13":"product-type-simple"},"bundled_by":[],"bundle_stock_status":"instock","bundle_stock_quantity":null,"bundle_virtual":false,"bundle_layout":"","bundle_add_to_cart_form_location":"","bundle_editable_in_cart":false,"bundle_sold_individually_context":"","bundle_item_grouping":"","bundle_min_size":"","bundle_max_size":"","bundle_price":[],"bundled_items":[],"bundle_sell_ids":[],"acf":[],"_links":{"self":[{"href":"https:\/\/www.qxworld.eu\/pt\/wp-json\/wp\/v2\/product\/227975","targetHints":{"allow":["GET"]}}],"collection":[{"href":"https:\/\/www.qxworld.eu\/pt\/wp-json\/wp\/v2\/product"}],"about":[{"href":"https:\/\/www.qxworld.eu\/pt\/wp-json\/wp\/v2\/types\/product"}],"wp:featuredmedia":[{"embeddable":true,"href":"https:\/\/www.qxworld.eu\/pt\/wp-json\/wp\/v2\/media\/222550"}],"wp:attachment":[{"href":"https:\/\/www.qxworld.eu\/pt\/wp-json\/wp\/v2\/media?parent=227975"}],"wp:term":[{"taxonomy":"product_brand","embeddable":true,"href":"https:\/\/www.qxworld.eu\/pt\/wp-json\/wp\/v2\/product_brand?post=227975"},{"taxonomy":"product_cat","embeddable":true,"href":"https:\/\/www.qxworld.eu\/pt\/wp-json\/wp\/v2\/product_cat?post=227975"},{"taxonomy":"product_tag","embeddable":true,"href":"https:\/\/www.qxworld.eu\/pt\/wp-json\/wp\/v2\/product_tag?post=227975"}],"curies":[{"name":"wp","href":"https:\/\/api.w.org\/{rel}","templated":true}]}}