{"id":251656,"date":"2024-11-28T14:52:26","date_gmt":"2024-11-28T13:52:26","guid":{"rendered":"https:\/\/www.qxworld.eu\/product\/tackling-obesity-and-diabetes-conquering-sugar-addiction-for-better-health-copy\/"},"modified":"2025-06-02T12:01:56","modified_gmt":"2025-06-02T10:01:56","slug":"metamind-9-descobre-as-maravilhas-das-vidas-passadas-4","status":"publish","type":"product","link":"https:\/\/www.qxworld.eu\/pt\/product\/detoxification-and-organ-support\/","title":{"rendered":"Desintoxica\u00e7\u00e3o e apoio aos \u00f3rg\u00e3os: Melhorar os processos naturais de limpeza do seu corpo"},"content":{"rendered":"<p>Aprenda a ajudar na desintoxica\u00e7\u00e3o e a refor\u00e7ar o funcionamento dos \u00f3rg\u00e3os. Melhore os processos naturais de desintoxica\u00e7\u00e3o do seu corpo, apoie todos os \u00f3rg\u00e3os principais, como a sa\u00fade do f\u00edgado e dos rins, e melhore o bem-estar geral. Compreender o papel do biofeedback na otimiza\u00e7\u00e3o do desempenho dos \u00f3rg\u00e3os e na manuten\u00e7\u00e3o de um ambiente interno equilibrado.<\/p>","protected":false},"excerpt":{"rendered":"<p>Aprenda a ajudar na desintoxica\u00e7\u00e3o e a refor\u00e7ar o funcionamento dos \u00f3rg\u00e3os. Melhore os processos naturais de desintoxica\u00e7\u00e3o do seu corpo, apoie todos os \u00f3rg\u00e3os principais, como a sa\u00fade do f\u00edgado e dos rins, e melhore o bem-estar geral. Compreender o papel do biofeedback na otimiza\u00e7\u00e3o do desempenho dos \u00f3rg\u00e3os e na manuten\u00e7\u00e3o de um ambiente interno equilibrado.<\/p>","protected":false},"featured_media":251659,"template":"","meta":{"_acf_changed":false,"_seopress_robots_primary_cat":"none","_seopress_titles_title":"","_seopress_titles_desc":"","_seopress_robots_index":""},"product_brand":[],"product_cat":[101],"product_tag":[],"class_list":{"0":"post-251656","1":"product","2":"type-product","3":"status-publish","4":"has-post-thumbnail","6":"product_cat-ticket","8":"first","9":"instock","10":"virtual","11":"taxable","12":"purchasable","13":"product-type-simple"},"bundled_by":[],"bundle_stock_status":"instock","bundle_stock_quantity":null,"bundle_virtual":false,"bundle_layout":"","bundle_add_to_cart_form_location":"","bundle_editable_in_cart":false,"bundle_sold_individually_context":"","bundle_item_grouping":"","bundle_min_size":"","bundle_max_size":"","bundle_price":[],"bundled_items":[],"bundle_sell_ids":[],"acf":[],"_links":{"self":[{"href":"https:\/\/www.qxworld.eu\/pt\/wp-json\/wp\/v2\/product\/251656","targetHints":{"allow":["GET"]}}],"collection":[{"href":"https:\/\/www.qxworld.eu\/pt\/wp-json\/wp\/v2\/product"}],"about":[{"href":"https:\/\/www.qxworld.eu\/pt\/wp-json\/wp\/v2\/types\/product"}],"wp:featuredmedia":[{"embeddable":true,"href":"https:\/\/www.qxworld.eu\/pt\/wp-json\/wp\/v2\/media\/251659"}],"wp:attachment":[{"href":"https:\/\/www.qxworld.eu\/pt\/wp-json\/wp\/v2\/media?parent=251656"}],"wp:term":[{"taxonomy":"product_brand","embeddable":true,"href":"https:\/\/www.qxworld.eu\/pt\/wp-json\/wp\/v2\/product_brand?post=251656"},{"taxonomy":"product_cat","embeddable":true,"href":"https:\/\/www.qxworld.eu\/pt\/wp-json\/wp\/v2\/product_cat?post=251656"},{"taxonomy":"product_tag","embeddable":true,"href":"https:\/\/www.qxworld.eu\/pt\/wp-json\/wp\/v2\/product_tag?post=251656"}],"curies":[{"name":"wp","href":"https:\/\/api.w.org\/{rel}","templated":true}]}}