{"id":289691,"date":"2025-01-28T12:54:53","date_gmt":"2025-01-28T11:54:53","guid":{"rendered":"https:\/\/www.qxworld.eu\/?post_type=product&#038;p=289691"},"modified":"2025-06-09T00:00:03","modified_gmt":"2025-06-08T22:00:03","slug":"dominar-o-biofeedback-quantico-avancado-e-a-integracao-omnis-um-guia-avancado","status":"publish","type":"product","link":"https:\/\/www.qxworld.eu\/pt\/product\/mastering-advanced-quantum-biofeedback-and-omnis-integration-an-advanced-guide\/","title":{"rendered":"Dominar o Biofeedback Qu\u00e2ntico Avan\u00e7ado e a Integra\u00e7\u00e3o OMNIS - Um Guia Avan\u00e7ado"},"content":{"rendered":"<div class=\"elementor-element elementor-element-6b40c3a elementor-widget elementor-widget-text-editor\" data-id=\"6b40c3a\" data-element_type=\"widget\" data-widget_type=\"text-editor.default\">\n<div class=\"elementor-widget-container\">\n<div class=\"elementor-element elementor-element-6b40c3a elementor-widget elementor-widget-text-editor\" data-id=\"6b40c3a\" data-element_type=\"widget\" data-widget_type=\"text-editor.default\">\n<div class=\"elementor-widget-container\">\n<div class=\"elementor-element elementor-element-22eff2c elementor-widget elementor-widget-text-editor\" data-id=\"22eff2c\" data-element_type=\"widget\" data-widget_type=\"text-editor.default\">\n<p>Leve os seus conhecimentos de sa\u00fade hol\u00edstica para o n\u00edvel seguinte com esta forma\u00e7\u00e3o e guia avan\u00e7ados. Este curso \u00e9 perfeito para quem est\u00e1 pronto para desbloquear todo o potencial do software OMNIS, mergulhando nos seus pain\u00e9is e ferramentas mais avan\u00e7ados para descobrir as liga\u00e7\u00f5es intrincadas entre corpo, mente, emo\u00e7\u00f5es e esp\u00edrito.<\/p>\n<p>Aprender\u00e1 a investigar em pormenor, a juntar pe\u00e7as de puzzles complexos na \u00e1rea da sa\u00fade e a aplicar t\u00e9cnicas de ponta para obter conhecimentos profundos e criar interven\u00e7\u00f5es significativas.<br \/>\nEste programa vai para al\u00e9m do b\u00e1sico, dotando-o das compet\u00eancias necess\u00e1rias para navegar e utilizar as funcionalidades mais sofisticadas do OMNIS. Ao dominar estas ferramentas, ir\u00e1 aumentar a sua precis\u00e3o e efic\u00e1cia, permitindo-lhe prestar cuidados personalizados e com impacto aos seus clientes.<\/p>\n<p>Com esta forma\u00e7\u00e3o, ganhar\u00e1 a confian\u00e7a necess\u00e1ria para aproveitar plenamente as capacidades do OMNIS, desbloqueando novas possibilidades na sa\u00fade hol\u00edstica. Quer se trate de resolver desafios complexos ou de fornecer conhecimentos mais profundos, este curso ajud\u00e1-lo-\u00e1 a elevar a sua pr\u00e1tica a um n\u00edvel totalmente novo.<\/p>\n<\/div>\n<p>Pode aceder ao curso na sec\u00e7\u00e3o <a href=\"https:\/\/www.qxworld.eu\/all-courses\/\" target=\"_blank\" rel=\"noopener\">todos os cursos<\/a> menu ou no seguinte <a href=\"https:\/\/www.qxworld.eu\/courses\/omnis-deep-dive-expert-strategies-in-biofeedback-wellness-and-holistic-science\/\" target=\"_blank\" rel=\"noopener\">liga\u00e7\u00e3o<\/a><\/p>\n<p>&nbsp;<\/p>\n<h4><strong>3 passos r\u00e1pidos para obter o seu <\/strong><b>Manual digital<\/b><\/h4>\n<p>&nbsp;<\/p>\n<h5><strong>PASSO 1, Crie a sua conta Adobe gratuita<\/strong><\/h5>\n<p>Isto ir\u00e1 criar um <a href=\"https:\/\/account.adobe.com\/\" target=\"_blank\" rel=\"noopener\">conta Adobe gratuita<\/a> que pode utilizar para aceder aos seus livros<\/p>\n<p>&nbsp;<\/p>\n<h5><strong>PASSO 2, Instale o Adobe Digital Editions no seu dispositivo<\/strong><\/h5>\n<p>Ter\u00e1 de utilizar o <a href=\"https:\/\/www.adobe.com\/solutions\/ebook\/digital-editions\/download.html\" target=\"_blank\" rel=\"noopener\">Aplica\u00e7\u00e3o de leitura do Adobe Digital Editions<\/a> para ver os seus livros.<\/p>\n<p><a href=\"https:\/\/adedownload.adobe.com\/pub\/adobe\/digitaleditions\/ADE_4.5_Installer.exe\" target=\"_blank\" rel=\"noopener\">Descarregar a Digital Edition para Windows<\/a><\/p>\n<p><a href=\"https:\/\/adedownload.adobe.com\/pub\/adobe\/digitaleditions\/ADE_4.5_Installer.dmg\" target=\"_blank\" rel=\"noopener\">Descarregar a Digital Edition para Macintosh<\/a><\/p>\n<p>Para mais op\u00e7\u00f5es de dispositivos, visite <a href=\"https:\/\/www.adobe.com\/solutions\/ebook\/digital-editions\/download.html\" target=\"_blank\" rel=\"noopener\">P\u00e1gina de download do Adobe Digital Editions<\/a>.<\/p>\n<p>&nbsp;<\/p>\n<\/div>\n<\/div>\n<p>Certifique-se de que n\u00e3o seleciona <strong>Instalar o antiv\u00edrus MacAfee<\/strong> durante o processo de instala\u00e7\u00e3o, este programa antiv\u00edrus n\u00e3o \u00e9 compat\u00edvel com o nosso software.<\/p>\n<p>Depois de instalar o Adobe Digital Editions, abra o Adobe Digital Editions, v\u00e1 para Ajuda, selecione Autorizar computador e fa\u00e7a login com o login da sua conta Adobe, conforme criado no PASSO 1.<\/p>\n<p>&nbsp;<\/p>\n<div class=\"elementor-element elementor-element-6b40c3a elementor-widget elementor-widget-text-editor\" data-id=\"6b40c3a\" data-element_type=\"widget\" data-widget_type=\"text-editor.default\">\n<div class=\"elementor-widget-container\">\n<h5><strong>PASSO 3, Descarregue o seu ficheiro de acesso ao livro a partir do seu menu de descarregamento<\/strong><\/h5>\n<p>Recupere o seu ficheiro de acesso ao livro atrav\u00e9s do <a href=\"https:\/\/www.qxworld.eu\/members\/downloads\/ \" target=\"_blank\" rel=\"noopener\">menu de descarregamento<\/a> ou utilizando a liga\u00e7\u00e3o fornecida acima. Uma vez descarregado, abra o ficheiro ACSM com o Adobe Digital Editions para come\u00e7ar a desfrutar do seu livro.<\/p>\n<\/div>\n<\/div>\n<\/div>\n<\/div>","protected":false},"excerpt":{"rendered":"<p>Leve os seus conhecimentos de sa\u00fade hol\u00edstica para o n\u00edvel seguinte com esta forma\u00e7\u00e3o e guia avan\u00e7ados. Este curso \u00e9 perfeito para quem est\u00e1 pronto para desbloquear todo o potencial do software OMNIS, mergulhando nos seus pain\u00e9is e ferramentas mais avan\u00e7ados para descobrir as liga\u00e7\u00f5es intrincadas entre corpo, mente, emo\u00e7\u00f5es e esp\u00edrito.<\/p>","protected":false},"featured_media":289707,"template":"","meta":{"_acf_changed":false,"_seopress_robots_primary_cat":"none","_seopress_titles_title":"","_seopress_titles_desc":"","_seopress_robots_index":""},"product_brand":[],"product_cat":[35],"product_tag":[],"class_list":{"0":"post-289691","1":"product","2":"type-product","3":"status-publish","4":"has-post-thumbnail","6":"product_cat-uncategorized","8":"first","9":"instock","10":"downloadable","11":"sold-individually","12":"taxable","13":"shipping-taxable","14":"purchasable","15":"product-type-simple"},"bundled_by":[],"bundle_stock_status":"instock","bundle_stock_quantity":null,"bundle_virtual":false,"bundle_layout":"","bundle_add_to_cart_form_location":"","bundle_editable_in_cart":false,"bundle_sold_individually_context":"","bundle_item_grouping":"","bundle_min_size":"","bundle_max_size":"","bundle_price":[],"bundled_items":[],"bundle_sell_ids":[],"acf":[],"_links":{"self":[{"href":"https:\/\/www.qxworld.eu\/pt\/wp-json\/wp\/v2\/product\/289691","targetHints":{"allow":["GET"]}}],"collection":[{"href":"https:\/\/www.qxworld.eu\/pt\/wp-json\/wp\/v2\/product"}],"about":[{"href":"https:\/\/www.qxworld.eu\/pt\/wp-json\/wp\/v2\/types\/product"}],"wp:featuredmedia":[{"embeddable":true,"href":"https:\/\/www.qxworld.eu\/pt\/wp-json\/wp\/v2\/media\/289707"}],"wp:attachment":[{"href":"https:\/\/www.qxworld.eu\/pt\/wp-json\/wp\/v2\/media?parent=289691"}],"wp:term":[{"taxonomy":"product_brand","embeddable":true,"href":"https:\/\/www.qxworld.eu\/pt\/wp-json\/wp\/v2\/product_brand?post=289691"},{"taxonomy":"product_cat","embeddable":true,"href":"https:\/\/www.qxworld.eu\/pt\/wp-json\/wp\/v2\/product_cat?post=289691"},{"taxonomy":"product_tag","embeddable":true,"href":"https:\/\/www.qxworld.eu\/pt\/wp-json\/wp\/v2\/product_tag?post=289691"}],"curies":[{"name":"wp","href":"https:\/\/api.w.org\/{rel}","templated":true}]}}