{"id":301621,"date":"2025-03-11T13:47:25","date_gmt":"2025-03-11T12:47:25","guid":{"rendered":"https:\/\/www.qxworld.eu\/?post_type=product&#038;p=301621"},"modified":"2025-03-11T13:54:49","modified_gmt":"2025-03-11T12:54:49","slug":"caminho-holistico-dominar-a-comunicacao-com-o-cliente","status":"publish","type":"product","link":"https:\/\/www.qxworld.eu\/pt\/product\/holistic-path-mastering-client-communication\/","title":{"rendered":"Caminho hol\u00edstico - Dominar a comunica\u00e7\u00e3o com o cliente"},"content":{"rendered":"<p><strong>Bem-vindo ao Caminho Hol\u00edstico: Forma\u00e7\u00e3o para dominar a comunica\u00e7\u00e3o com o cliente<\/strong><\/p>\n<p>A comunica\u00e7\u00e3o eficaz est\u00e1 no centro de uma pr\u00e1tica de biofeedback bem sucedida. Este curso ir\u00e1 equip\u00e1-lo com as compet\u00eancias necess\u00e1rias para utilizar uma linguagem clara e impactante que melhore a compreens\u00e3o, a motiva\u00e7\u00e3o e o envolvimento do cliente. Ir\u00e1 tamb\u00e9m explorar o papel vital da educa\u00e7\u00e3o para capacitar os clientes e melhorar os resultados.<\/p>\n<p>No final deste curso, ter\u00e1 as ferramentas para integrar estrat\u00e9gias de comunica\u00e7\u00e3o eficazes e princ\u00edpios educativos na sua pr\u00e1tica, promovendo rela\u00e7\u00f5es mais fortes com os clientes e melhores resultados.  Vamos entrar juntos nesta jornada de aprendizagem transformadora!<\/p>","protected":false},"excerpt":{"rendered":"<p>Welcome to the Holistic Path: Mastering Client Communication Training Effective communication is at the heart of successful biofeedback practice. This course will equip you with the skills to use clear, impactful language that enhances client understanding, motivation, and engagement. You&#8217;ll also explore the vital role of education in empowering clients and improving outcomes. By the [&hellip;]<\/p>\n","protected":false},"featured_media":301615,"template":"","meta":{"_acf_changed":false,"_seopress_robots_primary_cat":"none","_seopress_titles_title":"","_seopress_titles_desc":"","_seopress_robots_index":""},"product_brand":[],"product_cat":[57],"product_tag":[],"class_list":{"0":"post-301621","1":"product","2":"type-product","3":"status-publish","4":"has-post-thumbnail","6":"product_cat-courses","8":"first","9":"instock","10":"taxable","11":"shipping-taxable","12":"purchasable","13":"product-type-simple"},"bundled_by":[],"bundle_stock_status":"instock","bundle_stock_quantity":null,"bundle_virtual":false,"bundle_layout":"","bundle_add_to_cart_form_location":"","bundle_editable_in_cart":false,"bundle_sold_individually_context":"","bundle_item_grouping":"","bundle_min_size":"","bundle_max_size":"","bundle_price":[],"bundled_items":[],"bundle_sell_ids":[],"acf":[],"_links":{"self":[{"href":"https:\/\/www.qxworld.eu\/pt\/wp-json\/wp\/v2\/product\/301621","targetHints":{"allow":["GET"]}}],"collection":[{"href":"https:\/\/www.qxworld.eu\/pt\/wp-json\/wp\/v2\/product"}],"about":[{"href":"https:\/\/www.qxworld.eu\/pt\/wp-json\/wp\/v2\/types\/product"}],"wp:featuredmedia":[{"embeddable":true,"href":"https:\/\/www.qxworld.eu\/pt\/wp-json\/wp\/v2\/media\/301615"}],"wp:attachment":[{"href":"https:\/\/www.qxworld.eu\/pt\/wp-json\/wp\/v2\/media?parent=301621"}],"wp:term":[{"taxonomy":"product_brand","embeddable":true,"href":"https:\/\/www.qxworld.eu\/pt\/wp-json\/wp\/v2\/product_brand?post=301621"},{"taxonomy":"product_cat","embeddable":true,"href":"https:\/\/www.qxworld.eu\/pt\/wp-json\/wp\/v2\/product_cat?post=301621"},{"taxonomy":"product_tag","embeddable":true,"href":"https:\/\/www.qxworld.eu\/pt\/wp-json\/wp\/v2\/product_tag?post=301621"}],"curies":[{"name":"wp","href":"https:\/\/api.w.org\/{rel}","templated":true}]}}