{"id":338793,"date":"2025-08-05T16:11:34","date_gmt":"2025-08-05T14:11:34","guid":{"rendered":"https:\/\/www.qxworld.eu\/?post_type=product&#038;p=338793"},"modified":"2025-12-15T10:58:12","modified_gmt":"2025-12-15T09:58:12","slug":"metilacao-do-adn-e-doenca-autoimune","status":"publish","type":"product","link":"https:\/\/www.qxworld.eu\/pt\/product\/dna-methylation-and-auto-immune-dis-ease\/","title":{"rendered":"Metila\u00e7\u00e3o do ADN e doen\u00e7a autoimune"},"content":{"rendered":"<p id=\"agenda\">Desvendar as liga\u00e7\u00f5es epigen\u00e9ticas entre os padr\u00f5es de metila\u00e7\u00e3o e a desregula\u00e7\u00e3o do sistema imunit\u00e1rio - perspectivas para a preven\u00e7\u00e3o e os cuidados personalizados.<\/p>","protected":false},"excerpt":{"rendered":"<p>Desvendar as liga\u00e7\u00f5es epigen\u00e9ticas entre os padr\u00f5es de metila\u00e7\u00e3o e a desregula\u00e7\u00e3o do sistema imunit\u00e1rio - perspectivas para a preven\u00e7\u00e3o e os cuidados personalizados.<\/p>","protected":false},"featured_media":338795,"template":"","meta":{"_acf_changed":false,"_seopress_robots_primary_cat":"none","_seopress_titles_title":"","_seopress_titles_desc":"","_seopress_robots_index":""},"product_brand":[],"product_cat":[101],"product_tag":[],"class_list":{"0":"post-338793","1":"product","2":"type-product","3":"status-publish","4":"has-post-thumbnail","6":"product_cat-ticket","8":"first","9":"instock","10":"virtual","11":"taxable","12":"purchasable","13":"product-type-simple"},"bundled_by":[],"bundle_stock_status":"instock","bundle_stock_quantity":null,"bundle_virtual":false,"bundle_layout":"","bundle_add_to_cart_form_location":"","bundle_editable_in_cart":false,"bundle_sold_individually_context":"","bundle_item_grouping":"","bundle_min_size":"","bundle_max_size":"","bundle_price":[],"bundled_items":[],"bundle_sell_ids":[],"acf":[],"_links":{"self":[{"href":"https:\/\/www.qxworld.eu\/pt\/wp-json\/wp\/v2\/product\/338793","targetHints":{"allow":["GET"]}}],"collection":[{"href":"https:\/\/www.qxworld.eu\/pt\/wp-json\/wp\/v2\/product"}],"about":[{"href":"https:\/\/www.qxworld.eu\/pt\/wp-json\/wp\/v2\/types\/product"}],"wp:featuredmedia":[{"embeddable":true,"href":"https:\/\/www.qxworld.eu\/pt\/wp-json\/wp\/v2\/media\/338795"}],"wp:attachment":[{"href":"https:\/\/www.qxworld.eu\/pt\/wp-json\/wp\/v2\/media?parent=338793"}],"wp:term":[{"taxonomy":"product_brand","embeddable":true,"href":"https:\/\/www.qxworld.eu\/pt\/wp-json\/wp\/v2\/product_brand?post=338793"},{"taxonomy":"product_cat","embeddable":true,"href":"https:\/\/www.qxworld.eu\/pt\/wp-json\/wp\/v2\/product_cat?post=338793"},{"taxonomy":"product_tag","embeddable":true,"href":"https:\/\/www.qxworld.eu\/pt\/wp-json\/wp\/v2\/product_tag?post=338793"}],"curies":[{"name":"wp","href":"https:\/\/api.w.org\/{rel}","templated":true}]}}