{"id":346566,"date":"2025-09-22T14:23:32","date_gmt":"2025-09-22T12:23:32","guid":{"rendered":"https:\/\/www.qxworld.eu\/?post_type=product&#038;p=346566"},"modified":"2026-04-07T14:53:44","modified_gmt":"2026-04-07T12:53:44","slug":"webinar-sobre-o-sistema-de-orgaos-da-primavera","status":"publish","type":"product","link":"https:\/\/www.qxworld.eu\/pt\/product\/spring-organ-system-webinar\/","title":{"rendered":"primavera - Webinar sobre o sistema de \u00f3rg\u00e3os"},"content":{"rendered":"<p>Descubra como os rins e a bexiga sustentam a sa\u00fade do sistema urin\u00e1rio, reprodutivo, esquel\u00e9tico e nervoso, preservando as nossas reservas mais profundas de energia.<\/p>","protected":false},"excerpt":{"rendered":"<p>Descubra como os rins e a bexiga sustentam a sa\u00fade do sistema urin\u00e1rio, reprodutivo, esquel\u00e9tico e nervoso, preservando as nossas reservas mais profundas de energia.<\/p>","protected":false},"featured_media":367520,"template":"","meta":{"_acf_changed":false,"_seopress_robots_primary_cat":"none","_seopress_titles_title":"","_seopress_titles_desc":"","_seopress_robots_index":""},"product_brand":[],"product_cat":[101],"product_tag":[],"class_list":{"0":"post-346566","1":"product","2":"type-product","3":"status-publish","4":"has-post-thumbnail","6":"product_cat-ticket","8":"first","9":"instock","10":"virtual","11":"taxable","12":"purchasable","13":"product-type-simple"},"bundled_by":[],"bundle_stock_status":"instock","bundle_stock_quantity":null,"bundle_virtual":false,"bundle_layout":"","bundle_add_to_cart_form_location":"","bundle_editable_in_cart":false,"bundle_sold_individually_context":"","bundle_item_grouping":"","bundle_min_size":"","bundle_max_size":"","bundle_price":[],"bundled_items":[],"bundle_sell_ids":[],"acf":[],"_links":{"self":[{"href":"https:\/\/www.qxworld.eu\/pt\/wp-json\/wp\/v2\/product\/346566","targetHints":{"allow":["GET"]}}],"collection":[{"href":"https:\/\/www.qxworld.eu\/pt\/wp-json\/wp\/v2\/product"}],"about":[{"href":"https:\/\/www.qxworld.eu\/pt\/wp-json\/wp\/v2\/types\/product"}],"wp:featuredmedia":[{"embeddable":true,"href":"https:\/\/www.qxworld.eu\/pt\/wp-json\/wp\/v2\/media\/367520"}],"wp:attachment":[{"href":"https:\/\/www.qxworld.eu\/pt\/wp-json\/wp\/v2\/media?parent=346566"}],"wp:term":[{"taxonomy":"product_brand","embeddable":true,"href":"https:\/\/www.qxworld.eu\/pt\/wp-json\/wp\/v2\/product_brand?post=346566"},{"taxonomy":"product_cat","embeddable":true,"href":"https:\/\/www.qxworld.eu\/pt\/wp-json\/wp\/v2\/product_cat?post=346566"},{"taxonomy":"product_tag","embeddable":true,"href":"https:\/\/www.qxworld.eu\/pt\/wp-json\/wp\/v2\/product_tag?post=346566"}],"curies":[{"name":"wp","href":"https:\/\/api.w.org\/{rel}","templated":true}]}}