{"id":362239,"date":"2026-01-26T13:06:54","date_gmt":"2026-01-26T12:06:54","guid":{"rendered":"https:\/\/www.qxworld.eu\/?post_type=product&#038;p=362239"},"modified":"2026-03-16T16:14:12","modified_gmt":"2026-03-16T15:14:12","slug":"compreender-a-cptsd","status":"publish","type":"product","link":"https:\/\/www.qxworld.eu\/pt\/product\/understanding-cptsd\/","title":{"rendered":"Compreender a CPTSD: Trauma para al\u00e9m de acontecimentos isolados"},"content":{"rendered":"<div data-v-85776206=\"\">\n<div data-v-85776206=\"\">\n<div class=\"split-line topic4Detail-item detail-item\" data-v-102c4052=\"\" data-v-85776206=\"\">\n<div class=\"zm-form-item mgb-md is-no-asterisk\" data-v-102c4052=\"\">\n<div class=\"zm-form-item__content\">\n<p id=\"agenda\" class=\"pdt-xs pdb-xs w-sp\" data-v-102c4052=\"\">A PSPT complexa resulta de um trauma emocional ou relacional cont\u00ednuo e n\u00e3o de um incidente dram\u00e1tico. A CPTSD afecta muitas pessoas e \u00e9 mais comum do que muitas vezes se reconhece. Este webinar explora a forma como se desenvolve, afectando a capacidade de lidar com a vida quotidiana, e como as sess\u00f5es de biofeedback podem ajudar.<\/p>\n<\/div>\n<\/div>\n<\/div>\n<\/div>\n<\/div>","protected":false},"excerpt":{"rendered":"<p>A PSPT complexa resulta de um trauma emocional ou relacional cont\u00ednuo e n\u00e3o de um incidente dram\u00e1tico. A CPTSD afecta muitas pessoas e \u00e9 mais comum do que muitas vezes se reconhece. Este webinar explora a forma como se desenvolve, afectando a capacidade de lidar com a vida quotidiana, e como as sess\u00f5es de biofeedback podem ajudar.<\/p>","protected":false},"featured_media":362240,"template":"","meta":{"_acf_changed":false,"_seopress_robots_primary_cat":"none","_seopress_titles_title":"Fundamentals of equine and canine skeleton.","_seopress_titles_desc":"","_seopress_robots_index":""},"product_brand":[],"product_cat":[101],"product_tag":[],"class_list":{"0":"post-362239","1":"product","2":"type-product","3":"status-publish","4":"has-post-thumbnail","6":"product_cat-ticket","8":"first","9":"instock","10":"virtual","11":"taxable","12":"purchasable","13":"product-type-simple"},"bundled_by":[],"bundle_stock_status":"instock","bundle_stock_quantity":null,"bundle_virtual":false,"bundle_layout":"","bundle_add_to_cart_form_location":"","bundle_editable_in_cart":false,"bundle_sold_individually_context":"","bundle_item_grouping":"","bundle_min_size":"","bundle_max_size":"","bundle_price":[],"bundled_items":[],"bundle_sell_ids":[],"acf":[],"_links":{"self":[{"href":"https:\/\/www.qxworld.eu\/pt\/wp-json\/wp\/v2\/product\/362239","targetHints":{"allow":["GET"]}}],"collection":[{"href":"https:\/\/www.qxworld.eu\/pt\/wp-json\/wp\/v2\/product"}],"about":[{"href":"https:\/\/www.qxworld.eu\/pt\/wp-json\/wp\/v2\/types\/product"}],"wp:featuredmedia":[{"embeddable":true,"href":"https:\/\/www.qxworld.eu\/pt\/wp-json\/wp\/v2\/media\/362240"}],"wp:attachment":[{"href":"https:\/\/www.qxworld.eu\/pt\/wp-json\/wp\/v2\/media?parent=362239"}],"wp:term":[{"taxonomy":"product_brand","embeddable":true,"href":"https:\/\/www.qxworld.eu\/pt\/wp-json\/wp\/v2\/product_brand?post=362239"},{"taxonomy":"product_cat","embeddable":true,"href":"https:\/\/www.qxworld.eu\/pt\/wp-json\/wp\/v2\/product_cat?post=362239"},{"taxonomy":"product_tag","embeddable":true,"href":"https:\/\/www.qxworld.eu\/pt\/wp-json\/wp\/v2\/product_tag?post=362239"}],"curies":[{"name":"wp","href":"https:\/\/api.w.org\/{rel}","templated":true}]}}