{"id":365133,"date":"2026-02-11T11:01:54","date_gmt":"2026-02-11T10:01:54","guid":{"rendered":"https:\/\/www.qxworld.eu\/?post_type=product&#038;p=365133"},"modified":"2026-02-11T11:08:43","modified_gmt":"2026-02-11T10:08:43","slug":"voltar-aos-principios-basicos-homeopatia-e-cuidados-holisticos-parte-5","status":"publish","type":"product","link":"https:\/\/www.qxworld.eu\/pt\/product\/back-to-basics-homeopathy-and-holistic-care-part-5\/","title":{"rendered":"De volta aos princ\u00edpios b\u00e1sicos: Homeopatia e cuidados hol\u00edsticos - Parte 5."},"content":{"rendered":"<p>Ultrapassar o ru\u00eddo - regressar \u00e0 cura ao n\u00edvel das ra\u00edzes com a homeopatia e os cuidados hol\u00edsticos.<\/p>\n<p>Para participar neste webinar, \u00e9 necess\u00e1rio ter uma conta Zoom registada. Pode registar-se <a href=\"https:\/\/zoom.us\/signup\" data-type=\"link\" data-id=\"https:\/\/zoom.us\/signup\"><strong>aqui<\/strong><\/a>. Al\u00e9m disso, note que o registo no webinar ser\u00e1 interrompido 30 minutos antes do in\u00edcio previsto.<\/p>","protected":false},"excerpt":{"rendered":"<p>Ultrapassar o ru\u00eddo - regressar \u00e0 cura pela raiz com a homeopatia e os cuidados hol\u00edsticos. Para participar neste webinar, \u00e9 necess\u00e1rio ter uma conta Zoom registada. Pode registar-se aqui. Al\u00e9m disso, note que o registo no webinar ser\u00e1 interrompido 30 minutos antes do in\u00edcio programado.<\/p>","protected":false},"featured_media":365113,"template":"","meta":{"_acf_changed":false,"_seopress_robots_primary_cat":"none","_seopress_titles_title":"","_seopress_titles_desc":"","_seopress_robots_index":""},"product_brand":[],"product_cat":[101],"product_tag":[],"class_list":{"0":"post-365133","1":"product","2":"type-product","3":"status-publish","4":"has-post-thumbnail","6":"product_cat-ticket","8":"first","9":"instock","10":"virtual","11":"taxable","12":"purchasable","13":"product-type-simple"},"bundled_by":[],"bundle_stock_status":"instock","bundle_stock_quantity":null,"bundle_virtual":false,"bundle_layout":"","bundle_add_to_cart_form_location":"","bundle_editable_in_cart":false,"bundle_sold_individually_context":"","bundle_item_grouping":"","bundle_min_size":"","bundle_max_size":"","bundle_price":[],"bundled_items":[],"bundle_sell_ids":[],"acf":[],"_links":{"self":[{"href":"https:\/\/www.qxworld.eu\/pt\/wp-json\/wp\/v2\/product\/365133","targetHints":{"allow":["GET"]}}],"collection":[{"href":"https:\/\/www.qxworld.eu\/pt\/wp-json\/wp\/v2\/product"}],"about":[{"href":"https:\/\/www.qxworld.eu\/pt\/wp-json\/wp\/v2\/types\/product"}],"wp:featuredmedia":[{"embeddable":true,"href":"https:\/\/www.qxworld.eu\/pt\/wp-json\/wp\/v2\/media\/365113"}],"wp:attachment":[{"href":"https:\/\/www.qxworld.eu\/pt\/wp-json\/wp\/v2\/media?parent=365133"}],"wp:term":[{"taxonomy":"product_brand","embeddable":true,"href":"https:\/\/www.qxworld.eu\/pt\/wp-json\/wp\/v2\/product_brand?post=365133"},{"taxonomy":"product_cat","embeddable":true,"href":"https:\/\/www.qxworld.eu\/pt\/wp-json\/wp\/v2\/product_cat?post=365133"},{"taxonomy":"product_tag","embeddable":true,"href":"https:\/\/www.qxworld.eu\/pt\/wp-json\/wp\/v2\/product_tag?post=365133"}],"curies":[{"name":"wp","href":"https:\/\/api.w.org\/{rel}","templated":true}]}}